{"id":23525,"date":"2025-04-16T08:47:16","date_gmt":"2025-04-16T05:47:16","guid":{"rendered":"https:\/\/filtri.fi\/radering-av-uppgifter\/"},"modified":"2026-01-26T15:16:34","modified_gmt":"2026-01-26T13:16:34","slug":"radering-av-uppgifter","status":"publish","type":"page","link":"https:\/\/filtri.fi\/sv\/radering-av-uppgifter\/","title":{"rendered":"Radering av uppgifter"},"content":{"rendered":"\n<p>Vi tar anv\u00e4ndarnas integritet p\u00e5 allvar. Om du har anv\u00e4nt v\u00e5r app och vill att dina personuppgifter ska raderas, v\u00e4nligen f\u00f6lj stegen nedan. <\/p>\n\n<h3 class=\"wp-block-heading\">Instruktioner f\u00f6r radering av data<\/h3>\n\n<p>F\u00f6r att beg\u00e4ra radering av dina personuppgifter:<\/p>\n\n<ol class=\"wp-block-list\">\n<li>Skicka ett e-postmeddelande till <a class=\"\">info@filtrupasaulis.lt<\/a> med \u00e4mnesraden: <strong>Beg\u00e4ran om radering av uppgifter<\/strong>.<\/li>\n\n\n\n<li>Inkludera f\u00f6ljande uppgifter i ditt meddelande:\n<ul class=\"wp-block-list\">\n<li>Ditt fullst\u00e4ndiga namn<\/li>\n\n\n\n<li>E-postadressen som \u00e4r kopplad till ditt konto eller din appanv\u00e4ndning<\/li>\n\n\n\n<li>En kort beskrivning av din beg\u00e4ran (valfritt)<\/li>\n<\/ul>\n<\/li>\n\n\n\n<li>V\u00e5rt team kommer att granska och behandla din beg\u00e4ran inom <strong>7 arbetsdagar.<\/strong> N\u00e4r det \u00e4r klart kommer vi att bekr\u00e4fta att dina uppgifter har raderats. <\/li>\n<\/ol>\n\n<h3 class=\"wp-block-heading\">Viktiga anm\u00e4rkningar<\/h3>\n\n<ul class=\"wp-block-list\">\n<li>N\u00e4r dina data har raderats kan de inte \u00e5terst\u00e4llas.<\/li>\n\n\n\n<li>Vi kan beh\u00e5lla viss information n\u00e4r det kr\u00e4vs f\u00f6r att uppfylla r\u00e4ttsliga eller regulatoriska skyldigheter.<\/li>\n<\/ul>\n","protected":false},"excerpt":{"rendered":"<p>Vi tar anv\u00e4ndarnas integritet p\u00e5 allvar. Om du har anv\u00e4nt v\u00e5r app och vill att dina personuppgifter ska raderas, v\u00e4nligen f\u00f6lj stegen nedan. Instruktioner f\u00f6r radering av data F\u00f6r att beg\u00e4ra radering av dina personuppgifter: Viktiga anm\u00e4rkningar<\/p>\n","protected":false},"author":2,"featured_media":0,"parent":0,"menu_order":0,"comment_status":"closed","ping_status":"closed","template":"","meta":{"footnotes":""},"class_list":["post-23525","page","type-page","status-publish","hentry"],"_links":{"self":[{"href":"https:\/\/filtri.fi\/sv\/wp-json\/wp\/v2\/pages\/23525","targetHints":{"allow":["GET"]}}],"collection":[{"href":"https:\/\/filtri.fi\/sv\/wp-json\/wp\/v2\/pages"}],"about":[{"href":"https:\/\/filtri.fi\/sv\/wp-json\/wp\/v2\/types\/page"}],"author":[{"embeddable":true,"href":"https:\/\/filtri.fi\/sv\/wp-json\/wp\/v2\/users\/2"}],"replies":[{"embeddable":true,"href":"https:\/\/filtri.fi\/sv\/wp-json\/wp\/v2\/comments?post=23525"}],"version-history":[{"count":1,"href":"https:\/\/filtri.fi\/sv\/wp-json\/wp\/v2\/pages\/23525\/revisions"}],"predecessor-version":[{"id":23527,"href":"https:\/\/filtri.fi\/sv\/wp-json\/wp\/v2\/pages\/23525\/revisions\/23527"}],"wp:attachment":[{"href":"https:\/\/filtri.fi\/sv\/wp-json\/wp\/v2\/media?parent=23525"}],"curies":[{"name":"wp","href":"https:\/\/api.w.org\/{rel}","templated":true}]}}