{"id":23528,"date":"2025-08-06T05:33:52","date_gmt":"2025-08-06T02:33:52","guid":{"rendered":"https:\/\/filtri.fi\/foretagskunder\/"},"modified":"2026-01-26T15:16:35","modified_gmt":"2026-01-26T13:16:35","slug":"foretagskunder","status":"publish","type":"page","link":"https:\/\/filtri.fi\/sv\/foretagskunder\/","title":{"rendered":"F\u00f6retagskunder"},"content":{"rendered":"\n<h3 class=\"wp-block-heading\">EU-kunder och moms<\/h3>\n\n<p>F\u00f6r v\u00e5ra kunder inom Europeiska unionen med ett giltigt momsregistreringsnummer visas priserna i kassan automatiskt utan moms (0%). Se till att ditt momsregistreringsnummer \u00e4r giltigt f\u00f6r att omfattas av denna skattebefrielse. <\/p>\n\n<h3 class=\"wp-block-heading\">Bulkbest\u00e4llningar och rabatter<\/h3>\n\n<p>Om du vill k\u00f6pa fler \u00e4n 4 filterupps\u00e4ttningar, v\u00e4nligen kontakta oss. Vi diskuterar g\u00e4rna ytterligare rabatter f\u00f6r st\u00f6rre best\u00e4llningar f\u00f6r att st\u00f6dja dina aff\u00e4rsbehov. <\/p>\n\n<h3 class=\"wp-block-heading\">Brett produktsortiment och kundanpassade alternativ<\/h3>\n\n<p>Tack vare v\u00e5rt omfattande n\u00e4tverk av tillverkare och leverant\u00f6rer kan vi tillhandah\u00e5lla luftfilter i stort sett i alla storlekar, kvaliteter och filterklasser. Om du beh\u00f6ver en stor m\u00e4ngd eller en specifik typ av filter som inte finns p\u00e5 v\u00e5r webbplats kan vi ordna det \u00e5t dig enligt dina specifika behov. <\/p>\n\n<h3 class=\"wp-block-heading\">Moms- och proformafakturor<\/h3>\n\n<p><strong>Momsfakturor<\/strong> skickas automatiskt via e-post efter varje k\u00f6p. V\u00e4nligen kontrollera din inkorg (och skr\u00e4ppostmapp) innan du kontaktar oss f\u00f6r att h\u00e5lla kommunikationen tydlig och effektiv. F\u00f6r din bekv\u00e4mlighet kan en <strong>proformafaktura<\/strong> ordnas p\u00e5 beg\u00e4ran. Kontakta oss med n\u00f6dv\u00e4ndiga uppgifter, s\u00e5 skickar vi din best\u00e4llning n\u00e4r betalningen har mottagits.   <\/p>\n","protected":false},"excerpt":{"rendered":"<p>EU-kunder och moms F\u00f6r v\u00e5ra kunder inom Europeiska unionen med ett giltigt momsregistreringsnummer visas priserna i kassan automatiskt utan moms (0%). Se till att ditt momsregistreringsnummer \u00e4r giltigt f\u00f6r att omfattas av denna skattebefrielse. Bulkbest\u00e4llningar och rabatter Om du vill k\u00f6pa fler \u00e4n 4 filterupps\u00e4ttningar, v\u00e4nligen kontakta oss. Vi diskuterar g\u00e4rna ytterligare rabatter f\u00f6r st\u00f6rre [&hellip;]<\/p>\n","protected":false},"author":9,"featured_media":0,"parent":0,"menu_order":0,"comment_status":"closed","ping_status":"closed","template":"","meta":{"footnotes":""},"class_list":["post-23528","page","type-page","status-publish","hentry"],"_links":{"self":[{"href":"https:\/\/filtri.fi\/sv\/wp-json\/wp\/v2\/pages\/23528","targetHints":{"allow":["GET"]}}],"collection":[{"href":"https:\/\/filtri.fi\/sv\/wp-json\/wp\/v2\/pages"}],"about":[{"href":"https:\/\/filtri.fi\/sv\/wp-json\/wp\/v2\/types\/page"}],"author":[{"embeddable":true,"href":"https:\/\/filtri.fi\/sv\/wp-json\/wp\/v2\/users\/9"}],"replies":[{"embeddable":true,"href":"https:\/\/filtri.fi\/sv\/wp-json\/wp\/v2\/comments?post=23528"}],"version-history":[{"count":1,"href":"https:\/\/filtri.fi\/sv\/wp-json\/wp\/v2\/pages\/23528\/revisions"}],"predecessor-version":[{"id":23530,"href":"https:\/\/filtri.fi\/sv\/wp-json\/wp\/v2\/pages\/23528\/revisions\/23530"}],"wp:attachment":[{"href":"https:\/\/filtri.fi\/sv\/wp-json\/wp\/v2\/media?parent=23528"}],"curies":[{"name":"wp","href":"https:\/\/api.w.org\/{rel}","templated":true}]}}