{"id":23540,"date":"2025-02-10T13:46:57","date_gmt":"2025-02-10T11:46:57","guid":{"rendered":"https:\/\/filtri.fi\/om-oss\/"},"modified":"2026-01-26T15:16:39","modified_gmt":"2026-01-26T13:16:39","slug":"om-oss","status":"publish","type":"page","link":"https:\/\/filtri.fi\/sv\/om-oss\/","title":{"rendered":"Om oss"},"content":{"rendered":"\n<h3 class=\"wp-block-heading\">Vilka \u00e4r vi?<\/h3>\n\n<p>Vi tar ett ansvarsfullt f\u00f6rh\u00e5llningss\u00e4tt till luftf\u00f6roreningar och den luft vi andas. Det \u00e4r d\u00e4rf\u00f6r vi har skapat en specialiserad onlinebutik som \u00e4r dedikerad till MVHR-enhetens filter. V\u00e5rt m\u00e5l \u00e4r att tillhandah\u00e5lla MVHR-filter av h\u00f6gsta kvalitet till ett \u00f6verkomligt pris. Att hitta, k\u00f6pa och ta emot filter ska vara enkelt och bekv\u00e4mt. Genom att arbeta med betrodda filtertillverkare och distribut\u00f6rer i hela Europa erbjuder vi b\u00e5de originalfilter och v\u00e5ra noggrant utvecklade MVHR-filter av eget m\u00e4rke &#8211; alla tillverkade av h\u00f6gkvalitativa material och producerade i enlighet med strikta ISO 16890-standarder f\u00f6r att s\u00e4kerst\u00e4lla enast\u00e5ende filtreringsprestanda och tillf\u00f6rlitlighet.    <\/p>\n\n<p>V\u00e5rt m\u00e5l \u00e4r att h\u00e5lla luften i ditt hem ren och h\u00e4lsosam samtidigt som vi ser till att din MVHR-enhet fungerar med h\u00f6gsta effektivitet. Varje filter \u00e4r utformat f\u00f6r att skydda ditt ventilationssystem, f\u00f6rl\u00e4nga dess livsl\u00e4ngd och f\u00f6rb\u00e4ttra inomhusluftens kvalitet.   <\/p>\n\n<p>Hur kommer v\u00e5r onlinebutik att bidra till att s\u00e4kerst\u00e4lla detta?<\/p>\n\n<h3 class=\"wp-block-heading\">Lojalitetsprogram: Det b\u00e4sta v\u00e4rdet f\u00f6r v\u00e5ra lojala kunder<\/h3>\n\n<p>Vi anser att din lojalitet f\u00f6rtj\u00e4nar att bel\u00f6nas. Det \u00e4r d\u00e4rf\u00f6r vi har utformat ett <strong>lojalitetsprogram<\/strong> f\u00f6r att erbjuda dig det b\u00e4sta f\u00f6rh\u00e5llandet mellan pris, service och kvalitet varje g\u00e5ng du handlar hos oss. Mer om lojalitetsprogrammet:  <\/p>\n\n<ul class=\"wp-block-list\">\n<li>Vid varje k\u00f6p tj\u00e4nar du po\u00e4ng som kan l\u00f6sas in mot rabatter p\u00e5 framtida best\u00e4llningar;<\/li>\n\n\n\n<li>F\u00f6r att hj\u00e4lpa dig att h\u00e5lla ditt ventilationssystem ig\u00e5ng skickar vi ocks\u00e5 en v\u00e4nlig p\u00e5minnelse var 90:e dag n\u00e4r det \u00e4r dags att byta filter;<\/li>\n\n\n\n<li>Ta del av regelbundna kampanjer och rabatter som endast g\u00e4ller medlemmar, s\u00e5 att du alltid kan f\u00e5 dina MVHR-filter till b\u00e4sta pris;<\/li>\n\n\n\n<li>Njut av <strong>rabatter p\u00e5 upp till 15%<\/strong> n\u00e4r du k\u00f6per mer \u00e4n ett av samma filter;<\/li>\n<\/ul>\n\n<p>F\u00f6r mer detaljerad information om hur du tj\u00e4nar, l\u00f6ser in och hanterar Lojalitetspo\u00e4ng, se v\u00e5r s\u00e4rskilda <strong>sida om Lojalitetsprogrammet<\/strong>.<\/p>\n\n<h3 class=\"wp-block-heading\">V\u00e5r garanti f\u00f6r kvalitet och tillf\u00f6rlitlighet<\/h3>\n\n<p>Njut av fri frakt p\u00e5 alla best\u00e4llningar \u00f6ver \u20ac100! De flesta best\u00e4llningar <strong>skickas inom 24-48 timmar<\/strong>, s\u00e5 att du snabbt f\u00e5r det du beh\u00f6ver.   <\/p>\n\n<p>Om du inte \u00e4r helt n\u00f6jd kan du returnera valfri produkt inom <strong>30 dagar<\/strong> och f\u00e5 pengarna tillbaka &#8211; utan att st\u00e4lla n\u00e5gra fr\u00e5gor! Dessutom t\u00e4cker vi alla returfraktkostnader. <\/p>\n\n<p>Vi erbjuder ett brett urval av h\u00f6gpresterande ers\u00e4ttningsfilter som \u00e4r kompatibla med <strong>alla st\u00f6rre ventilationsm\u00e4rken<\/strong>.<\/p>\n\n<p>Vi \u00e4r mer \u00e4n bara en onlinebutik f\u00f6r MVHR-filter &#8211; vi \u00e4r passionerade f\u00f6respr\u00e5kare f\u00f6r ren luft och ventilationssystem. V\u00e5rt kunniga team \u00e4r alltid tillg\u00e4ngligt f\u00f6r att hj\u00e4lpa dig med alla ventilationsrelaterade fr\u00e5gor och v\u00e4gleda dig i valet av det perfekta filtret f\u00f6r din MVHR-enhet. Svaren p\u00e5 de vanligaste fr\u00e5gorna finns i v\u00e5r <strong>FAQ-sektion<\/strong>.  <\/p>\n\n<p>Om du har ytterligare fr\u00e5gor \u00e4r du v\u00e4lkommen att kontakta oss via chatten nedan eller anv\u00e4nda <strong>kontaktformul\u00e4ret<\/strong>. Vi \u00e4r alltid glada att kunna hj\u00e4lpa till! <\/p>\n","protected":false},"excerpt":{"rendered":"<p>Vilka \u00e4r vi? Vi tar ett ansvarsfullt f\u00f6rh\u00e5llningss\u00e4tt till luftf\u00f6roreningar och den luft vi andas. Det \u00e4r d\u00e4rf\u00f6r vi har skapat en specialiserad onlinebutik som \u00e4r dedikerad till MVHR-enhetens filter. V\u00e5rt m\u00e5l \u00e4r att tillhandah\u00e5lla MVHR-filter av h\u00f6gsta kvalitet till ett \u00f6verkomligt pris. Att hitta, k\u00f6pa och ta emot filter ska vara enkelt och bekv\u00e4mt. [&hellip;]<\/p>\n","protected":false},"author":2,"featured_media":0,"parent":0,"menu_order":0,"comment_status":"closed","ping_status":"closed","template":"","meta":{"footnotes":""},"class_list":["post-23540","page","type-page","status-publish","hentry"],"_links":{"self":[{"href":"https:\/\/filtri.fi\/sv\/wp-json\/wp\/v2\/pages\/23540","targetHints":{"allow":["GET"]}}],"collection":[{"href":"https:\/\/filtri.fi\/sv\/wp-json\/wp\/v2\/pages"}],"about":[{"href":"https:\/\/filtri.fi\/sv\/wp-json\/wp\/v2\/types\/page"}],"author":[{"embeddable":true,"href":"https:\/\/filtri.fi\/sv\/wp-json\/wp\/v2\/users\/2"}],"replies":[{"embeddable":true,"href":"https:\/\/filtri.fi\/sv\/wp-json\/wp\/v2\/comments?post=23540"}],"version-history":[{"count":1,"href":"https:\/\/filtri.fi\/sv\/wp-json\/wp\/v2\/pages\/23540\/revisions"}],"predecessor-version":[{"id":23541,"href":"https:\/\/filtri.fi\/sv\/wp-json\/wp\/v2\/pages\/23540\/revisions\/23541"}],"wp:attachment":[{"href":"https:\/\/filtri.fi\/sv\/wp-json\/wp\/v2\/media?parent=23540"}],"curies":[{"name":"wp","href":"https:\/\/api.w.org\/{rel}","templated":true}]}}