{"id":23548,"date":"2025-02-10T13:47:26","date_gmt":"2025-02-10T11:47:26","guid":{"rendered":"https:\/\/filtri.fi\/lojalitetsprogram\/"},"modified":"2026-01-26T15:21:10","modified_gmt":"2026-01-26T13:21:10","slug":"lojalitetsprogram","status":"publish","type":"page","link":"https:\/\/filtri.fi\/sv\/lojalitetsprogram\/","title":{"rendered":"Lojalitetsprogram"},"content":{"rendered":"\n<h2 class=\"wp-block-heading\">Vad \u00e4r po\u00e4ng?<\/h2>\n\n<p>Po\u00e4ng \u00e4r v\u00e5rt enkla s\u00e4tt att bel\u00f6na dig f\u00f6r att du handlar hos oss. Du kan samla po\u00e4ng i samband med dina ink\u00f6p och anv\u00e4nda dem som rabatt p\u00e5 framtida best\u00e4llningar i v\u00e5r webbutik. Dina po\u00e4ng <strong>f\u00f6rfaller aldrig<\/strong>.  <\/p>\n\n<p><strong>1 po\u00e4ng = 0,01 euro<\/strong><\/p>\n\n<p>Du ser exakt hur m\u00e5nga po\u00e4ng du har tillg\u00e4ngliga och hur m\u00e5nga du kan anv\u00e4nda n\u00e4r du l\u00e4gger en order, under ordergranskningssteget. Du kan ocks\u00e5 se dem p\u00e5 ditt konto n\u00e4r som helst. <\/p>\n\n<h3 class=\"wp-block-heading\">Hur tj\u00e4nar jag po\u00e4ng?<\/h3>\n\n<p>Du kan tj\u00e4na po\u00e4ng p\u00e5 flera olika s\u00e4tt:<\/p>\n\n<ol class=\"wp-block-list\">\n<li><strong>Skapa ett konto<\/strong>. F\u00f6r att g\u00e5 med i v\u00e5rt lojalitetsprogram m\u00e5ste du registrera ett konto. Varje ny medlem f\u00e5r <strong>200 po\u00e4ng vid registreringen<\/strong>. Du kan klicka p\u00e5 \"Registrera dig\" och registrera dig med ditt befintliga Google- eller Facebook-konto; eller skapa ett nytt konto i kassan genom att helt enkelt ange ett l\u00f6senord.   <\/li>\n\n\n\n<li><strong>G\u00f6r en best\u00e4llning<\/strong>. F\u00f6r varje k\u00f6p tj\u00e4nar du po\u00e4ng som cashback. Procentsatsen varierar mellan 3 % och 5 %, beroende p\u00e5 din niv\u00e5. Den exakta procentsatsen och hur du g\u00e5r upp i niv\u00e5 f\u00f6rklaras i avsnittet <em>Niv\u00e5er <\/em>l\u00e4ngre fram p\u00e5 denna sida.   <\/li>\n\n\n\n<li><strong>Skriv en recension<\/strong>. N\u00e4r du l\u00e4mnar en recension <strong>p\u00e5 v\u00e5r webbplats<\/strong> f\u00e5r du automatiskt <strong>200 po\u00e4ng<\/strong> f\u00f6r varje godk\u00e4nd produktrecension. Vi uppskattar ocks\u00e5 recensioner <strong>p\u00e5 externa plattformar<\/strong> (t.ex. Trustpilot) &#8211; skicka oss bara bevis p\u00e5 din recension, och efter verifiering kommer 200 po\u00e4ng att l\u00e4ggas till p\u00e5 ditt konto.  <\/li>\n\n\n\n<li><strong>Ta emot specialerbjudanden Nyhetsbrev<\/strong>. Dra nytta av v\u00e5ra specialkampanjer d\u00e4r du kan tj\u00e4na extra po\u00e4ng! Registrera dig f\u00f6r v\u00e5rt nyhetsbrev f\u00f6r att h\u00e5lla dig informerad om exklusiva erbjudanden och tidsbegr\u00e4nsade m\u00f6jligheter.  <\/li>\n<\/ol>\n\n<h3 class=\"wp-block-heading\">Niv\u00e5er<\/h3>\n\n<p>Din Tier-niv\u00e5 v\u00e4xer automatiskt baserat p\u00e5 dina totala utgifter hos oss. V\u00e5rt lojalitetsprogram har 3 niv\u00e5er: <\/p>\n\n<ul class=\"wp-block-list\">\n<li><strong>Tier 1<\/strong> &#8211; standardniv\u00e5n f\u00f6r alla nya medlemmar vid registrering, du tj\u00e4nar 3% cashback p\u00e5 varje k\u00f6p.<\/li>\n\n\n\n<li><strong>Niv\u00e5 2<\/strong> &#8211; l\u00e5ses upp n\u00e4r dina totala utgifter n\u00e5r \u20ac 100, du tj\u00e4nar 4% cashback p\u00e5 varje k\u00f6p.<\/li>\n\n\n\n<li><strong>Niv\u00e5 3<\/strong> &#8211; l\u00e5ses upp n\u00e4r dina totala utgifter n\u00e5r \u20ac 300, du tj\u00e4nar 5% cashback p\u00e5 varje k\u00f6p.<\/li>\n<\/ul>\n\n<h3 class=\"wp-block-heading\">F\u00f6rm\u00e5ner inom lojalitetsprogram<\/h3>\n\n<p>Som en uppskattad lojalitetsmedlem f\u00e5r du n\u00e5gra anv\u00e4ndbara extra f\u00f6rm\u00e5ner f\u00f6r att f\u00f6rb\u00e4ttra din upplevelse:<\/p>\n\n<ul class=\"wp-block-list\">\n<li><strong>Nyttiga p\u00e5<\/strong>minnelser: var 90:e dag skickar vi ett e-postmeddelande som p\u00e5minner dig om att byta filter &#8211; det hj\u00e4lper dig att h\u00e5lla din enhet v\u00e4l underh\u00e5llen samtidigt som du s\u00e4kerst\u00e4ller optimal luftkvalitet och systemprestanda. Vi uppdaterar dig ocks\u00e5 om ditt po\u00e4ngsaldo (b\u00e5de i po\u00e4ng och euro). <\/li>\n\n\n\n<li><strong>Exklusiva erbjudanden<\/strong>: f\u00e5 tillg\u00e5ng till s\u00e4rskilda rabatter och kampanjer som endast g\u00e4ller medlemmar.<\/li>\n<\/ul>\n\n<p>Vi ser till att v\u00e5ra meddelanden \u00e4r relevanta och anv\u00e4ndbara och h\u00e5ller dig informerad utan att fylla din inkorg.<\/p>\n\n<h3 class=\"wp-block-heading\">Preferenser f\u00f6r e-post<\/h3>\n\n<p>Genom att g\u00e5 med i v\u00e5rt lojalitetsprogram samtycker du till att f\u00e5 uppdateringar om ditt po\u00e4ngsaldo (intj\u00e4nade och f\u00f6rbrukade), p\u00e5minnelser om filterbyte och exklusiva erbjudanden. Om du f\u00f6redrar att inte f\u00e5 dessa e-postmeddelanden men \u00e4nd\u00e5 vill f\u00f6rbli medlem kan du n\u00e4r som helst avsluta prenumerationen med hj\u00e4lp av l\u00e4nken i e-postens sidfot. <\/p>\n\n<div class=\"wp-block-buttons is-layout-flex wp-block-buttons-is-layout-flex\">\n<div class=\"wp-block-button is-style-fill\"><a class=\"wp-block-button__link has-white-color has-text-color has-background has-link-color wp-element-button\" href=\"https:\/\/filtriturg.ee\/en\/register\/\" style=\"border-radius:10px;background-color:#1275b8\" target=\"_blank\" rel=\"noopener\">Registrera dig f\u00f6r lojalitetsprogram<\/a><\/div>\n<\/div>\n","protected":false},"excerpt":{"rendered":"<p>Vad \u00e4r po\u00e4ng? Po\u00e4ng \u00e4r v\u00e5rt enkla s\u00e4tt att bel\u00f6na dig f\u00f6r att du handlar hos oss. Du kan samla po\u00e4ng i samband med dina ink\u00f6p och anv\u00e4nda dem som rabatt p\u00e5 framtida best\u00e4llningar i v\u00e5r webbutik. Dina po\u00e4ng f\u00f6rfaller aldrig. 1 po\u00e4ng = 0,01 euro Du ser exakt hur m\u00e5nga po\u00e4ng du har tillg\u00e4ngliga [&hellip;]<\/p>\n","protected":false},"author":2,"featured_media":0,"parent":0,"menu_order":0,"comment_status":"closed","ping_status":"closed","template":"","meta":{"footnotes":""},"class_list":["post-23548","page","type-page","status-publish","hentry"],"_links":{"self":[{"href":"https:\/\/filtri.fi\/sv\/wp-json\/wp\/v2\/pages\/23548","targetHints":{"allow":["GET"]}}],"collection":[{"href":"https:\/\/filtri.fi\/sv\/wp-json\/wp\/v2\/pages"}],"about":[{"href":"https:\/\/filtri.fi\/sv\/wp-json\/wp\/v2\/types\/page"}],"author":[{"embeddable":true,"href":"https:\/\/filtri.fi\/sv\/wp-json\/wp\/v2\/users\/2"}],"replies":[{"embeddable":true,"href":"https:\/\/filtri.fi\/sv\/wp-json\/wp\/v2\/comments?post=23548"}],"version-history":[{"count":1,"href":"https:\/\/filtri.fi\/sv\/wp-json\/wp\/v2\/pages\/23548\/revisions"}],"predecessor-version":[{"id":23549,"href":"https:\/\/filtri.fi\/sv\/wp-json\/wp\/v2\/pages\/23548\/revisions\/23549"}],"wp:attachment":[{"href":"https:\/\/filtri.fi\/sv\/wp-json\/wp\/v2\/media?parent=23548"}],"curies":[{"name":"wp","href":"https:\/\/api.w.org\/{rel}","templated":true}]}}