{"id":23562,"date":"2025-08-06T05:34:28","date_gmt":"2025-08-06T02:34:28","guid":{"rendered":"https:\/\/filtri.fi\/filtergrupp-natverk\/"},"modified":"2026-01-26T15:18:07","modified_gmt":"2026-01-26T13:18:07","slug":"filtergrupp-natverk","status":"publish","type":"page","link":"https:\/\/filtri.fi\/sv\/filtergrupp-natverk\/","title":{"rendered":"Filtergrupp N\u00e4tverk"},"content":{"rendered":"\n<p>Vi p\u00e5 <strong>Filtri turg<\/strong> bryr oss om luften du andas &#8211; var du \u00e4n befinner dig. Genom v\u00e5rt n\u00e4tverk av lokala butiker \u00f6ver hela Europa kan vi erbjuda b\u00e5de original- och alternativa MVHR-filter till \u00f6verkomliga priser. <\/p>\n\n<p><strong>Varje butik \u00e4r skr\u00e4ddarsydd f\u00f6r sitt land<\/strong> och erbjuder st\u00f6d f\u00f6r lokala spr\u00e5k, regional frakt och betalningsalternativ som du litar p\u00e5. Genom att arbeta med p\u00e5litliga tillverkare och f\u00f6rst\u00e5 varje marknads behov s\u00e4kerst\u00e4ller vi en smidig,<strong> kundorienterad upplevelse <\/strong>som g\u00f6r oss till din go-to filterpartner p\u00e5 varje plats d\u00e4r vi finns. <\/p>\n\n<div class=\"wp-block-columns is-layout-flex wp-container-core-columns-is-layout-9d6595d7 wp-block-columns-is-layout-flex\">\n<div class=\"wp-block-column is-layout-flow wp-block-column-is-layout-flow\" style=\"flex-basis:25%\">\n<div class=\"wp-block-group is-nowrap is-layout-flex wp-container-core-group-is-layout-ad2f72ca wp-block-group-is-layout-flex\">\n<figure class=\"wp-block-image size-full is-resized\"><img decoding=\"async\" width=\"100\" height=\"100\" src=\"https:\/\/filtriturg.ee\/wp-content\/uploads\/2025\/09\/lithuania-1-100x100.png.webp\" alt=\"\" class=\"wp-image-19721\" style=\"width:65px\"\/><\/figure>\n\n\n\n<h4 class=\"wp-block-heading\"><a href=\"https:\/\/filtriturg.ee\" target=\"_blank\" rel=\"noopener\">Filtrupasaulis.lt<\/a><\/h4>\n<\/div>\n\n\n\n<p>Spr\u00e5k: litauiska Litauiska, ryska, engelska<\/p>\n<\/div>\n\n\n\n<div class=\"wp-block-column is-layout-flow wp-block-column-is-layout-flow\" style=\"flex-basis:25%\">\n<div class=\"wp-block-group is-nowrap is-layout-flex wp-container-core-group-is-layout-ad2f72ca wp-block-group-is-layout-flex\">\n<figure class=\"wp-block-image size-full is-resized\"><img decoding=\"async\" width=\"100\" height=\"100\" src=\"https:\/\/filtriturg.ee\/wp-content\/uploads\/2025\/09\/latvia-1-100x100.png.webp\" alt=\"\" class=\"wp-image-19758\" style=\"width:65px\"\/><\/figure>\n\n\n\n<h4 class=\"wp-block-heading\"><a href=\"https:\/\/filtrupasaule.lv\/\" target=\"_blank\" rel=\"noopener\">Filtrupasaule.lv<\/a><\/h4>\n<\/div>\n\n\n\n<p>Spr\u00e5k: Lettiska Lettiska, ryska, engelska<\/p>\n<\/div>\n\n\n\n<div class=\"wp-block-column is-layout-flow wp-block-column-is-layout-flow\" style=\"flex-basis:25%\">\n<div class=\"wp-block-group is-nowrap is-layout-flex wp-container-core-group-is-layout-ad2f72ca wp-block-group-is-layout-flex\">\n<figure class=\"wp-block-image size-full is-resized\"><img decoding=\"async\" width=\"512\" height=\"512\" src=\"https:\/\/filtriturg.ee\/wp-content\/uploads\/2025\/09\/estonia.png\" alt=\"\" class=\"wp-image-19718\" style=\"width:65px\" srcset=\"https:\/\/filtri.fi\/wp-content\/uploads\/2025\/09\/estonia.png 512w, https:\/\/filtri.fi\/wp-content\/uploads\/2025\/09\/estonia-300x300.png 300w, https:\/\/filtri.fi\/wp-content\/uploads\/2025\/09\/estonia-150x150.png 150w, https:\/\/filtri.fi\/wp-content\/uploads\/2025\/09\/estonia-100x100.png 100w\" sizes=\"(max-width: 512px) 100vw, 512px\" \/><\/figure>\n\n\n\n<h4 class=\"wp-block-heading\"><a href=\"https:\/\/filtriturg.ee\/\" target=\"_blank\" rel=\"noopener\">Filtriturg.ee<\/a><\/h4>\n<\/div>\n\n\n\n<p>Spr\u00e5k: estniska Estniska, ryska, engelska<\/p>\n<\/div>\n\n\n\n<div class=\"wp-block-column is-layout-flow wp-block-column-is-layout-flow\" style=\"flex-basis:25%\">\n<div class=\"wp-block-group is-nowrap is-layout-flex wp-container-core-group-is-layout-ad2f72ca wp-block-group-is-layout-flex\">\n<figure class=\"wp-block-image size-full is-resized\"><img decoding=\"async\" width=\"512\" height=\"512\" src=\"https:\/\/filtriturg.ee\/wp-content\/uploads\/2025\/09\/finland.png\" alt=\"\" class=\"wp-image-19700\" style=\"width:65px\" srcset=\"https:\/\/filtri.fi\/wp-content\/uploads\/2025\/09\/finland.png 512w, https:\/\/filtri.fi\/wp-content\/uploads\/2025\/09\/finland-300x300.png 300w, https:\/\/filtri.fi\/wp-content\/uploads\/2025\/09\/finland-150x150.png 150w, https:\/\/filtri.fi\/wp-content\/uploads\/2025\/09\/finland-100x100.png 100w\" sizes=\"(max-width: 512px) 100vw, 512px\" \/><\/figure>\n\n\n\n<h4 class=\"wp-block-heading\"><a href=\"https:\/\/filtri.fi\">Filtri.fi<\/a><\/h4>\n<\/div>\n\n\n\n<p>Spr\u00e5k: finska, svenska, engelska Finska, Svenska, Engelska<\/p>\n<\/div>\n<\/div>\n\n<div class=\"wp-block-columns is-layout-flex wp-container-core-columns-is-layout-9d6595d7 wp-block-columns-is-layout-flex\">\n<div class=\"wp-block-column is-layout-flow wp-block-column-is-layout-flow\" style=\"flex-basis:25%\">\n<div class=\"wp-block-group is-nowrap is-layout-flex wp-container-core-group-is-layout-ad2f72ca wp-block-group-is-layout-flex\">\n<figure class=\"wp-block-image size-full is-resized\"><img decoding=\"async\" width=\"512\" height=\"512\" src=\"https:\/\/filtriturg.ee\/wp-content\/uploads\/2025\/09\/sweden.png\" alt=\"\" class=\"wp-image-19703\" style=\"width:65px\" srcset=\"https:\/\/filtri.fi\/wp-content\/uploads\/2025\/09\/sweden.png 512w, https:\/\/filtri.fi\/wp-content\/uploads\/2025\/09\/sweden-300x300.png 300w, https:\/\/filtri.fi\/wp-content\/uploads\/2025\/09\/sweden-150x150.png 150w, https:\/\/filtri.fi\/wp-content\/uploads\/2025\/09\/sweden-100x100.png 100w\" sizes=\"(max-width: 512px) 100vw, 512px\" \/><\/figure>\n\n\n\n<h4 class=\"wp-block-heading\"><a href=\"https:\/\/filtri.se\/\" target=\"_blank\" rel=\"noopener\"><\/a><a href=\"https:\/\/filtri.se\/\" target=\"_blank\" rel=\"noreferrer noopener\">Filtri.se<\/a><\/h4>\n<\/div>\n\n\n\n<p>Spr\u00e5k: svenska, finska, engelska Svenska, Finska, Engelska<\/p>\n<\/div>\n\n\n\n<div class=\"wp-block-column is-layout-flow wp-block-column-is-layout-flow\" style=\"flex-basis:25%\">\n<div class=\"wp-block-group is-nowrap is-layout-flex wp-container-core-group-is-layout-ad2f72ca wp-block-group-is-layout-flex\">\n<figure class=\"wp-block-image size-full is-resized\"><img decoding=\"async\" width=\"512\" height=\"512\" src=\"https:\/\/filtriturg.ee\/wp-content\/uploads\/2025\/09\/germany.png\" alt=\"\" class=\"wp-image-19715\" style=\"width:65px\" srcset=\"https:\/\/filtri.fi\/wp-content\/uploads\/2025\/09\/germany.png 512w, https:\/\/filtri.fi\/wp-content\/uploads\/2025\/09\/germany-300x300.png 300w, https:\/\/filtri.fi\/wp-content\/uploads\/2025\/09\/germany-150x150.png 150w, https:\/\/filtri.fi\/wp-content\/uploads\/2025\/09\/germany-100x100.png 100w\" sizes=\"(max-width: 512px) 100vw, 512px\" \/><\/figure>\n\n\n\n<h4 class=\"wp-block-heading\"><a href=\"https:\/\/filterimperium.de\" target=\"_blank\" rel=\"noopener\"><\/a><a href=\"https:\/\/filterimperium.de\/\" target=\"_blank\" rel=\"noreferrer noopener\">Filterimperium.de<\/a><\/h4>\n<\/div>\n\n\n\n<p>Spr\u00e5k: tyska tyska, engelska<\/p>\n<\/div>\n\n\n\n<div class=\"wp-block-column is-layout-flow wp-block-column-is-layout-flow\" style=\"flex-basis:25%\">\n<div class=\"wp-block-group is-nowrap is-layout-flex wp-container-core-group-is-layout-ad2f72ca wp-block-group-is-layout-flex\">\n<figure class=\"wp-block-image size-full is-resized\"><img decoding=\"async\" width=\"512\" height=\"512\" src=\"https:\/\/filtriturg.ee\/wp-content\/uploads\/2025\/09\/austria-1.png\" alt=\"\" class=\"wp-image-19712\" style=\"width:65px\" srcset=\"https:\/\/filtri.fi\/wp-content\/uploads\/2025\/09\/austria-1.png 512w, https:\/\/filtri.fi\/wp-content\/uploads\/2025\/09\/austria-1-300x300.png 300w, https:\/\/filtri.fi\/wp-content\/uploads\/2025\/09\/austria-1-150x150.png 150w, https:\/\/filtri.fi\/wp-content\/uploads\/2025\/09\/austria-1-100x100.png 100w\" sizes=\"(max-width: 512px) 100vw, 512px\" \/><\/figure>\n\n\n\n<h4 class=\"wp-block-heading\"><a href=\"https:\/\/filtermarkt.at\" target=\"_blank\" rel=\"noopener\"><\/a><a href=\"https:\/\/filtermarkt.at\/\" target=\"_blank\" rel=\"noreferrer noopener\">Filtermarknaden.at<\/a><\/h4>\n<\/div>\n\n\n\n<p>Spr\u00e5k: tyska tyska, engelska<\/p>\n<\/div>\n\n\n\n<div class=\"wp-block-column is-layout-flow wp-block-column-is-layout-flow\" style=\"flex-basis:25%\">\n<div class=\"wp-block-group is-nowrap is-layout-flex wp-container-core-group-is-layout-ad2f72ca wp-block-group-is-layout-flex\">\n<figure class=\"wp-block-image size-full is-resized\"><img decoding=\"async\" width=\"512\" height=\"512\" src=\"https:\/\/filtriturg.ee\/wp-content\/uploads\/2025\/09\/united-kingdom.png\" alt=\"\" class=\"wp-image-19709\" style=\"width:65px\" srcset=\"https:\/\/filtri.fi\/wp-content\/uploads\/2025\/09\/united-kingdom.png 512w, https:\/\/filtri.fi\/wp-content\/uploads\/2025\/09\/united-kingdom-300x300.png 300w, https:\/\/filtri.fi\/wp-content\/uploads\/2025\/09\/united-kingdom-150x150.png 150w, https:\/\/filtri.fi\/wp-content\/uploads\/2025\/09\/united-kingdom-100x100.png 100w\" sizes=\"(max-width: 512px) 100vw, 512px\" \/><\/figure>\n\n\n\n<h4 class=\"wp-block-heading\"><a href=\"https:\/\/filterexpress.co.uk\" target=\"_blank\" rel=\"noopener\"><\/a><a href=\"https:\/\/filterexpress.co.uk\/\" target=\"_blank\" rel=\"noreferrer noopener\">Filterexpress.se<\/a><\/h4>\n<\/div>\n\n\n\n<p>Spr\u00e5k: engelska engelska<\/p>\n<\/div>\n<\/div>\n\n<div class=\"wp-block-columns is-layout-flex wp-container-core-columns-is-layout-9d6595d7 wp-block-columns-is-layout-flex\">\n<div class=\"wp-block-column is-layout-flow wp-block-column-is-layout-flow\" style=\"flex-basis:25%\">\n<div class=\"wp-block-group is-nowrap is-layout-flex wp-container-core-group-is-layout-ad2f72ca wp-block-group-is-layout-flex\">\n<figure class=\"wp-block-image size-full is-resized\"><img decoding=\"async\" width=\"512\" height=\"512\" src=\"https:\/\/filtriturg.ee\/wp-content\/uploads\/2025\/09\/belgium-1.png\" alt=\"\" class=\"wp-image-19706\" style=\"width:65px\" srcset=\"https:\/\/filtri.fi\/wp-content\/uploads\/2025\/09\/belgium-1.png 512w, https:\/\/filtri.fi\/wp-content\/uploads\/2025\/09\/belgium-1-300x300.png 300w, https:\/\/filtri.fi\/wp-content\/uploads\/2025\/09\/belgium-1-150x150.png 150w, https:\/\/filtri.fi\/wp-content\/uploads\/2025\/09\/belgium-1-100x100.png 100w\" sizes=\"(max-width: 512px) 100vw, 512px\" \/><\/figure>\n\n\n\n<h4 class=\"wp-block-heading\"><a href=\"https:\/\/filtridirect.be\" target=\"_blank\" rel=\"noopener\">Filtridirect.be<\/a><\/h4>\n<\/div>\n\n\n\n<p>Spr\u00e5k: tyska Tyska, Franska, Holl\u00e4ndska, Engelska<\/p>\n<\/div>\n\n\n\n<div class=\"wp-block-column is-layout-flow wp-block-column-is-layout-flow\" style=\"flex-basis:25%\">\n<div class=\"wp-block-group is-nowrap is-layout-flex wp-container-core-group-is-layout-ad2f72ca wp-block-group-is-layout-flex\">\n<h3 class=\"wp-block-heading\"><\/h3>\n<\/div>\n\n\n\n<p><\/p>\n<\/div>\n\n\n\n<div class=\"wp-block-column is-layout-flow wp-block-column-is-layout-flow\" style=\"flex-basis:25%\">\n<div class=\"wp-block-group is-nowrap is-layout-flex wp-container-core-group-is-layout-ad2f72ca wp-block-group-is-layout-flex\">\n<h3 class=\"wp-block-heading\"><\/h3>\n<\/div>\n\n\n\n<p><\/p>\n<\/div>\n\n\n\n<div class=\"wp-block-column is-layout-flow wp-block-column-is-layout-flow\" style=\"flex-basis:25%\">\n<div class=\"wp-block-group is-nowrap is-layout-flex wp-container-core-group-is-layout-ad2f72ca wp-block-group-is-layout-flex\">\n<h3 class=\"wp-block-heading\"><\/h3>\n<\/div>\n\n\n\n<p><\/p>\n<\/div>\n<\/div>\n\n<p><\/p>\n","protected":false},"excerpt":{"rendered":"<p>Vi p\u00e5 Filtri turg bryr oss om luften du andas &#8211; var du \u00e4n befinner dig. Genom v\u00e5rt n\u00e4tverk av lokala butiker \u00f6ver hela Europa kan vi erbjuda b\u00e5de original- och alternativa MVHR-filter till \u00f6verkomliga priser. Varje butik \u00e4r skr\u00e4ddarsydd f\u00f6r sitt land och erbjuder st\u00f6d f\u00f6r lokala spr\u00e5k, regional frakt och betalningsalternativ som du [&hellip;]<\/p>\n","protected":false},"author":9,"featured_media":0,"parent":0,"menu_order":0,"comment_status":"closed","ping_status":"closed","template":"","meta":{"footnotes":""},"class_list":["post-23562","page","type-page","status-publish","hentry"],"_links":{"self":[{"href":"https:\/\/filtri.fi\/sv\/wp-json\/wp\/v2\/pages\/23562","targetHints":{"allow":["GET"]}}],"collection":[{"href":"https:\/\/filtri.fi\/sv\/wp-json\/wp\/v2\/pages"}],"about":[{"href":"https:\/\/filtri.fi\/sv\/wp-json\/wp\/v2\/types\/page"}],"author":[{"embeddable":true,"href":"https:\/\/filtri.fi\/sv\/wp-json\/wp\/v2\/users\/9"}],"replies":[{"embeddable":true,"href":"https:\/\/filtri.fi\/sv\/wp-json\/wp\/v2\/comments?post=23562"}],"version-history":[{"count":1,"href":"https:\/\/filtri.fi\/sv\/wp-json\/wp\/v2\/pages\/23562\/revisions"}],"predecessor-version":[{"id":23569,"href":"https:\/\/filtri.fi\/sv\/wp-json\/wp\/v2\/pages\/23562\/revisions\/23569"}],"wp:attachment":[{"href":"https:\/\/filtri.fi\/sv\/wp-json\/wp\/v2\/media?parent=23562"}],"curies":[{"name":"wp","href":"https:\/\/api.w.org\/{rel}","templated":true}]}}