{"id":23578,"date":"2025-02-10T13:48:45","date_gmt":"2025-02-10T11:48:45","guid":{"rendered":"https:\/\/filtri.fi\/betalning\/"},"modified":"2026-01-26T15:19:38","modified_gmt":"2026-01-26T13:19:38","slug":"betalning","status":"publish","type":"page","link":"https:\/\/filtri.fi\/sv\/betalning\/","title":{"rendered":"Betalning"},"content":{"rendered":"\n<p>Vi samarbetar med betrodda, professionella betalningsleverant\u00f6rer f\u00f6r att garantera s\u00e4kra och effektiva transaktioner. Att uppr\u00e4tth\u00e5lla din integritet och finansiella s\u00e4kerhet \u00e4r v\u00e5r h\u00f6gsta prioritet. <\/p>\n\n<p>Betalningsmetoder tillg\u00e4ngliga:<\/p>\n\n<ul class=\"wp-block-list\">\n<li><strong>Kredit- och betalkort<\/strong>: vi accepterar alla st\u00f6rre kortm\u00e4rken. Transaktionerna behandlas s\u00e4kert av Montonio och skyddas med kryptering p\u00e5 bankniv\u00e5. Du kan hitta mer information om deras s\u00e4kerhets\u00e5tg\u00e4rder p\u00e5 deras webbplats.  <\/li>\n\n\n\n<li><strong>Apple Pay &amp; Google Pay<\/strong>: snabba och s\u00e4kra mobilbetalningar med biometriskt skydd.<\/li>\n\n\n\n<li><strong>PayPal<\/strong>: en globalt betrodd plattform som erbjuder k\u00f6parskydd &#8211; anv\u00e4nd ditt kort eller PayPal-saldo f\u00f6r att slutf\u00f6ra ditt k\u00f6p.<\/li>\n\n\n\n<li><strong>Bank\u00f6verf\u00f6ring<\/strong>: behandla en direktbetalning fr\u00e5n din bank, vi tillhandah\u00e5ller \u00f6verf\u00f6ringsinstruktionerna i kassan.<\/li>\n<\/ul>\n\n<p>Betalningar tas emot av <strong>Filtr\u0173 pasaulis, UAB<\/strong> (momsregistreringsnummer: LT100016282613). V\u00e5ra f\u00f6retagsuppgifter kan verifieras p\u00e5 det litauiska nationella f\u00f6retagsregistret: <a href=\"https:\/\/rekvizitai.vz.lt\/en\/company\/filtru_pasaulis\/\" target=\"_blank\" rel=\"noreferrer noopener\">https:\/\/rekvizitai.vz.lt\/en\/company\/filtru_pasaulis\/<\/a> <\/p>\n\n<h3 class=\"wp-block-heading\">Vanliga fr\u00e5gor om betalning<\/h3>\n\n<p><strong>1. \u00c4r det s\u00e4kert att betala?<\/strong><\/p>\n\n<p>Vi samarbetar med betrodda betalningsleverant\u00f6rer som <strong>Stripe, PayPal och Montonio<\/strong>, som behandlar kredit- och betalkortsbetalningar med kryptering p\u00e5 bankniv\u00e5 f\u00f6r s\u00e4kra och effektiva transaktioner. N\u00e4r du anv\u00e4nder Apple Pay eller Google Pay skyddar <strong>biometrisk s\u00e4kerhet<\/strong> din betalningsinformation f\u00f6r att h\u00e5lla dina transaktioner s\u00e4kra och privata. <\/p>\n\n<p>Att uppr\u00e4tth\u00e5lla din integritet och finansiella s\u00e4kerhet \u00e4r v\u00e5r h\u00f6gsta prioritet. Vi lagrar aldrig dina kortuppgifter, och dina uppgifter hanteras i enlighet med strikta sekretess- och s\u00e4kerhetsstandarder. <\/p>\n\n<p><strong>2. Kommer jag att debiteras n\u00e5gra extra avgifter f\u00f6r att anv\u00e4nda vissa betalningsmetoder?<\/strong><\/p>\n\n<p>Nej, vi tar inte ut n\u00e5gra extra avgifter oavsett vilken betalningsmetod du har valt. Det pris du ser i kassan \u00e4r det slutliga beloppet. <\/p>\n\n<p><strong>3. Kan jag f\u00e5 en proformafaktura f\u00f6r min best\u00e4llning?<\/strong><\/p>\n\n<p>Ja, vi kan tillhandah\u00e5lla en proformafaktura p\u00e5 beg\u00e4ran. V\u00e4nligen kontakta oss direkt via e-post eller via kontaktformul\u00e4ret, s\u00e5 skickar vi din best\u00e4llning n\u00e4r betalningen har mottagits. <\/p>\n\n<p><strong>4. Kan jag f\u00e5 en momsfaktura?<\/strong><\/p>\n\n<p>Ja, det g\u00f6r vi. En momsfaktura genereras automatiskt n\u00e4r din best\u00e4llning har packats och \u00f6verl\u00e4mnats till budfirman. Den kommer att skickas till den e-postadress som anges i kassan.  <\/p>\n\n<p><strong>5. Kan jag betala i delbetalningar?<\/strong><\/p>\n\n<p>F\u00f6r n\u00e4rvarande erbjuder vi inte avbetalning eller \"k\u00f6p nu, betala senare\"-alternativ. Alla betalningar m\u00e5ste g\u00f6ras i sin helhet i kassan. <\/p>\n\n<p><strong>6. Hur och n\u00e4r f\u00e5r jag pengarna tillbaka f\u00f6r min returnerade order?<\/strong><\/p>\n\n<p>Om du \u00e4r ber\u00e4ttigad till \u00e5terbetalning kommer beloppet att \u00e5terbetalas via den ursprungliga betalningsmetoden. \u00c5terbetalningar behandlas vanligtvis inom 5 arbetsdagar, men den exakta tidpunkten kan variera beroende p\u00e5 din bank eller betalningsleverant\u00f6r. <\/p>\n","protected":false},"excerpt":{"rendered":"<p>Vi samarbetar med betrodda, professionella betalningsleverant\u00f6rer f\u00f6r att garantera s\u00e4kra och effektiva transaktioner. Att uppr\u00e4tth\u00e5lla din integritet och finansiella s\u00e4kerhet \u00e4r v\u00e5r h\u00f6gsta prioritet. Betalningsmetoder tillg\u00e4ngliga: Betalningar tas emot av Filtr\u0173 pasaulis, UAB (momsregistreringsnummer: LT100016282613). V\u00e5ra f\u00f6retagsuppgifter kan verifieras p\u00e5 det litauiska nationella f\u00f6retagsregistret: https:\/\/rekvizitai.vz.lt\/en\/company\/filtru_pasaulis\/ Vanliga fr\u00e5gor om betalning 1. \u00c4r det s\u00e4kert att betala? [&hellip;]<\/p>\n","protected":false},"author":2,"featured_media":0,"parent":0,"menu_order":0,"comment_status":"closed","ping_status":"closed","template":"","meta":{"footnotes":""},"class_list":["post-23578","page","type-page","status-publish","hentry"],"_links":{"self":[{"href":"https:\/\/filtri.fi\/sv\/wp-json\/wp\/v2\/pages\/23578","targetHints":{"allow":["GET"]}}],"collection":[{"href":"https:\/\/filtri.fi\/sv\/wp-json\/wp\/v2\/pages"}],"about":[{"href":"https:\/\/filtri.fi\/sv\/wp-json\/wp\/v2\/types\/page"}],"author":[{"embeddable":true,"href":"https:\/\/filtri.fi\/sv\/wp-json\/wp\/v2\/users\/2"}],"replies":[{"embeddable":true,"href":"https:\/\/filtri.fi\/sv\/wp-json\/wp\/v2\/comments?post=23578"}],"version-history":[{"count":1,"href":"https:\/\/filtri.fi\/sv\/wp-json\/wp\/v2\/pages\/23578\/revisions"}],"predecessor-version":[{"id":23579,"href":"https:\/\/filtri.fi\/sv\/wp-json\/wp\/v2\/pages\/23578\/revisions\/23579"}],"wp:attachment":[{"href":"https:\/\/filtri.fi\/sv\/wp-json\/wp\/v2\/media?parent=23578"}],"curies":[{"name":"wp","href":"https:\/\/api.w.org\/{rel}","templated":true}]}}