{"id":23584,"date":"2025-02-10T13:55:37","date_gmt":"2025-02-10T11:55:37","guid":{"rendered":"https:\/\/filtri.fi\/villkor-och-anvisningar\/"},"modified":"2026-01-26T15:21:10","modified_gmt":"2026-01-26T13:21:10","slug":"villkor-och-anvisningar","status":"publish","type":"page","link":"https:\/\/filtri.fi\/sv\/villkor-och-anvisningar\/","title":{"rendered":"Villkor och anvisningar"},"content":{"rendered":"\n<p>Dessa villkor f\u00f6r f\u00f6rs\u00e4ljning och k\u00f6p av varor (nedan kallade \"villkoren\") \u00e4r en obligatorisk och integrerad del av det f\u00f6rs\u00e4ljningsavtal som ing\u00e5tts mellan onlinebutiken och dess kund (nedan kallad \"du\"). De anger villkoren f\u00f6r f\u00f6rs\u00e4ljning och k\u00f6p av varor i onlinebutiken och definierar r\u00e4ttigheter och skyldigheter f\u00f6r b\u00e5de onlinebutiken och dig n\u00e4r det g\u00e4ller k\u00f6p och f\u00f6rs\u00e4ljning av varor. Ansvarig f\u00f6r webbutiken \u00e4r <strong>Filtr\u0173 pasaulis, UAB<\/strong>, med organisationsnummer 306224976, med s\u00e4te p\u00e5 Sedul\u0173 g. 2-10, Buki\u0161kis, 14183, Litauen.   <\/p>\n\n<h3 class=\"wp-block-heading\">Allm\u00e4nna best\u00e4mmelser<\/h3>\n\n<p>1. F\u00f6ljande personer har r\u00e4tt att anv\u00e4nda tj\u00e4nsterna i onlinebutiken:<\/p>\n\n<ul class=\"wp-block-list\">\n<li>Fysiska personer som \u00e4r 18 \u00e5r eller \u00e4ldre;<\/li>\n\n\n\n<li>Minder\u00e5riga mellan 15 och 18 \u00e5r, endast med samtycke fr\u00e5n deras f\u00f6r\u00e4ldrar, adoptivf\u00f6r\u00e4ldrar eller v\u00e5rdnadshavare, utom i de fall d\u00e5 de har full kontroll \u00f6ver sina inkomster eller stipendier;<\/li>\n\n\n\n<li>Juridiska personer;<\/li>\n\n\n\n<li>Beh\u00f6riga f\u00f6retr\u00e4dare f\u00f6r de ovan n\u00e4mnda personerna.<\/li>\n<\/ul>\n\n<p>2. F\u00f6r att anv\u00e4nda tj\u00e4nsterna i onlinebutiken m\u00e5ste du antingen registrera dig eller tillhandah\u00e5lla n\u00f6dv\u00e4ndig information f\u00f6r k\u00f6p. Registreringen anses vara fullst\u00e4ndig och giltig n\u00e4r du har skickat in din information elektroniskt och g\u00e5tt vidare med de efterf\u00f6ljande stegen. <\/p>\n\n<p>3. De personuppgifter (t.ex. namn, efternamn, adress, telefonnummer och e-postadress) som du l\u00e4mnar vid registrering och\/eller n\u00e4r du anv\u00e4nder funktionerna i webbutiken behandlas i enlighet med Europaparlamentets och r\u00e5dets f\u00f6rordning (EU) 2016\/679 av den 27 april 2016 om skydd f\u00f6r fysiska personer med avseende p\u00e5 behandling av personuppgifter och om det fria fl\u00f6det av s\u00e5dana uppgifter (GDPR), Republiken Litauens lag om r\u00e4ttsligt skydd av personuppgifter och annan till\u00e4mplig lagstiftning om dataskydd samt integritetspolicyn.<\/p>\n\n<p>4. Priserna p\u00e5 varor som visas i webbutikens katalog g\u00e4ller endast f\u00f6r k\u00f6p som g\u00f6rs via webbutiken. Alla priser inkluderar moms, om inte annat anges. Leveranskostnader ing\u00e5r inte i de angivna priserna och anges separat under best\u00e4llningsprocessen. Leveranskostnaden kommer att anges tydligt innan du bekr\u00e4ftar din best\u00e4llning och kommer ocks\u00e5 att visas i orderbekr\u00e4ftelsen.   <\/p>\n\n<p>5. F\u00f6rs\u00e4ljningsavtalet ing\u00e5s n\u00e4r du har skapat en kundvagn p\u00e5, angett leveransadressen, valt betalningsmetod, bekr\u00e4ftat dessa villkor genom att klicka p\u00e5 knappen \"Jag godk\u00e4nner k\u00f6pvillkoren\" och klickat p\u00e5 knappen \"Bekr\u00e4fta best\u00e4llning\". Det elektroniskt ing\u00e5ngna avtalet mellan dig och webbutiken lagras i webbutikens databas och kan n\u00e5s av dig i elektronisk form. <\/p>\n\n<p>6. Vi bekr\u00e4ftar att k\u00f6peavtalet har ing\u00e5tts genom att skicka ett meddelande till den e-postadress som du har angett.<\/p>\n\n<h3 class=\"wp-block-heading\">Dina r\u00e4ttigheter och skyldigheter<\/h3>\n\n<p>7. Du kan v\u00e4lja och best\u00e4lla vilken produkt som helst fr\u00e5n de kataloger som finns tillg\u00e4ngliga i onlinebutiken.<\/p>\n\n<p>8. Genom att anv\u00e4nda tj\u00e4nsterna i webbutiken godk\u00e4nner du dessa villkor och \u00e4r skyldig att f\u00f6lja dem.<\/p>\n\n<p>9. Du m\u00e5ste tillhandah\u00e5lla fullst\u00e4ndig och korrekt information i registreringsformul\u00e4ret f\u00f6r onlinebutiken. Om dina personuppgifter \u00e4ndras och du inte meddelar oss, kommer du att b\u00e4ra alla risker och f\u00f6rluster som uppst\u00e5r till f\u00f6ljd av detta. <\/p>\n\n<p>10. Du \u00e4r ansvarig f\u00f6r alla \u00e5tg\u00e4rder som utf\u00f6rs p\u00e5 ditt konto n\u00e4r du anv\u00e4nder onlinebutiken.<\/p>\n\n<p>11. Det \u00e4r inte till\u00e5tet f\u00f6r en person att registrera sig och anv\u00e4nda webbutikens tj\u00e4nster under mer \u00e4n en identitet.<\/p>\n\n<p>12. Du m\u00e5ste vara n\u00e4rvarande p\u00e5 angiven plats och tid f\u00f6r att ta emot de varor som du har best\u00e4llt.<\/p>\n\n<p>13. Du samtycker till att inte dela dina registrerings- och inloggningsuppgifter med tredje part. Om du f\u00f6rlorar dina inloggningsuppgifter m\u00e5ste du omedelbart meddela oss via e-post som finns p\u00e5 sidan Kontakta oss. Vi ska inte h\u00e5llas ansvariga f\u00f6r \u00e5tg\u00e4rder som vidtas av tredje part som anv\u00e4nder dina inloggningsuppgifter innan du meddelar oss. I s\u00e5dana fall kommer vi att betrakta dessa \u00e5tg\u00e4rder som att de har utf\u00f6rts av dig.   <\/p>\n\n<p>14. Vi \u00e4r inte ansvariga f\u00f6r \u00e5tg\u00e4rder som vidtas av tredje part som anv\u00e4nder dina inloggningsuppgifter till internetbanken f\u00f6r att ing\u00e5 f\u00f6rs\u00e4ljnings- och k\u00f6peavtal via internetbutiken.<\/p>\n\n<p>15. F\u00f6r att kunna erbjuda dig ett komplett utbud av tj\u00e4nster ber vi dig till\u00e5ta oss att lagra information p\u00e5 din enhet (cookies). Denna information hj\u00e4lper oss att identifiera dig som en \u00e5terkommande anv\u00e4ndare och samla in trafikstatistik f\u00f6r webbplatsen. Du kan n\u00e4r som helst granska och radera cookies som lagrats p\u00e5 din enhet. Du har ocks\u00e5 r\u00e4tt att inv\u00e4nda mot lagring och anv\u00e4ndning av cookies; vissa webbplatsfunktioner kan dock begr\u00e4nsas om du g\u00f6r det. Du kan n\u00e4r som helst \u00e5terkalla ditt samtycke genom att justera inst\u00e4llningarna i din webbl\u00e4sare eller kontakta oss via de kontaktuppgifter som finns p\u00e5 webbplatsen. Detaljerad information om de cookies som anv\u00e4nds i onlinebutiken finns p\u00e5 v\u00e5r sida om integritetspolicy.     <\/p>\n\n<h3 class=\"wp-block-heading\">V\u00e5ra r\u00e4ttigheter och skyldigheter<\/h3>\n\n<p>16. Om falska, felaktiga, vilseledande eller ofullst\u00e4ndiga uppgifter tillhandah\u00e5lls under registreringen eller d\u00e4refter, eller om du inte uppfyller n\u00e5gra skyldigheter som anges i dessa villkor, f\u00f6rbeh\u00e5ller sig onlinebutiken r\u00e4tten att omedelbart avbryta din registrering, radera dina uppgifter eller begr\u00e4nsa din tillg\u00e5ng till de tj\u00e4nster som tillhandah\u00e5lls av onlinebutiken. Du b\u00e4r fullt ansvar f\u00f6r eventuella konsekvenser som uppst\u00e5r till f\u00f6ljd av tillhandah\u00e5llande av felaktiga uppgifter. <\/p>\n\n<p>17. Vi f\u00f6rbeh\u00e5ller oss r\u00e4tten att, utan f\u00f6reg\u00e5ende meddelande, avbryta eller avsluta din registrering och tillg\u00e5ng till webbutikens tj\u00e4nster om det finns rimliga sk\u00e4l att tro att du \u00e4gnar dig \u00e5t obeh\u00f6rig verksamhet eller p\u00e5 annat s\u00e4tt f\u00f6rs\u00f6ker st\u00f6ra eller undergr\u00e4va webbutikens korrekta funktion.<\/p>\n\n<p>18. Vi \u00e5tar oss att tillhandah\u00e5lla alla n\u00f6dv\u00e4ndiga villkor f\u00f6r att du ska kunna anv\u00e4nda de tj\u00e4nster som erbjuds av onlinebutiken.<\/p>\n\n<p>19. I h\u00e4ndelse av of\u00f6rutsedda omst\u00e4ndigheter som f\u00f6rhindrar leverans av den produkt du best\u00e4llt, \u00e5tar sig onlinebutiken att erbjuda dig en j\u00e4mf\u00f6rbar produkt. Om du avb\u00f6jer den alternativa produkten kommer en \u00e5terbetalning att utf\u00e4rdas inom 5 arbetsdagar om f\u00f6rskottsbetalning har gjorts. <\/p>\n\n<h3 class=\"wp-block-heading\">Lojalitetsprogram<\/h3>\n\n<p>20. Deltagande i lojalitetsprogrammet kr\u00e4ver registrering av ett konto i onlinebutiken.<\/p>\n\n<p>21. Lojalitetspo\u00e4ng tj\u00e4nas in genom kvalificerade k\u00f6p och kvalificerade andra aktiviteter. Po\u00e4ngsamlingsgraden \u00f6kar i takt med att medlemmarna avancerar genom utgiftsbaserade niv\u00e5niv\u00e5er. <\/p>\n\n<p>22. Po\u00e4ng har inget utg\u00e5ngsdatum.<\/p>\n\n<p>23. Vi f\u00f6rbeh\u00e5ller oss r\u00e4tten att \u00e4ndra, avbryta eller avsluta Lojalitetsprogrammet n\u00e4r som helst utan f\u00f6reg\u00e5ende meddelande.<\/p>\n\n<p>24. F\u00f6r mer detaljerad information om hur du tj\u00e4nar, l\u00f6ser in och hanterar Lojalitetspo\u00e4ng, se v\u00e5r s\u00e4rskilda sida om Lojalitetsprogrammet.<\/p>\n\n<h3 class=\"wp-block-heading\">Betalning f\u00f6r varor<\/h3>\n\n<p>25. Du kan betala f\u00f6r din best\u00e4llning med n\u00e5gon av f\u00f6ljande betalningsmetoder:<\/p>\n\n<ul class=\"wp-block-list\">\n<li>Kredit- och betalkort;<\/li>\n\n\n\n<li>Apple Pay eller Google Pay;<\/li>\n\n\n\n<li>PayPal;<\/li>\n\n\n\n<li>Bank\u00f6verf\u00f6ring.<\/li>\n<\/ul>\n\n<p>26. Betalning m\u00e5ste ske i sin helhet innan ordern behandlas och skickas.<\/p>\n\n<p>27. Betalningar tas emot av Filtr\u0173 pasaulis, UAB (momsregistreringsnummer: LT100016282613).  <\/p>\n\n<p>28. F\u00f6r mer detaljerad information om accepterade betalningsmetoder, s\u00e4kerhet och behandling, se v\u00e5r s\u00e4rskilda sida f\u00f6r betalningsinformation.<\/p>\n\n<h3 class=\"wp-block-heading\">Leverans av varorna<\/h3>\n\n<p>29. Du har r\u00e4tt att v\u00e4lja en av de tillg\u00e4ngliga leveransmetoderna n\u00e4r du g\u00f6r din best\u00e4llning, vilket kan inkludera budleverans eller upph\u00e4mtning vid utsedda upph\u00e4mtningsst\u00e4llen. De tillg\u00e4ngliga alternativen kommer att visas i kassan. <\/p>\n\n<p>30. Leveranskostnader i webbutiken ing\u00e5r inte i produktpriset. De ber\u00e4knas baserat p\u00e5 vald leveransmetod och visas i kassan. <\/p>\n\n<p>31. Eventuella tullar, skatter eller importavgifter som kan tillkomma \u00e4r mottagarens ansvar och beror p\u00e5 destinationslandets best\u00e4mmelser.<\/p>\n\n<p>32. F\u00f6r mer detaljerad information om leveransvillkor, -tider och -metoder, se v\u00e5r s\u00e4rskilda sida om frakt.<\/p>\n\n<h3 class=\"wp-block-heading\">\u00c5terl\u00e4mnande av felaktiga varor, \u00e5ngerr\u00e4tt vid distansavtal<\/h3>\n\n<p>33. Best\u00e4mmelserna i Republiken Litauens civillagstiftning och detaljhandelsreglerna g\u00e4ller f\u00f6r retur av varor som k\u00f6pts i onlinebutiken.<\/p>\n\n<p>34. Om du returnerar en felaktig produkt kommer vi att acceptera returen och, om du inte mots\u00e4tter dig det, ers\u00e4tta den med en liknande artikel. Om du avb\u00f6jer en ers\u00e4ttningsprodukt \u00e5terbetalar vi ink\u00f6pspriset inom 5 arbetsdagar. Om en liknande ers\u00e4ttningsprodukt inte \u00e4r tillg\u00e4nglig kommer du att \u00e5terbetalas inom 5 arbetsdagar efter att detta har bekr\u00e4ftats.  <\/p>\n\n<p>35. Returnerade produkter m\u00e5ste vara kompletta och inneh\u00e5lla alla originalkomponenter. Du \u00e4r ansvarig f\u00f6r att s\u00e4kerst\u00e4lla att de returnerade varorna \u00e4r helt intakta. Ofullst\u00e4ndiga returer kommer inte att accepteras.  <\/p>\n\n<p>36. Som konsument har du r\u00e4tt att fr\u00e5ntr\u00e4da ett distansf\u00f6rs\u00e4ljningsavtal inom trettio (30) dagar efter mottagandet av varorna genom att meddela oss skriftligen via e-post som finns p\u00e5 sidan Kontakta oss. Du kan returnera produkten under denna period utan att ange n\u00e5gon anledning, f\u00f6rutsatt att varan \u00e4r oanv\u00e4nd, oskadad, beh\u00e5ller sin funktionalitet och bibeh\u00e5ller sitt s\u00e4ljbara utseende. <\/p>\n\n<p>37. Vid \u00e5ngerr\u00e4tt fr\u00e5n ett distansf\u00f6rs\u00e4ljningsavtal m\u00e5ste varorna returneras oanv\u00e4nda och oskadade. \u00c4ven om vi f\u00f6redrar att produkter returneras i sin originalf\u00f6rpackning \u00e4r detta inte ett absolut krav; dock m\u00e5ste f\u00f6rpackningen vara ren, s\u00e4ker och tillr\u00e4cklig f\u00f6r att skydda produkten under retur. Vi kommer att g\u00f6ra allt vi kan f\u00f6r att uppfylla f\u00f6rpackningskraven f\u00f6r att s\u00e4kerst\u00e4lla s\u00e4ker hantering.  <\/p>\n\n<p>38. F\u00f6r mer detaljerad information om \u00e5terbetalningsvillkor, behandling och tidslinjer, se v\u00e5r s\u00e4rskilda sida f\u00f6r returer och \u00e5terbetalningar.<\/p>\n\n<h3 class=\"wp-block-heading\">Slutliga best\u00e4mmelser<\/h3>\n\n<p>39. Vi f\u00f6rbeh\u00e5ller oss r\u00e4tten att efter eget gottfinnande upph\u00e4va, komplettera eller \u00e4ndra dessa villkor och alla relaterade dokument genom att meddela dig via webbutiken. S\u00e5dana till\u00e4gg eller \u00e4ndringar ska tr\u00e4da i kraft fr\u00e5n och med dagen f\u00f6r deras publicering, dvs. den dag d\u00e5 de l\u00e4ggs upp i webbutikens system. <\/p>\n\n<p>40. Om du inte samtycker till \u00e4ndringar, till\u00e4gg eller \u00e4ndringar av villkoren har du r\u00e4tt att v\u00e4gra godk\u00e4nna dem, men detta kommer att leda till att du f\u00f6rlorar din r\u00e4tt att anv\u00e4nda webbutikens tj\u00e4nster.<\/p>\n\n<p>41. Fortsatt anv\u00e4ndning av webbutikens tj\u00e4nster efter en \u00e4ndring av villkoren ska anses vara ett godk\u00e4nnande av den nya lydelsen, \u00e4ndringarna eller till\u00e4ggen.<\/p>\n\n<p>42. Eventuella tvister som uppst\u00e5r vid till\u00e4mpningen av dessa villkor ska l\u00f6sas genom f\u00f6rhandling. Om ingen \u00f6verenskommelse n\u00e5s inom 30 (trettio) dagar ska tvisten l\u00f6sas enligt de f\u00f6rfaranden som fastst\u00e4lls i Republiken Litauens lagar. <\/p>\n\n<p>43. Du kan skicka f\u00f6rfr\u00e5gningar eller klagom\u00e5l om produkter eller tj\u00e4nster som k\u00f6pts fr\u00e5n v\u00e5r webbutik till den statliga myndigheten f\u00f6r konsumentskydd eller genom att fylla i ett f\u00f6rfr\u00e5gningsformul\u00e4r p\u00e5 plattformen f\u00f6r Europeiska konsumentcentrumet (EGS).<\/p>\n\n<p>44. Dessa villkor ska regleras av och tolkas i enlighet med lagarna i Republiken Litauen.<\/p>\n","protected":false},"excerpt":{"rendered":"<p>Dessa villkor f\u00f6r f\u00f6rs\u00e4ljning och k\u00f6p av varor (nedan kallade \"villkoren\") \u00e4r en obligatorisk och integrerad del av det f\u00f6rs\u00e4ljningsavtal som ing\u00e5tts mellan onlinebutiken och dess kund (nedan kallad \"du\"). De anger villkoren f\u00f6r f\u00f6rs\u00e4ljning och k\u00f6p av varor i onlinebutiken och definierar r\u00e4ttigheter och skyldigheter f\u00f6r b\u00e5de onlinebutiken och dig n\u00e4r det g\u00e4ller k\u00f6p [&hellip;]<\/p>\n","protected":false},"author":2,"featured_media":0,"parent":0,"menu_order":0,"comment_status":"closed","ping_status":"closed","template":"","meta":{"footnotes":""},"class_list":["post-23584","page","type-page","status-publish","hentry"],"_links":{"self":[{"href":"https:\/\/filtri.fi\/sv\/wp-json\/wp\/v2\/pages\/23584","targetHints":{"allow":["GET"]}}],"collection":[{"href":"https:\/\/filtri.fi\/sv\/wp-json\/wp\/v2\/pages"}],"about":[{"href":"https:\/\/filtri.fi\/sv\/wp-json\/wp\/v2\/types\/page"}],"author":[{"embeddable":true,"href":"https:\/\/filtri.fi\/sv\/wp-json\/wp\/v2\/users\/2"}],"replies":[{"embeddable":true,"href":"https:\/\/filtri.fi\/sv\/wp-json\/wp\/v2\/comments?post=23584"}],"version-history":[{"count":1,"href":"https:\/\/filtri.fi\/sv\/wp-json\/wp\/v2\/pages\/23584\/revisions"}],"predecessor-version":[{"id":23585,"href":"https:\/\/filtri.fi\/sv\/wp-json\/wp\/v2\/pages\/23584\/revisions\/23585"}],"wp:attachment":[{"href":"https:\/\/filtri.fi\/sv\/wp-json\/wp\/v2\/media?parent=23584"}],"curies":[{"name":"wp","href":"https:\/\/api.w.org\/{rel}","templated":true}]}}