{"id":23594,"date":"2025-02-10T13:48:36","date_gmt":"2025-02-10T11:48:36","guid":{"rendered":"https:\/\/filtri.fi\/frakt\/"},"modified":"2026-04-24T09:05:40","modified_gmt":"2026-04-24T06:05:40","slug":"frakt","status":"publish","type":"page","link":"https:\/\/filtri.fi\/sv\/frakt\/","title":{"rendered":"Frakt"},"content":{"rendered":"\n<p><strong>Orderbehandlingstid<\/strong><br>Alla lagerf\u00f6rda produkter skickas inom 1-2 arbetsdagar, med undantag f\u00f6r tydligt m\u00e4rkta artiklar med l\u00e4ngre leveranstid (5-10 arbetsdagar).<\/p>\n\n\n\n<p><strong>Fraktkostnader<\/strong><br>Frakt \u00e4r gratis f\u00f6r alla best\u00e4llningar \u00f6ver 150 \u20ac. F\u00f6r best\u00e4llningar upp till 150 \u20ac ber\u00e4knas fraktkostnaden i kassan.<\/p>\n\n\n\n<p><strong>Ordersp\u00e5rning<\/strong><br>N\u00e4r din <strong>order<\/strong> har skickats skickar vi dig ett bekr\u00e4ftelsemail med sp\u00e5rningsuppgifter s\u00e5 att du enkelt kan f\u00f6lja dess resa till dig.<\/p>\n\n\n\n<p><strong>Bankdagar<\/strong><br>Leveranstiderna ber\u00e4knas i bankdagar &#8211; fr\u00e5n m\u00e5ndag till fredag, exklusive helgdagar.<\/p>\n","protected":false},"excerpt":{"rendered":"<p>OrderbehandlingstidAlla lagerf\u00f6rda produkter skickas inom 1-2 arbetsdagar, med undantag f\u00f6r tydligt m\u00e4rkta artiklar med l\u00e4ngre leveranstid (5-10 arbetsdagar). FraktkostnaderFrakt \u00e4r gratis f\u00f6r alla best\u00e4llningar \u00f6ver 150 \u20ac. F\u00f6r best\u00e4llningar upp till 150 \u20ac ber\u00e4knas fraktkostnaden i kassan. Ordersp\u00e5rningN\u00e4r din order har skickats skickar vi dig ett bekr\u00e4ftelsemail med sp\u00e5rningsuppgifter s\u00e5 att du enkelt kan f\u00f6lja [&hellip;]<\/p>\n","protected":false},"author":2,"featured_media":0,"parent":0,"menu_order":0,"comment_status":"closed","ping_status":"closed","template":"","meta":{"footnotes":""},"class_list":["post-23594","page","type-page","status-publish","hentry"],"_links":{"self":[{"href":"https:\/\/filtri.fi\/sv\/wp-json\/wp\/v2\/pages\/23594","targetHints":{"allow":["GET"]}}],"collection":[{"href":"https:\/\/filtri.fi\/sv\/wp-json\/wp\/v2\/pages"}],"about":[{"href":"https:\/\/filtri.fi\/sv\/wp-json\/wp\/v2\/types\/page"}],"author":[{"embeddable":true,"href":"https:\/\/filtri.fi\/sv\/wp-json\/wp\/v2\/users\/2"}],"replies":[{"embeddable":true,"href":"https:\/\/filtri.fi\/sv\/wp-json\/wp\/v2\/comments?post=23594"}],"version-history":[{"count":3,"href":"https:\/\/filtri.fi\/sv\/wp-json\/wp\/v2\/pages\/23594\/revisions"}],"predecessor-version":[{"id":25722,"href":"https:\/\/filtri.fi\/sv\/wp-json\/wp\/v2\/pages\/23594\/revisions\/25722"}],"wp:attachment":[{"href":"https:\/\/filtri.fi\/sv\/wp-json\/wp\/v2\/media?parent=23594"}],"curies":[{"name":"wp","href":"https:\/\/api.w.org\/{rel}","templated":true}]}}