{"id":23598,"date":"2025-05-17T08:32:37","date_gmt":"2025-05-17T05:32:37","guid":{"rendered":"https:\/\/filtri.fi\/returer-och-aterbetalningar\/"},"modified":"2026-01-26T15:22:35","modified_gmt":"2026-01-26T13:22:35","slug":"returer-och-aterbetalningar","status":"publish","type":"page","link":"https:\/\/filtri.fi\/sv\/returer-och-aterbetalningar\/","title":{"rendered":"Returer och \u00e5terbetalningar"},"content":{"rendered":"\n<h3 class=\"wp-block-heading\">Enkel retur inom 30 dagar<\/h3>\n\n<p>Du kan returnera alla produkter inom 30 dagar efter mottagandet f\u00f6r full \u00e5terbetalning &#8211; inga fr\u00e5gor st\u00e4lls!  <\/p>\n\n<p>Om du beh\u00f6ver returnera varor efter 30 dagar, v\u00e4nligen kontakta oss. Vi granskar dessa f\u00f6rfr\u00e5gningar fr\u00e5n fall till fall och kommer att g\u00f6ra v\u00e5rt b\u00e4sta f\u00f6r att hj\u00e4lpa till. <\/p>\n\n<h3 class=\"wp-block-heading\">Skick p\u00e5 returnerade produkter<\/h3>\n\n<p>Vi accepterar returer av oanv\u00e4nda produkter i intakt skick, inklusive produkter som \u00e4r uppackade men inte skadade. Produkter som \u00e4r skadade, smutsiga eller p\u00e5 annat s\u00e4tt oanv\u00e4ndbara kan inte accepteras f\u00f6r retur. <\/p>\n\n<h3 class=\"wp-block-heading\">Defekta eller felaktiga artiklar<\/h3>\n\n<p>Om du f\u00e5r en defekt eller felaktig produkt, v\u00e4nligen kontakta oss omedelbart. Vi kommer att se till att problemet l\u00f6ses snabbt, eftersom din tillfredsst\u00e4llelse \u00e4r v\u00e5r h\u00f6gsta prioritet. <\/p>\n\n<h3 class=\"wp-block-heading\">Tidslinje f\u00f6r behandling av \u00e5terbetalning<\/h3>\n\n<p>N\u00e4r din returnerade produkt har levererats till oss kommer vi att kontrollera dess skick inom 5 arbetsdagar. \u00c5terbetalningar kommer att behandlas inom ytterligare 5 arbetsdagar efter godk\u00e4nnande, med den ursprungliga betalningsmetoden. <\/p>\n\n<h3 class=\"wp-block-heading\">Returnera ordern<\/h3>\n\n<p>V\u00e4nligen kontakta oss innan du skickar tillbaka n\u00e5gra produkter. Vi ger dig information om returfrakten och hj\u00e4lper dig genom hela processen. <strong>Vi t\u00e4cker alla kostnader f\u00f6r returfrakt<\/strong>. <\/p>\n\n<h3 class=\"wp-block-heading\">Annullering av ordern<\/h3>\n\n<p>Avbest\u00e4llningar \u00e4r m\u00f6jliga innan din best\u00e4llning har skickats. \u00c5terbetalning av avbest\u00e4llda order behandlas inom 5 arbetsdagar. <\/p>\n","protected":false},"excerpt":{"rendered":"<p>Enkel retur inom 30 dagar Du kan returnera alla produkter inom 30 dagar efter mottagandet f\u00f6r full \u00e5terbetalning &#8211; inga fr\u00e5gor st\u00e4lls! Om du beh\u00f6ver returnera varor efter 30 dagar, v\u00e4nligen kontakta oss. Vi granskar dessa f\u00f6rfr\u00e5gningar fr\u00e5n fall till fall och kommer att g\u00f6ra v\u00e5rt b\u00e4sta f\u00f6r att hj\u00e4lpa till. Skick p\u00e5 returnerade produkter [&hellip;]<\/p>\n","protected":false},"author":1,"featured_media":0,"parent":0,"menu_order":0,"comment_status":"closed","ping_status":"closed","template":"","meta":{"footnotes":""},"class_list":["post-23598","page","type-page","status-publish","hentry"],"_links":{"self":[{"href":"https:\/\/filtri.fi\/sv\/wp-json\/wp\/v2\/pages\/23598","targetHints":{"allow":["GET"]}}],"collection":[{"href":"https:\/\/filtri.fi\/sv\/wp-json\/wp\/v2\/pages"}],"about":[{"href":"https:\/\/filtri.fi\/sv\/wp-json\/wp\/v2\/types\/page"}],"author":[{"embeddable":true,"href":"https:\/\/filtri.fi\/sv\/wp-json\/wp\/v2\/users\/1"}],"replies":[{"embeddable":true,"href":"https:\/\/filtri.fi\/sv\/wp-json\/wp\/v2\/comments?post=23598"}],"version-history":[{"count":1,"href":"https:\/\/filtri.fi\/sv\/wp-json\/wp\/v2\/pages\/23598\/revisions"}],"predecessor-version":[{"id":23599,"href":"https:\/\/filtri.fi\/sv\/wp-json\/wp\/v2\/pages\/23598\/revisions\/23599"}],"wp:attachment":[{"href":"https:\/\/filtri.fi\/sv\/wp-json\/wp\/v2\/media?parent=23598"}],"curies":[{"name":"wp","href":"https:\/\/api.w.org\/{rel}","templated":true}]}}