{"id":23714,"date":"2025-04-09T17:07:40","date_gmt":"2025-04-09T17:07:40","guid":{"rendered":"https:\/\/filtri.fi\/product\/vallox-90-se-sc-mc-filteruppsattning-no-14-g4g4f7-original\/"},"modified":"2025-04-09T17:07:40","modified_gmt":"2025-04-09T14:07:40","slug":"vallox-90-se-sc-mc-filteruppsattning-no-14-g4g4f7-original","status":"publish","type":"product","link":"https:\/\/filtri.fi\/sv\/produkt\/vallox-90-se-sc-mc-filteruppsattning-no-14-g4g4f7-original\/","title":{"rendered":"Vallox 90 SE\/SC\/MC filterupps\u00e4ttning No.14 G4+G4+F7 (original)"},"content":{"rendered":"<h2><span style=\"font-weight: 400\">Modellkompatibilitet  <\/span><\/h2>\n<p><span style=\"font-weight: 400\">Kompatibel med f\u00f6ljande modeller:<\/span><\/p>\n<ul>\n<li style=\"font-weight: 400\"><span style=\"font-weight: 400\">Vallox 80 SE<\/span><\/li>\n<li style=\"font-weight: 400\"><span style=\"font-weight: 400\">Vallox 80 SC<\/span><\/li>\n<li style=\"font-weight: 400\"><span style=\"font-weight: 400\">Vallox 80 PSL<\/span><\/li>\n<li style=\"font-weight: 400\"><span style=\"font-weight: 400\">Vallox 90 SE<\/span><\/li>\n<li style=\"font-weight: 400\"><span style=\"font-weight: 400\">Vallox 90 SE R<\/span><\/li>\n<li style=\"font-weight: 400\"><span style=\"font-weight: 400\">Vallox 90 SE L<\/span><\/li>\n<li style=\"font-weight: 400\"><span style=\"font-weight: 400\">Vallox 90 SC<\/span><\/li>\n<li style=\"font-weight: 400\"><span style=\"font-weight: 400\">Vallox 90 MC<\/span><\/li>\n<li style=\"font-weight: 400\"><span style=\"font-weight: 400\">Vallox 90 MV<\/span><\/li>\n<li style=\"font-weight: 400\"><span style=\"font-weight: 400\">ValloPlus 240 SC<\/span><\/li>\n<li style=\"font-weight: 400\"><span style=\"font-weight: 400\">ValloPlus 240 MV<\/span><\/li>\n<li style=\"font-weight: 400\"><span style=\"font-weight: 400\">Filterupps\u00e4ttning nr 14<\/span><\/li>\n<\/ul>\n<h2><span style=\"font-weight: 400\">Vilken filterupps\u00e4ttning skyddar mot  <\/span><\/h2>\n<p><span style=\"font-weight: 400\">Filterupps\u00e4ttningen inneh\u00e5ller <\/span><b>3 filter<\/b><span style=\"font-weight: 400\"> med olika effektivitetsklasser:<\/span><\/p>\n<ul>\n<li style=\"font-weight: 400\"><span style=\"font-weight: 400\">Extraktionsfilter &#8211; G4 (Grov 75%) &#8211; f\u00f6r MVHR-skydd<\/span><\/li>\n<li style=\"font-weight: 400\"><span style=\"font-weight: 400\">Tilluftsfilter &#8211; G4 (Grov 75%) &#8211; f\u00f6r skydd av inomhusluft (f\u00f6rfilter)<\/span><\/li>\n<li style=\"font-weight: 400\"><span style=\"font-weight: 400\">Filter f\u00f6r matning &#8211; F7 (ePM1 <\/span><span style=\"font-weight: 400\">55<\/span><span style=\"font-weight: 400\">%) &#8211; f\u00f6r skydd av inomhusluften<\/span><\/li>\n<\/ul>\n<p><span style=\"font-weight: 400\">Denna filterupps\u00e4ttning f\u00f6ljer ISO 16890-standarden f\u00f6r partikelfiltreringseffektivitet.  <\/span><\/p>\n<p><span style=\"font-weight: 400\">De tv\u00e5 <\/span><b>G4-filter<\/b><span style=\"font-weight: 400\"> f\u00e5ngar upp till 75% av de grova luftburna partiklarna som \u00e4r st\u00f6rre \u00e4n 10 <\/span><span style=\"font-weight: 400\">mikrometer<\/span><span style=\"font-weight: 400\">som t.ex. jordpartiklar, stora pollenkorn, v\u00e4xtrester, insektsvingar, s\u00e5gsp\u00e5n, sand och textilludd. <\/span> <span style=\"font-weight: 400\">En av dem renar luften som sugs ut fr\u00e5n ditt inomhusutrymme och skyddar MVHR-enheten genom att minska synligt damm och allm\u00e4n ansamling i ventilationssystemet. Detta   <\/span><span style=\"font-weight: 400\">h\u00e5ller enheten tyst och f\u00f6rl\u00e4nger systemets livsl\u00e4ngd.  <\/span><span style=\"font-weight: 400\">Det andra fungerar som ett f\u00f6rfilter p\u00e5 tilluftssidan och f\u00e5ngar upp st\u00f6rre partiklar fr\u00e5n den inkommande utomhusluften innan den n\u00e5r huvudfiltret.<\/span><\/p>\n<p><span style=\"font-weight: 400\">F7-filter <\/span><b>F7-filter<\/b><span style=\"font-weight: 400\"> f\u00e5ngar upp cirka <\/span><span style=\"font-weight: 400\">55<\/span><span style=\"font-weight: 400\">% av mycket fina partiklar som \u00e4r s\u00e5 sm\u00e5 som 1 <\/span><span style=\"font-weight: 400\">mikron<\/span><span style=\"font-weight: 400\">bland annat bakterier, smog, tobaksr\u00f6kpartiklar, f\u00f6rbr\u00e4nningsdamm, sporer och r\u00f6kpartiklar fr\u00e5n skogsbr\u00e4nder. Den hj\u00e4lper till att rena inkommande utomhusluft innan den kommer in i din   <\/span><span style=\"font-weight: 400\">lokaler<\/span><span style=\"font-weight: 400\">, f\u00f6rb\u00e4ttrar inomhusluftens kvalitet och skyddar din h\u00e4lsa.<\/span><\/p>\n<h2><span style=\"font-weight: 400\">Anv\u00e4ndning och underh\u00e5ll  <\/span><\/h2>\n<p><span style=\"font-weight: 400\">Vallox<\/span><span style=\"font-weight: 400\"> rekommenderar att filtren byts ut <\/span><b>filter var 6:e m\u00e5nad<\/b><span style=\"font-weight: 400\">f\u00f6r att s\u00e4kerst\u00e4lla optimal luftkvalitet och systemprestanda.<\/span><\/p>\n<p><span style=\"font-weight: 400\">Bytesfrekvensen kan dock variera beroende p\u00e5 faktorer som t.ex:<\/span><\/p>\n<ul>\n<li style=\"font-weight: 400\"><b>Luftf\u00f6roreningsniv\u00e5er<\/b><span style=\"font-weight: 400\"> (t.ex. stadsomr\u00e5den kontra landsbygd)<\/span><\/li>\n<li style=\"font-weight: 400\"><b>Allergier eller \u00f6verk\u00e4nslighet i andningsv\u00e4garna<\/b><\/li>\n<li style=\"font-weight: 400\"><b>Husdjur inomhus eller r\u00f6kning<\/b><\/li>\n<li style=\"font-weight: 400\"><b>Damm fr\u00e5n n\u00e4rliggande byggarbetsplatser<\/b><\/li>\n<\/ul>\n<p><span style=\"font-weight: 400\">Om ditt system inneh\u00e5ller en <\/span><b>indikator f\u00f6r filterbyte<\/b><span style=\"font-weight: 400\">och f\u00f6lj dess varningar. Kontrollera annars filtren visuellt &#8211; om de verkar mycket smutsiga eller igensatta \u00e4r det dags att byta ut dem. <\/span><\/p>\n<h2><span style=\"font-weight: 400\">Tillverkningskvalitet<\/span><\/h2>\n<p><span style=\"font-weight: 400\">Denna filterupps\u00e4ttning \u00e4r <\/span><b>tillverkad av Vallox, <\/b> <span style=\"font-weight: 400\">en p\u00e5litlig partner som vi har arbetat med i m\u00e5nga \u00e5r. Genom att k\u00f6pa alla produkter direkt fr\u00e5n dem s\u00e4kerst\u00e4ller vi \u00e4kthet och j\u00e4mn kvalitet. Vallox filter \u00e4r designade och tillverkade i Finland och f\u00f6ljer h\u00f6ga europeiska produktionsstandarder.   Med \u00f6ver 50 \u00e5rs erfarenhet \u00e4r Vallox ledande inom ventilationsl\u00f6sningar och arbetar kontinuerligt med innovation f\u00f6r att f\u00f6rb\u00e4ttra energieffektiviteten, minska bullret och \u00f6ka anv\u00e4ndarv\u00e4nligheten. Deras engagemang f\u00f6r kvalitet \u00e5terspeglas i anv\u00e4ndningen av certifierade material och noggranna tester, vilket s\u00e4kerst\u00e4ller att varje filter ger tillf\u00f6rlitlig prestanda och h\u00e5llbarhet. <\/span><\/p>\n<p><span style=\"font-weight: 400\"><strong>F7-filtret<\/strong> \u00e4r tillverkat med Minipleat-teknik, en t\u00e4t veckningsmetod d\u00e4r filtermediet \u00e4r t\u00e4tt veckat och limmat. Limfixeringen g\u00f6r att plisseringen h\u00e5lls j\u00e4mnt f\u00f6rdelad och stabil, vilket ger en j\u00e4mn filtrering \u00f6ver hela ytan.  J\u00e4mf\u00f6rt med standardveck ger den h\u00e4r konstruktionen en st\u00f6rre effektiv filtreringsyta, j\u00e4mnare luftfl\u00f6desf\u00f6rdelning, b\u00e4ttre partikelavskiljning och l\u00e4gre tryckfall.<\/span><\/p>\n<p><span style=\"font-weight: 400\">\u00c5 andra sidan \u00e4r de <strong>tv\u00e5 G4-filtren<\/strong> tillverkade av ett slitstarkt, tygliknande material som \u00e4r utformat f\u00f6r att f\u00e5nga upp st\u00f6rre partiklar. Filtret p\u00e5 utsugssidan skyddar MVHR-enheten fr\u00e5n intern dammuppbyggnad, medan filtret p\u00e5 tilluftssidan fungerar som ett f\u00f6rfilter som bidrar till att f\u00f6rl\u00e4nga livsl\u00e4ngden och prestandan hos huvudfiltret F7. <\/span><\/p>\n<p><span style=\"font-weight: 400\">Att v\u00e4lja <\/span><b>Vallox originalfilter<\/b><span style=\"font-weight: 400\"> s\u00e4kerst\u00e4ller att ditt MVHR-system fungerar i enlighet med tillverkarens angivna tekniska data och uppr\u00e4tth\u00e5ller b\u00e5de optimal luftkvalitet och energieffektivitet.<\/span><\/p>\n<h2><span style=\"font-weight: 400\">Ursprungliga produktkoder  <\/span><\/h2>\n<ul>\n<li><span style=\"font-weight: 400\">3260200<\/span><\/li>\n<\/ul>\n","protected":false},"excerpt":{"rendered":"<p>Modellkompatibilitet Kompatibel med f\u00f6ljande modeller: Vallox 80 SE Vallox 80 SC Vallox 80 PSL Vallox 90 SE Vallox 90 SE R Vallox 90 SE L Vallox 90 SC Vallox 90 MC Vallox 90 MV ValloPlus 240 SC ValloPlus 240 MV Filterupps\u00e4ttning nr 14 Vilken filterupps\u00e4ttning skyddar mot Filterupps\u00e4ttningen inneh\u00e5ller 3 filter med olika effektivitetsklasser: Extraktionsfilter [&hellip;]<\/p>\n","protected":false},"featured_media":23717,"comment_status":"open","ping_status":"closed","template":"","meta":{"_how_to_change":"<span style=\"font-weight: 400\">Anvisningar f\u00f6r byte av filter finns i manualen nedan:<\/span>\n\n<a href=\"https:\/\/filtriturg.ee\/wp-content\/uploads\/2025\/04\/Filter-Replacement-Manual-for-Vallox-90-filter-set-No.-14.pdf\">Manual f\u00f6r filterbyte f\u00f6r Vallox 90; filterupps\u00e4ttning nr 14<\/a>","_delivery_info":"<strong>Orderbehandlingstid<\/strong>\nAlla lagerf\u00f6rda produkter skickas inom 1-2 arbetsdagar, med undantag f\u00f6r tydligt m\u00e4rkta artiklar med l\u00e4ngre leveranstid (5-10 arbetsdagar).\n\n<strong>Fraktkostnader<\/strong>\nFrakt \u00e4r gratis f\u00f6r alla best\u00e4llningar \u00f6ver 59 \u20ac. F\u00f6r best\u00e4llningar upp till \u20ac59 ber\u00e4knas fraktkostnaden i kassan. \n\n<strong>Ordersp\u00e5rning<\/strong>\nN\u00e4r din <strong>order<\/strong> har skickats skickar vi dig ett bekr\u00e4ftelsemail med sp\u00e5rningsuppgifter s\u00e5 att du enkelt kan f\u00f6lja dess resa till dig.\n\n<strong>Bankdagar<\/strong>\nLeveranstiderna ber\u00e4knas i bankdagar - fr\u00e5n m\u00e5ndag till fredag, exklusive helgdagar.\n\n<strong>Enkel retur inom 30 dagar<\/strong>\nDu kan returnera alla produkter inom 30 dagar efter mottagandet f\u00f6r full \u00e5terbetalning - utan att st\u00e4lla n\u00e5gra fr\u00e5gor!\n\nOm du beh\u00f6ver returnera varor efter 30 dagar, v\u00e4nligen kontakta oss. Vi granskar dessa f\u00f6rfr\u00e5gningar fr\u00e5n fall till fall och kommer att g\u00f6ra v\u00e5rt b\u00e4sta f\u00f6r att hj\u00e4lpa till. \n\n<strong>Skick<\/strong> p\u00e5 returnerade produkter\nVi accepterar returer av oanv\u00e4nda produkter i intakt skick, inklusive produkter som \u00e4r of\u00f6rpackade men inte skadade. Produkter som \u00e4r skadade, smutsiga eller p\u00e5 annat s\u00e4tt oanv\u00e4ndbara kan inte accepteras f\u00f6r retur. \n\n<strong>Defekta eller felaktiga artiklar<\/strong>\nOm du f\u00e5r en defekt eller felaktig produkt, v\u00e4nligen kontakta oss omedelbart. Vi kommer att se till att problemet l\u00f6ses snabbt, eftersom din tillfredsst\u00e4llelse \u00e4r v\u00e5r h\u00f6gsta prioritet. \n\n<strong>Hur returnerar jag en vara?<\/strong>\nV\u00e4nligen kontakta oss innan du skickar tillbaka n\u00e5gra produkter. Vi ger dig information om returfrakt och hj\u00e4lper dig genom hela processen.  Vi st\u00e5r f\u00f6r alla kostnader f\u00f6r returfrakt.\n\n<strong>Tidslinje f\u00f6r behandling av \u00e5terbetalning<\/strong>\nN\u00e4r din returnerade produkt har levererats till oss kommer vi att kontrollera dess skick inom 5 arbetsdagar. \u00c5terbetalningar kommer att behandlas inom ytterligare 5 arbetsdagar efter godk\u00e4nnande, med hj\u00e4lp av den ursprungliga betalningsmetoden. \n\n<strong>\u00c4r det m\u00f6jligt att avbest\u00e4lla min order?<\/strong>\nJa, avbokningar \u00e4r m\u00f6jliga innan din best\u00e4llning har skickats.","_original_product_code":"3260200","_shipped_within":"1-2 arbetsdagar","_product_quantity":3,"_enable_bulk_discount":"yes","_bulk_discount_rules":[{"min_quantity":2,"discount_percentage":5},{"min_quantity":3,"discount_percentage":10},{"min_quantity":4,"discount_percentage":15}]},"product_brand":[],"product_cat":[10538,10577],"product_tag":[],"class_list":{"0":"post-23714","1":"product","2":"type-product","3":"status-publish","4":"has-post-thumbnail","6":"product_cat-vallox","7":"product_cat-vallox-90-se-sc-mc","9":"first","10":"instock","11":"taxable","12":"shipping-taxable","13":"purchasable","14":"product-type-simple"},"_links":{"self":[{"href":"https:\/\/filtri.fi\/sv\/wp-json\/wp\/v2\/product\/23714","targetHints":{"allow":["GET"]}}],"collection":[{"href":"https:\/\/filtri.fi\/sv\/wp-json\/wp\/v2\/product"}],"about":[{"href":"https:\/\/filtri.fi\/sv\/wp-json\/wp\/v2\/types\/product"}],"replies":[{"embeddable":true,"href":"https:\/\/filtri.fi\/sv\/wp-json\/wp\/v2\/comments?post=23714"}],"wp:featuredmedia":[{"embeddable":true,"href":"https:\/\/filtri.fi\/sv\/wp-json\/wp\/v2\/media\/23717"}],"wp:attachment":[{"href":"https:\/\/filtri.fi\/sv\/wp-json\/wp\/v2\/media?parent=23714"}],"wp:term":[{"taxonomy":"product_brand","embeddable":true,"href":"https:\/\/filtri.fi\/sv\/wp-json\/wp\/v2\/product_brand?post=23714"},{"taxonomy":"product_cat","embeddable":true,"href":"https:\/\/filtri.fi\/sv\/wp-json\/wp\/v2\/product_cat?post=23714"},{"taxonomy":"product_tag","embeddable":true,"href":"https:\/\/filtri.fi\/sv\/wp-json\/wp\/v2\/product_tag?post=23714"}],"curies":[{"name":"wp","href":"https:\/\/api.w.org\/{rel}","templated":true}]}}