{"id":23839,"date":"2025-04-09T17:08:20","date_gmt":"2025-04-09T17:08:20","guid":{"rendered":"https:\/\/filtri.fi\/product\/zehnder-comfod-350-450-550-filteruppsattning-g4f7-original\/"},"modified":"2025-04-09T17:08:20","modified_gmt":"2025-04-09T14:08:20","slug":"zehnder-comfod-350-450-550-filteruppsattning-g4f7-original","status":"publish","type":"product","link":"https:\/\/filtri.fi\/sv\/produkt\/zehnder-comfod-350-450-550-filteruppsattning-g4f7-original\/","title":{"rendered":"Zehnder ComfoD 350 \/ 450 \/ 550 filterupps\u00e4ttning G4+F7 (original)"},"content":{"rendered":"<h2><span style=\"font-weight: 400\">Modellkompatibilitet  <\/span><\/h2>\n<p><span style=\"font-weight: 400\">Denna filterupps\u00e4ttning \u00e4r konstruerad och tillverkad speciellt f\u00f6r Zehnders Q-serie.  <\/span><\/p>\n<p><span style=\"font-weight: 400\">Kompatibel med f\u00f6ljande modeller:<\/span><\/p>\n<ul>\n<li style=\"font-weight: 400\"><span style=\"font-weight: 400\">Zehnder ComfoD 350<\/span><\/li>\n<li style=\"font-weight: 400\"><span style=\"font-weight: 400\">Zehnder ComfoD 450<\/span><\/li>\n<li style=\"font-weight: 400\"><span style=\"font-weight: 400\">Zehnder ComfoD 550<\/span><\/li>\n<\/ul>\n<h2><span style=\"font-weight: 400\">Vilken filterupps\u00e4ttning skyddar mot  <\/span><\/h2>\n<p><span style=\"font-weight: 400\">Filterupps\u00e4ttningen inneh\u00e5ller <\/span><b>2 filter<\/b><span style=\"font-weight: 400\"> med olika effektivitetsklasser:<\/span><\/p>\n<ul>\n<li style=\"font-weight: 400\"><span style=\"font-weight: 400\">Extraktionsfilter &#8211; G4 (Grov 60%) &#8211; f\u00f6r MVHR-skydd<\/span><\/li>\n<li style=\"font-weight: 400\"><span style=\"font-weight: 400\">Tilluftsfilter &#8211; F7 (ePM1 50%) &#8211; f\u00f6r skydd av inomhusluft<\/span><\/li>\n<\/ul>\n<p><span style=\"font-weight: 400\">Denna filterupps\u00e4ttning f\u00f6ljer ISO 16890-standarden f\u00f6r partikelfiltreringseffektivitet.  <\/span><\/p>\n<p><span style=\"font-weight: 400\">G4-filter <\/span><b>G4-filter<\/b><span style=\"font-weight: 400\"> f\u00e5ngar upp till 60% av <\/span><span style=\"font-weight: 400\">grova <\/span><span style=\"font-weight: 400\">luftburna partiklar som \u00e4r st\u00f6rre \u00e4n 10 <\/span><span style=\"font-weight: 400\">mikrometer<\/span><span style=\"font-weight: 400\">, t.ex. jordpartiklar, stora pollenkorn, v\u00e4xtrester, insektsvingar, s\u00e5gsp\u00e5n, sand och textilludd. Den \u00e4r utformad f\u00f6r att rena luften som sugs ut fr\u00e5n ditt inomhusutrymme, vilket bidrar till att minska synligt damm och allm\u00e4n ansamling i ventilationssystemet. Detta s\u00e4nker energif\u00f6rbrukningen, h\u00e5ller enheten tyst och f\u00f6rl\u00e4nger systemets livsl\u00e4ngd.  <\/span><\/p>\n<p><span style=\"font-weight: 400\">F7-filter <\/span><b>F7-filter<\/b><span style=\"font-weight: 400\"> f\u00e5ngar upp cirka 50% av mycket fina partiklar s\u00e5 sm\u00e5 som 1 <\/span><span style=\"font-weight: 400\">mikron<\/span><span style=\"font-weight: 400\">inklusive bakterier, smog, tobaksr\u00f6kpartiklar, f\u00f6rbr\u00e4nningsdamm, sporer och r\u00f6kpartiklar fr\u00e5n skogsbr\u00e4nder. <\/span><span style=\"font-weight: 400\">Det hj\u00e4lper till att rena inkommande utomhusluft innan den kommer in i ditt hem, vilket f\u00f6rb\u00e4ttrar luftkvaliteten inomhus och skyddar din h\u00e4lsa.<\/span><\/p>\n<h2><span style=\"font-weight: 400\">Anv\u00e4ndning och underh\u00e5ll  <\/span><\/h2>\n<p><span style=\"font-weight: 400\">Zehnder rekommenderar att man byter ut <\/span><b>filter var 6:e m\u00e5nad<\/b><span style=\"font-weight: 400\">f\u00f6r att s\u00e4kerst\u00e4lla optimal luftkvalitet och systemprestanda.<\/span><\/p>\n<p><span style=\"font-weight: 400\">Bytesfrekvensen kan dock variera beroende p\u00e5 faktorer som t.ex:<\/span><\/p>\n<ul>\n<li style=\"font-weight: 400\"><b>Luftf\u00f6roreningsniv\u00e5er<\/b><span style=\"font-weight: 400\"> (t.ex. stadsomr\u00e5den kontra landsbygd)<\/span><\/li>\n<li style=\"font-weight: 400\"><b>Allergier eller \u00f6verk\u00e4nslighet i andningsv\u00e4garna<\/b><\/li>\n<li style=\"font-weight: 400\"><b>Husdjur inomhus eller r\u00f6kning<\/b><\/li>\n<li style=\"font-weight: 400\"><b>Damm fr\u00e5n n\u00e4rliggande byggarbetsplatser<\/b><\/li>\n<\/ul>\n<p><span style=\"font-weight: 400\">Om ditt system inneh\u00e5ller en <\/span><b>indikator f\u00f6r filterbyte<\/b><span style=\"font-weight: 400\">och f\u00f6lj dess varningar. Kontrollera annars filtren visuellt &#8211; om de verkar mycket smutsiga eller igensatta \u00e4r det dags att byta ut dem. <\/span><\/p>\n<h2><span style=\"font-weight: 400\">Tillverkningskvalitet<\/span><\/h2>\n<p><span style=\"font-weight: 400\">Denna filterupps\u00e4ttning \u00e4r <\/span><b>tillverkad av Zehnder<\/b><span style=\"font-weight: 400\">, en p\u00e5litlig partner som vi har arbetat med i m\u00e5nga \u00e5r. Vi k\u00f6per alla produkter direkt fr\u00e5n dem, vilket garanterar \u00e4kthet och j\u00e4mn kvalitet.  Zehnder har sina tillverkningsanl\u00e4ggningar i  <\/span><b>Nederl\u00e4nderna, Frankrike och Schweiz<\/b><span style=\"font-weight: 400\">och uppr\u00e4tth\u00e5ller h\u00f6ga europeiska produktionsstandarder.<\/span><\/p>\n<p><span style=\"font-weight: 400\">Filtren \u00e4r tillverkade med Z-Pleat-teknik, som avsev\u00e4rt \u00f6kar filtreringsytan genom att materialet viks i flera veck. Denna veckade design f\u00f6rb\u00e4ttrar inte bara partikelavskiljningen utan minskar ocks\u00e5 luftmotst\u00e5ndet i systemet, vilket hj\u00e4lper din MVHR-enhet att arbeta mer effektivt.   <\/span><\/p>\n<p><span style=\"font-weight: 400\">Genom att anv\u00e4nda <\/span><b>Zehnders originalfilter<\/b><span style=\"font-weight: 400\">s\u00e4kerst\u00e4ller du att ditt MVHR-system fungerar i enlighet med tillverkarens angivna tekniska data och uppr\u00e4tth\u00e5ller b\u00e5de optimal luftkvalitet och energieffektivitet.<\/span><\/p>\n<h2><span style=\"font-weight: 400\">Ursprungliga produktkoder  <\/span><\/h2>\n<ul>\n<li><span style=\"font-weight: 400\">400100084<\/span><\/li>\n<li><span style=\"font-weight: 400\">400100066<\/span><\/li>\n<li><span style=\"font-weight: 400\">400100065<\/span><\/li>\n<\/ul>\n","protected":false},"excerpt":{"rendered":"<p>Modellkompatibilitet Denna filterupps\u00e4ttning \u00e4r konstruerad och tillverkad speciellt f\u00f6r Zehnders Q-serie. Kompatibel med f\u00f6ljande modeller: Zehnder ComfoD 350 Zehnder ComfoD 450 Zehnder ComfoD 550 Vilken filterupps\u00e4ttning skyddar mot Filterupps\u00e4ttningen inneh\u00e5ller 2 filter med olika effektivitetsklasser: Extraktionsfilter &#8211; G4 (Grov 60%) &#8211; f\u00f6r MVHR-skydd Tilluftsfilter &#8211; F7 (ePM1 50%) &#8211; f\u00f6r skydd av inomhusluft Denna filterupps\u00e4ttning [&hellip;]<\/p>\n","protected":false},"featured_media":23840,"comment_status":"open","ping_status":"closed","template":"","meta":{"_how_to_change":"https:\/\/www.youtube.com\/watch?v=lTOaX6e9EF4","_delivery_info":"<strong>Orderbehandlingstid<\/strong>\nAlla lagerf\u00f6rda produkter skickas inom 1-2 arbetsdagar, med undantag f\u00f6r tydligt m\u00e4rkta artiklar med l\u00e4ngre leveranstid (5-10 arbetsdagar).\n\n<strong>Fraktkostnader<\/strong>\nFrakt \u00e4r gratis f\u00f6r alla best\u00e4llningar \u00f6ver 59 \u20ac. F\u00f6r best\u00e4llningar upp till \u20ac59 ber\u00e4knas fraktkostnaden i kassan. \n\n<strong>Ordersp\u00e5rning<\/strong>\nN\u00e4r din <strong>order<\/strong> har skickats skickar vi dig ett bekr\u00e4ftelsemail med sp\u00e5rningsuppgifter s\u00e5 att du enkelt kan f\u00f6lja dess resa till dig.\n\n<strong>Bankdagar<\/strong>\nLeveranstiderna ber\u00e4knas i bankdagar - fr\u00e5n m\u00e5ndag till fredag, exklusive helgdagar.\n\n<strong>Enkel retur inom 30 dagar<\/strong>\nDu kan returnera alla produkter inom 30 dagar efter mottagandet f\u00f6r full \u00e5terbetalning - utan att st\u00e4lla n\u00e5gra fr\u00e5gor!\n\nOm du beh\u00f6ver returnera varor efter 30 dagar, v\u00e4nligen kontakta oss. Vi granskar dessa f\u00f6rfr\u00e5gningar fr\u00e5n fall till fall och kommer att g\u00f6ra v\u00e5rt b\u00e4sta f\u00f6r att hj\u00e4lpa till. \n\n<strong>Skick<\/strong> p\u00e5 returnerade produkter\nVi accepterar returer av oanv\u00e4nda produkter i intakt skick, inklusive produkter som \u00e4r of\u00f6rpackade men inte skadade. Produkter som \u00e4r skadade, smutsiga eller p\u00e5 annat s\u00e4tt oanv\u00e4ndbara kan inte accepteras f\u00f6r retur. \n\n<strong>Defekta eller felaktiga artiklar<\/strong>\nOm du f\u00e5r en defekt eller felaktig produkt, v\u00e4nligen kontakta oss omedelbart. Vi kommer att se till att problemet l\u00f6ses snabbt, eftersom din tillfredsst\u00e4llelse \u00e4r v\u00e5r h\u00f6gsta prioritet. \n\n<strong>Hur returnerar jag en vara?<\/strong>\nV\u00e4nligen kontakta oss innan du skickar tillbaka n\u00e5gra produkter. Vi ger dig information om returfrakt och hj\u00e4lper dig genom hela processen.  Vi st\u00e5r f\u00f6r alla kostnader f\u00f6r returfrakt.\n\n<strong>Tidslinje f\u00f6r behandling av \u00e5terbetalning<\/strong>\nN\u00e4r din returnerade produkt har levererats till oss kommer vi att kontrollera dess skick inom 5 arbetsdagar. \u00c5terbetalningar kommer att behandlas inom ytterligare 5 arbetsdagar efter godk\u00e4nnande, med hj\u00e4lp av den ursprungliga betalningsmetoden. \n\n<strong>\u00c4r det m\u00f6jligt att avbest\u00e4lla min order?<\/strong>\nJa, avbokningar \u00e4r m\u00f6jliga innan din best\u00e4llning har skickats.","_original_product_code":"400100084, 400100066, 400100065","_shipped_within":"1-2 arbetsdagar","_product_quantity":2,"_enable_bulk_discount":"yes","_bulk_discount_rules":[{"min_quantity":2,"discount_percentage":5},{"min_quantity":3,"discount_percentage":10},{"min_quantity":4,"discount_percentage":15}]},"product_brand":[],"product_cat":[10687,10751,10752],"product_tag":[],"class_list":{"0":"post-23839","1":"product","2":"type-product","3":"status-publish","4":"has-post-thumbnail","6":"product_cat-zehnder","7":"product_cat-zehnder-comfod","8":"product_cat-zehnder-comfod-350-450-550","10":"first","11":"instock","12":"taxable","13":"shipping-taxable","14":"purchasable","15":"product-type-simple"},"_links":{"self":[{"href":"https:\/\/filtri.fi\/sv\/wp-json\/wp\/v2\/product\/23839","targetHints":{"allow":["GET"]}}],"collection":[{"href":"https:\/\/filtri.fi\/sv\/wp-json\/wp\/v2\/product"}],"about":[{"href":"https:\/\/filtri.fi\/sv\/wp-json\/wp\/v2\/types\/product"}],"replies":[{"embeddable":true,"href":"https:\/\/filtri.fi\/sv\/wp-json\/wp\/v2\/comments?post=23839"}],"wp:featuredmedia":[{"embeddable":true,"href":"https:\/\/filtri.fi\/sv\/wp-json\/wp\/v2\/media\/23840"}],"wp:attachment":[{"href":"https:\/\/filtri.fi\/sv\/wp-json\/wp\/v2\/media?parent=23839"}],"wp:term":[{"taxonomy":"product_brand","embeddable":true,"href":"https:\/\/filtri.fi\/sv\/wp-json\/wp\/v2\/product_brand?post=23839"},{"taxonomy":"product_cat","embeddable":true,"href":"https:\/\/filtri.fi\/sv\/wp-json\/wp\/v2\/product_cat?post=23839"},{"taxonomy":"product_tag","embeddable":true,"href":"https:\/\/filtri.fi\/sv\/wp-json\/wp\/v2\/product_tag?post=23839"}],"curies":[{"name":"wp","href":"https:\/\/api.w.org\/{rel}","templated":true}]}}