{"id":24250,"date":"2025-04-09T17:07:19","date_gmt":"2025-04-09T17:07:19","guid":{"rendered":"https:\/\/filtri.fi\/product\/systemair-save-vtr-vtc-700-pf-filteruppsattning-m5f7-original\/"},"modified":"2025-04-09T17:07:19","modified_gmt":"2025-04-09T14:07:19","slug":"systemair-save-vtr-vtc-700-pf-filteruppsattning-m5f7-original","status":"publish","type":"product","link":"https:\/\/filtri.fi\/sv\/produkt\/systemair-save-vtr-vtc-700-pf-filteruppsattning-m5f7-original\/","title":{"rendered":"Systemair Save VTR\/VTC 700 (PF) filterupps\u00e4ttning M5+F7 (original)"},"content":{"rendered":"<h2><span style=\"font-weight: 400\">Modellkompatibilitet  <\/span><\/h2>\n<p><span style=\"font-weight: 400\">Kompatibel med f\u00f6ljande modeller:<\/span><\/p>\n<ul>\n<li style=\"font-weight: 400\"><span style=\"font-weight: 400\">Systemair Save VTR 700 PF<\/span><\/li>\n<li style=\"font-weight: 400\"><span style=\"font-weight: 400\">Systemair Save VTC 700 PF<\/span><\/li>\n<li style=\"font-weight: 400\"><span style=\"font-weight: 400\">Systemair Save VTR 700 R<\/span><\/li>\n<li style=\"font-weight: 400\"><span style=\"font-weight: 400\">Systemair Save VTR 700 L<\/span><\/li>\n<li style=\"font-weight: 400\"><span style=\"font-weight: 400\">Systemair Save VTC 700 R<\/span><\/li>\n<li style=\"font-weight: 400\"><span style=\"font-weight: 400\">Systemair Save VTC 700 L<\/span><\/li>\n<\/ul>\n<h2><span style=\"font-weight: 400\">Vilken filterupps\u00e4ttning skyddar mot  <\/span><\/h2>\n<p><span style=\"font-weight: 400\">Filterupps\u00e4ttningen inneh\u00e5ller <\/span><b>2 filter<\/b><span style=\"font-weight: 400\"> med olika effektivitetsklasser:<\/span><\/p>\n<ul>\n<li style=\"font-weight: 400\"><span style=\"font-weight: 400\">Extrahera filter &#8211; M5 (ePM10 <\/span><span style=\"font-weight: 400\">50<\/span><span style=\"font-weight: 400\">%) &#8211; f\u00f6r MVHR-skydd<\/span><\/li>\n<li style=\"font-weight: 400\"><span style=\"font-weight: 400\">Tilluftsfilter &#8211; F7 (ePM1 60%) &#8211; f\u00f6r skydd av inomhusluft<\/span><\/li>\n<\/ul>\n<p><span style=\"font-weight: 400\">Denna filterupps\u00e4ttning f\u00f6ljer ISO 16890-standarden f\u00f6r partikelfiltreringseffektivitet.  <\/span><\/p>\n<p><span style=\"font-weight: 400\">Filter <\/span><b>M5-filter <\/b><span style=\"font-weight: 400\">f\u00e5ngar upp cirka <\/span><span style=\"font-weight: 400\">50%<\/span><span style=\"font-weight: 400\"> av partiklar som \u00e4r 10 mikrometer eller <\/span><span style=\"font-weight: 400\">st\u00f6rre<\/span><span style=\"font-weight: 400\">s\u00e5som pollen, m\u00f6gelsporer, djurmj\u00e4ll och husdamm. Den \u00e4r utformad f\u00f6r att rena luften som sugs ut fr\u00e5n ditt inomhusutrymme, vilket bidrar till att minska synligt damm och allm\u00e4n ansamling i ventilationssystemet. Detta s\u00e4nker energif\u00f6rbrukningen, h\u00e5ller enheten tyst och f\u00f6rl\u00e4nger systemets livsl\u00e4ngd.  <\/span><\/p>\n<p><span style=\"font-weight: 400\">F7-filter <\/span><b>F7-filter<\/b><span style=\"font-weight: 400\">  f\u00e5ngar upp cirka 60 % av mycket fina partiklar som \u00e4r s\u00e5 sm\u00e5 som 1 mikrometer, inklusive bakterier, smog, tobaksr\u00f6kpartiklar, f\u00f6rbr\u00e4nningsdamm, sporer och r\u00f6kpartiklar fr\u00e5n skogsbr\u00e4nder. Den hj\u00e4lper till att rena inkommande utomhusluft innan den kommer in i dina lokaler, vilket f\u00f6rb\u00e4ttrar luftkvaliteten inomhus och skyddar din h\u00e4lsa. <\/span><\/p>\n<h2><span style=\"font-weight: 400\">Anv\u00e4ndning och underh\u00e5ll  <\/span><\/h2>\n<p><span style=\"font-weight: 400\">Systemair rekommenderar att man byter ut <\/span><b>filter var 3-6 m\u00e5nad<\/b><span style=\"font-weight: 400\">f\u00f6r att s\u00e4kerst\u00e4lla optimal luftkvalitet och systemprestanda.<\/span><\/p>\n<p><span style=\"font-weight: 400\">Bytesfrekvensen kan dock variera beroende p\u00e5 faktorer som t.ex:<\/span><\/p>\n<ul>\n<li style=\"font-weight: 400\"><b>Luftf\u00f6roreningsniv\u00e5er<\/b><span style=\"font-weight: 400\"> (t.ex. stadsomr\u00e5den kontra landsbygd)<\/span><\/li>\n<li style=\"font-weight: 400\"><b>Allergier eller \u00f6verk\u00e4nslighet i andningsv\u00e4garna<\/b><\/li>\n<li style=\"font-weight: 400\"><b>Husdjur inomhus eller r\u00f6kning<\/b><\/li>\n<li style=\"font-weight: 400\"><b>Damm fr\u00e5n n\u00e4rliggande byggarbetsplatser<\/b><\/li>\n<\/ul>\n<p><span style=\"font-weight: 400\">Om ditt system inneh\u00e5ller en <\/span><b>indikator f\u00f6r filterbyte<\/b><span style=\"font-weight: 400\">och f\u00f6lj dess varningar. Kontrollera annars filtren visuellt &#8211; om de verkar mycket smutsiga eller igensatta \u00e4r det dags att byta ut dem. <\/span><\/p>\n<h2><span style=\"font-weight: 400\">Tillverkningskvalitet<\/span><\/h2>\n<p><span style=\"font-weight: 400\">Denna filterupps\u00e4ttning \u00e4r <\/span><b>tillverkad av Systemair<\/b><span style=\"font-weight: 400\">en global pionj\u00e4r inom ventilationsteknik <\/span><b>baserat i Sverige<\/b><span style=\"font-weight: 400\">. Med \u00f6ver 40 \u00e5rs erfarenhet och ett starkt fokus p\u00e5 innovation \u00e4r Systemair k\u00e4nt f\u00f6r att producera tillf\u00f6rlitliga och h\u00f6gpresterande l\u00f6sningar f\u00f6r inomhusklimat. B\u00e5de deras ventilationsaggregat och originalfilter utvecklas och tillverkas enligt strikta europeiska produktionsstandarder, vilket s\u00e4kerst\u00e4ller full kompatibilitet, optimal prestanda och l\u00e5g energif\u00f6rbrukning. Varje filter genomg\u00e5r rigor\u00f6sa interna tester f\u00f6r luftfl\u00f6deseffektivitet, dammh\u00e5llande kapacitet och l\u00e5ngsiktig h\u00e5llbarhet.  <\/span><\/p>\n<p><span style=\"font-weight: 400\">Dessa kompakta filter<\/span> <span style=\"font-weight: 400\">\u00e4r tillverkade med hj\u00e4lp av <\/span><span style=\"font-weight: 400\">Minipleat-teknik<\/span><span style=\"font-weight: 400\">Filtermediet \u00e4r en t\u00e4t veckningsmetod d\u00e4r filtermediet \u00e4r t\u00e4tt veckat och f\u00e4st med lim. Denna limfixering g\u00f6r att plisseringen h\u00e5lls j\u00e4mnt f\u00f6rdelad och stabil, vilket ger en j\u00e4mn filtrering \u00f6ver hela ytan.  J\u00e4mf\u00f6rt med standardveck ger den h\u00e4r konstruktionen en st\u00f6rre effektiv filtreringsyta, j\u00e4mnare luftfl\u00f6desf\u00f6rdelning, b\u00e4ttre partikelavskiljning och l\u00e4gre tryckfall.<\/span><\/p>\n<p><span style=\"font-weight: 400\">Genom att v\u00e4lja <\/span><b>original Systemair-filter<\/b><span style=\"font-weight: 400\">s\u00e4kerst\u00e4ller du att ditt MVHR-system fungerar i enlighet med tillverkarens angivna tekniska data och uppr\u00e4tth\u00e5ller b\u00e5de optimal luftkvalitet och energieffektivitet. <\/span> <\/p>\n<h2><span style=\"font-weight: 400\">Ursprungliga produktkoder  <\/span><\/h2>\n<ul>\n<li style=\"font-weight: 400\">145849 PF STD-sats<\/li>\n<li style=\"font-weight: 400\">207471 (M5)<\/li>\n<li style=\"font-weight: 400\">207472 (F7)<\/li>\n<\/ul>\n","protected":false},"excerpt":{"rendered":"<p>Modellkompatibilitet Kompatibel med f\u00f6ljande modeller: Systemair Save VTR 700 PF Systemair Save VTC 700 PF Systemair Save VTR 700 R Systemair Save VTR 700 L Systemair Save VTC 700 R Systemair Save VTC 700 L Vilken filterupps\u00e4ttning skyddar mot Filterupps\u00e4ttningen inneh\u00e5ller 2 filter med olika effektivitetsklasser: Extrahera filter &#8211; M5 (ePM10 50%) &#8211; f\u00f6r MVHR-skydd [&hellip;]<\/p>\n","protected":false},"featured_media":24253,"comment_status":"open","ping_status":"closed","template":"","meta":{"_how_to_change":"Anvisningar f\u00f6r byte av filter finns i manualerna nedan:\n\n<a href=\"https:\/\/filtriturg.ee\/wp-content\/uploads\/2025\/04\/Filter-Operation-Manual-for-Systemair-Save-Series.pdf\">Filter Operation Manual for Systemair Save Series<\/a>\n\n<a href=\"https:\/\/filtriturg.ee\/wp-content\/uploads\/2025\/04\/Filter-Operation-Manual-for-Systemair-Save-VTR-700-PF-Save-VTC-700-PF.pdf\">Filter Operation Manual for Systemair Save VTR 700 PF &amp; Save VTC 700 (PF)<\/a>\n\nhttps:\/\/www.youtube.com\/watch?v=GwdVZvrMq4g","_delivery_info":"<strong>Orderbehandlingstid<\/strong>\nAlla lagerf\u00f6rda produkter skickas inom 1-2 arbetsdagar, med undantag f\u00f6r tydligt m\u00e4rkta artiklar med l\u00e4ngre leveranstid (5-10 arbetsdagar).\n\n<strong>Fraktkostnader<\/strong>\nFrakt \u00e4r gratis f\u00f6r alla best\u00e4llningar \u00f6ver 59 \u20ac. F\u00f6r best\u00e4llningar upp till \u20ac59 ber\u00e4knas fraktkostnaden i kassan. \n\n<strong>Ordersp\u00e5rning<\/strong>\nN\u00e4r din <strong>order<\/strong> har skickats skickar vi dig ett bekr\u00e4ftelsemail med sp\u00e5rningsuppgifter s\u00e5 att du enkelt kan f\u00f6lja dess resa till dig.\n\n<strong>Bankdagar<\/strong>\nLeveranstiderna ber\u00e4knas i bankdagar - fr\u00e5n m\u00e5ndag till fredag, exklusive helgdagar.\n\n<strong>Enkel retur inom 30 dagar<\/strong>\nDu kan returnera alla produkter inom 30 dagar efter mottagandet f\u00f6r full \u00e5terbetalning - utan att st\u00e4lla n\u00e5gra fr\u00e5gor!\n\nOm du beh\u00f6ver returnera varor efter 30 dagar, v\u00e4nligen kontakta oss. Vi granskar dessa f\u00f6rfr\u00e5gningar fr\u00e5n fall till fall och kommer att g\u00f6ra v\u00e5rt b\u00e4sta f\u00f6r att hj\u00e4lpa till. \n\n<strong>Skick<\/strong> p\u00e5 returnerade produkter\nVi accepterar returer av oanv\u00e4nda produkter i intakt skick, inklusive produkter som \u00e4r of\u00f6rpackade men inte skadade. Produkter som \u00e4r skadade, smutsiga eller p\u00e5 annat s\u00e4tt oanv\u00e4ndbara kan inte accepteras f\u00f6r retur. \n\n<strong>Defekta eller felaktiga artiklar<\/strong>\nOm du f\u00e5r en defekt eller felaktig produkt, v\u00e4nligen kontakta oss omedelbart. Vi kommer att se till att problemet l\u00f6ses snabbt, eftersom din tillfredsst\u00e4llelse \u00e4r v\u00e5r h\u00f6gsta prioritet. \n\n<strong>Hur returnerar jag en vara?<\/strong>\nV\u00e4nligen kontakta oss innan du skickar tillbaka n\u00e5gra produkter. Vi ger dig information om returfrakt och hj\u00e4lper dig genom hela processen.  Vi st\u00e5r f\u00f6r alla kostnader f\u00f6r returfrakt.\n\n<strong>Tidslinje f\u00f6r behandling av \u00e5terbetalning<\/strong>\nN\u00e4r din returnerade produkt har levererats till oss kommer vi att kontrollera dess skick inom 5 arbetsdagar. \u00c5terbetalningar kommer att behandlas inom ytterligare 5 arbetsdagar efter godk\u00e4nnande, med hj\u00e4lp av den ursprungliga betalningsmetoden. \n\n<strong>\u00c4r det m\u00f6jligt att avbest\u00e4lla min order?<\/strong>\nJa, avbokningar \u00e4r m\u00f6jliga innan din best\u00e4llning har skickats.","_original_product_code":"145849 PF STD kit; 207471 (M5); 207472 (F7)","_shipped_within":"1-2 arbetsdagar","_product_quantity":2,"_enable_bulk_discount":"yes","_bulk_discount_rules":[{"min_quantity":2,"discount_percentage":5},{"min_quantity":3,"discount_percentage":10},{"min_quantity":4,"discount_percentage":15}]},"product_brand":[],"product_cat":[10506,11512,10507],"product_tag":[],"class_list":{"0":"post-24250","1":"product","2":"type-product","3":"status-publish","4":"has-post-thumbnail","6":"product_cat-systemair","7":"product_cat-systemair-save-vtr-vtc-700-pf","8":"product_cat-systemair-spara","10":"first","11":"instock","12":"taxable","13":"shipping-taxable","14":"purchasable","15":"product-type-simple"},"_links":{"self":[{"href":"https:\/\/filtri.fi\/sv\/wp-json\/wp\/v2\/product\/24250","targetHints":{"allow":["GET"]}}],"collection":[{"href":"https:\/\/filtri.fi\/sv\/wp-json\/wp\/v2\/product"}],"about":[{"href":"https:\/\/filtri.fi\/sv\/wp-json\/wp\/v2\/types\/product"}],"replies":[{"embeddable":true,"href":"https:\/\/filtri.fi\/sv\/wp-json\/wp\/v2\/comments?post=24250"}],"wp:featuredmedia":[{"embeddable":true,"href":"https:\/\/filtri.fi\/sv\/wp-json\/wp\/v2\/media\/24253"}],"wp:attachment":[{"href":"https:\/\/filtri.fi\/sv\/wp-json\/wp\/v2\/media?parent=24250"}],"wp:term":[{"taxonomy":"product_brand","embeddable":true,"href":"https:\/\/filtri.fi\/sv\/wp-json\/wp\/v2\/product_brand?post=24250"},{"taxonomy":"product_cat","embeddable":true,"href":"https:\/\/filtri.fi\/sv\/wp-json\/wp\/v2\/product_cat?post=24250"},{"taxonomy":"product_tag","embeddable":true,"href":"https:\/\/filtri.fi\/sv\/wp-json\/wp\/v2\/product_tag?post=24250"}],"curies":[{"name":"wp","href":"https:\/\/api.w.org\/{rel}","templated":true}]}}