{"id":24723,"date":"2025-04-09T17:03:55","date_gmt":"2025-04-09T17:03:55","guid":{"rendered":"https:\/\/filtri.fi\/product\/komfovent-domekt-r-300-v-c6-c8-filterset-m5m5-original\/"},"modified":"2025-04-09T17:03:55","modified_gmt":"2025-04-09T14:03:55","slug":"komfovent-domekt-r-300-v-c6-c8-filterset-m5m5-original","status":"publish","type":"product","link":"https:\/\/filtri.fi\/sv\/produkt\/komfovent-domekt-r-300-v-c6-c8-filterset-m5m5-original\/","title":{"rendered":"Komfovent Domekt R 300 V C6 C8 filterset M5+M5 (original)"},"content":{"rendered":"<h2><span style=\"font-weight: 400\">Modellkompatibilitet  <\/span><\/h2>\n<p><span style=\"font-weight: 400\">Kompatibel med f\u00f6ljande modeller:<\/span><\/p>\n<ul>\n<li style=\"font-weight: 400\">Komfovent Domekt R 300 V C6\/C8<\/li>\n<\/ul>\n<h2><span style=\"font-weight: 400\">Vilken filterupps\u00e4ttning skyddar mot  <\/span><\/h2>\n<p><span style=\"font-weight: 400\">Filterupps\u00e4ttningen inneh\u00e5ller <\/span><b>2 filter<\/b><span style=\"font-weight: 400\">:<\/span><\/p>\n<ul>\n<li style=\"font-weight: 400\"><span style=\"font-weight: 400\">Extrahera filter &#8211; M5 (ePM10 <\/span><span style=\"font-weight: 400\">50%<\/span><span style=\"font-weight: 400\">) &#8211; f\u00f6r MVHR-skydd<\/span><\/li>\n<li style=\"font-weight: 400\"><span style=\"font-weight: 400\">Filter f\u00f6r matning &#8211; M5 (ePM10) <\/span><span style=\"font-weight: 400\">50%<\/span><span style=\"font-weight: 400\">) &#8211; f\u00f6r skydd av inomhusluften<\/span><\/li>\n<\/ul>\n<p><span style=\"font-weight: 400\">Denna filterupps\u00e4ttning f\u00f6ljer ISO 16890-standarden f\u00f6r partikelfiltreringseffektivitet.<\/span><\/p>\n<p><span style=\"font-weight: 400\"><strong>M5-filtren<\/strong> f\u00e5ngar upp cirka <\/span><span style=\"font-weight: 400\">50%<\/span><span style=\"font-weight: 400\">  av partiklar som \u00e4r 10 mikrometer eller st\u00f6rre, t.ex. pollen, m\u00f6gelsporer, mj\u00e4ll fr\u00e5n husdjur och husdamm. Den ena filtrerar luften som sugs ut fr\u00e5n ditt inomhusutrymme och skyddar MVHR-enheten, medan den andra renar utomhusluften som tillf\u00f6rs dina lokaler, vilket f\u00f6rb\u00e4ttrar luftkvaliteten inomhus och skyddar din h\u00e4lsa.  Detta bidrar till att minska synligt damm, s\u00e4nker energif\u00f6rbrukningen, g\u00f6r att systemet g\u00e5r tyst och f\u00f6rl\u00e4nger dess livsl\u00e4ngd.<\/span><\/p>\n<h2><span style=\"font-weight: 400\">Anv\u00e4ndning och underh\u00e5ll  <\/span><\/h2>\n<p><span style=\"font-weight: 400\">Komfovent rekommenderar att man byter ut <\/span><b>filter var 6:e m\u00e5nad<\/b><span style=\"font-weight: 400\">f\u00f6r att s\u00e4kerst\u00e4lla optimal luftkvalitet och systemprestanda.<\/span><\/p>\n<p><span style=\"font-weight: 400\">Bytesfrekvensen kan dock variera beroende p\u00e5 faktorer som t.ex:<\/span><\/p>\n<ul>\n<li style=\"font-weight: 400\"><b>Luftf\u00f6roreningsniv\u00e5er<\/b><span style=\"font-weight: 400\"> (t.ex. stadsomr\u00e5den kontra landsbygd)<\/span><\/li>\n<li style=\"font-weight: 400\"><b>Allergier eller \u00f6verk\u00e4nslighet i andningsv\u00e4garna<\/b><\/li>\n<li style=\"font-weight: 400\"><b>Husdjur inomhus eller r\u00f6kning<\/b><\/li>\n<li style=\"font-weight: 400\"><b>Damm fr\u00e5n n\u00e4rliggande byggarbetsplatser<\/b><\/li>\n<\/ul>\n<p><span style=\"font-weight: 400\">Om ditt system inneh\u00e5ller en <\/span><b>indikator f\u00f6r filterbyte<\/b><span style=\"font-weight: 400\">och f\u00f6lj dess varningar. Kontrollera annars filtren visuellt &#8211; om de verkar mycket smutsiga eller igensatta \u00e4r det dags att byta ut dem. <\/span><\/p>\n<h2><span style=\"font-weight: 400\">Tillverkningskvalitet<\/span><\/h2>\n<p><span style=\"font-weight: 400\">Denna filterupps\u00e4ttning \u00e4r <\/span><b>tillverkas i Litauen av Komfovents eget dotterbolag med produktionsanl\u00e4ggning<\/b><span style=\"font-weight: 400\">som arbetar enligt strikta ISO 16890-standarder. Komfovent anv\u00e4nder endast filtermaterial av h\u00f6gsta kvalitet fr\u00e5n Tyskland, vilket garanterar enast\u00e5ende prestanda och tillf\u00f6rlitlighet.  Anl\u00e4ggningen \u00e4r bland de mest avancerade i Europa och \u00e4r k\u00e4nd f\u00f6r sin h\u00f6gprecisionsfilterproduktion och konsekventa kvalitet i varje produkt.<\/span><\/p>\n<p><span style=\"font-weight: 400\">Filtren \u00e4r tillverkade med Minipleat-teknik, en metod f\u00f6r t\u00e4t plissering d\u00e4r filtermediet \u00e4r t\u00e4tt veckat och limmat. Denna limfixering g\u00f6r att plisseringen h\u00e5lls j\u00e4mnt f\u00f6rdelad och stabil, vilket ger en j\u00e4mn filtrering \u00f6ver hela ytan.  J\u00e4mf\u00f6rt med standardveck ger den h\u00e4r konstruktionen en st\u00f6rre effektiv filtreringsyta, j\u00e4mnare luftfl\u00f6desf\u00f6rdelning, b\u00e4ttre partikelavskiljning och l\u00e4gre tryckfall.<\/span><\/p>\n<p><span style=\"font-weight: 400\">Genom att v\u00e4lja <\/span><b>original Komfovent-filter<\/b><span style=\"font-weight: 400\">garanterar du att ditt ventilationssystem fungerar i enlighet med tillverkarens specifikationer, vilket ger optimal inomhusluftkvalitet och energieffektivitet.<\/span><\/p>\n","protected":false},"excerpt":{"rendered":"<p>Modellkompatibilitet Kompatibel med f\u00f6ljande modeller: Komfovent Domekt R 300 V C6\/C8 Vilken filterupps\u00e4ttning skyddar mot Filterupps\u00e4ttningen inneh\u00e5ller 2 filter: Extrahera filter &#8211; M5 (ePM10 50%) &#8211; f\u00f6r MVHR-skydd Filter f\u00f6r matning &#8211; M5 (ePM10) 50%) &#8211; f\u00f6r skydd av inomhusluften Denna filterupps\u00e4ttning f\u00f6ljer ISO 16890-standarden f\u00f6r partikelfiltreringseffektivitet. M5-filtren f\u00e5ngar upp cirka 50% av partiklar som [&hellip;]<\/p>\n","protected":false},"featured_media":24724,"comment_status":"open","ping_status":"closed","template":"","meta":{"_how_to_change":"Instruktioner f\u00f6r byte av filter finns i manualen nedan:\n\n<a href=\"https:\/\/filtriturg.ee\/wp-content\/uploads\/2025\/04\/Filter-Replacement-Manual-for-Komfovent-Domekt-C8.pdf\">Manual f\u00f6r byteav filter f\u00f6r Komfovent Domekt C8<\/a>","_delivery_info":"<strong>Orderbehandlingstid<\/strong>\nAlla lagerf\u00f6rda produkter skickas inom 1-2 arbetsdagar, med undantag f\u00f6r tydligt m\u00e4rkta artiklar med l\u00e4ngre leveranstid (5-10 arbetsdagar).\n\n<strong>Fraktkostnader<\/strong>\nFrakt \u00e4r gratis f\u00f6r alla best\u00e4llningar \u00f6ver 59 \u20ac. F\u00f6r best\u00e4llningar upp till \u20ac59 ber\u00e4knas fraktkostnaden i kassan. \n\n<strong>Ordersp\u00e5rning<\/strong>\nN\u00e4r din <strong>order<\/strong> har skickats skickar vi dig ett bekr\u00e4ftelsemail med sp\u00e5rningsuppgifter s\u00e5 att du enkelt kan f\u00f6lja dess resa till dig.\n\n<strong>Bankdagar<\/strong>\nLeveranstiderna ber\u00e4knas i bankdagar - fr\u00e5n m\u00e5ndag till fredag, exklusive helgdagar.\n\n<strong>Enkel retur inom 30 dagar<\/strong>\nDu kan returnera alla produkter inom 30 dagar efter mottagandet f\u00f6r full \u00e5terbetalning - utan att st\u00e4lla n\u00e5gra fr\u00e5gor!\n\nOm du beh\u00f6ver returnera varor efter 30 dagar, v\u00e4nligen kontakta oss. Vi granskar dessa f\u00f6rfr\u00e5gningar fr\u00e5n fall till fall och kommer att g\u00f6ra v\u00e5rt b\u00e4sta f\u00f6r att hj\u00e4lpa till. \n\n<strong>Skick<\/strong> p\u00e5 returnerade produkter\nVi accepterar returer av oanv\u00e4nda produkter i intakt skick, inklusive produkter som \u00e4r of\u00f6rpackade men inte skadade. Produkter som \u00e4r skadade, smutsiga eller p\u00e5 annat s\u00e4tt oanv\u00e4ndbara kan inte accepteras f\u00f6r retur. \n\n<strong>Defekta eller felaktiga artiklar<\/strong>\nOm du f\u00e5r en defekt eller felaktig produkt, v\u00e4nligen kontakta oss omedelbart. Vi kommer att se till att problemet l\u00f6ses snabbt, eftersom din tillfredsst\u00e4llelse \u00e4r v\u00e5r h\u00f6gsta prioritet. \n\n<strong>Hur returnerar jag en vara?<\/strong>\nV\u00e4nligen kontakta oss innan du skickar tillbaka n\u00e5gra produkter. Vi ger dig information om returfrakt och hj\u00e4lper dig genom hela processen.  Vi st\u00e5r f\u00f6r alla kostnader f\u00f6r returfrakt.\n\n<strong>Tidslinje f\u00f6r behandling av \u00e5terbetalning<\/strong>\nN\u00e4r din returnerade produkt har levererats till oss kommer vi att kontrollera dess skick inom 5 arbetsdagar. \u00c5terbetalningar kommer att behandlas inom ytterligare 5 arbetsdagar efter godk\u00e4nnande, med hj\u00e4lp av den ursprungliga betalningsmetoden. \n\n<strong>\u00c4r det m\u00f6jligt att avbest\u00e4lla min order?<\/strong>\nJa, avbokningar \u00e4r m\u00f6jliga innan din best\u00e4llning har skickats.","_original_product_code":"","_shipped_within":"1-2 arbetsdagar","_product_quantity":2,"_enable_bulk_discount":"yes","_bulk_discount_rules":[{"min_quantity":2,"discount_percentage":5},{"min_quantity":3,"discount_percentage":10},{"min_quantity":4,"discount_percentage":15}]},"product_brand":[],"product_cat":[11724,11731,11758,11760,11728],"product_tag":[],"class_list":{"0":"post-24723","1":"product","2":"type-product","3":"status-publish","4":"has-post-thumbnail","6":"product_cat-komfovent","7":"product_cat-komfovent-domekt-r","8":"product_cat-komfovent-domekt-r-300","9":"product_cat-komfovent-domekt-r-300-v-c6-c8","10":"product_cat-komfovent-kupol","12":"first","13":"instock","14":"taxable","15":"shipping-taxable","16":"purchasable","17":"product-type-simple"},"_links":{"self":[{"href":"https:\/\/filtri.fi\/sv\/wp-json\/wp\/v2\/product\/24723","targetHints":{"allow":["GET"]}}],"collection":[{"href":"https:\/\/filtri.fi\/sv\/wp-json\/wp\/v2\/product"}],"about":[{"href":"https:\/\/filtri.fi\/sv\/wp-json\/wp\/v2\/types\/product"}],"replies":[{"embeddable":true,"href":"https:\/\/filtri.fi\/sv\/wp-json\/wp\/v2\/comments?post=24723"}],"wp:featuredmedia":[{"embeddable":true,"href":"https:\/\/filtri.fi\/sv\/wp-json\/wp\/v2\/media\/24724"}],"wp:attachment":[{"href":"https:\/\/filtri.fi\/sv\/wp-json\/wp\/v2\/media?parent=24723"}],"wp:term":[{"taxonomy":"product_brand","embeddable":true,"href":"https:\/\/filtri.fi\/sv\/wp-json\/wp\/v2\/product_brand?post=24723"},{"taxonomy":"product_cat","embeddable":true,"href":"https:\/\/filtri.fi\/sv\/wp-json\/wp\/v2\/product_cat?post=24723"},{"taxonomy":"product_tag","embeddable":true,"href":"https:\/\/filtri.fi\/sv\/wp-json\/wp\/v2\/product_tag?post=24723"}],"curies":[{"name":"wp","href":"https:\/\/api.w.org\/{rel}","templated":true}]}}