{"id":25135,"date":"2025-04-07T06:40:41","date_gmt":"2025-04-07T06:40:41","guid":{"rendered":"https:\/\/filtri.fi\/product\/blauberg-komfort-roto-ec-se-200-filterset-g4f7-eget-varumarke\/"},"modified":"2025-04-07T06:40:41","modified_gmt":"2025-04-07T03:40:41","slug":"blauberg-komfort-roto-ec-se-200-filterset-g4f7-eget-varumarke","status":"publish","type":"product","link":"https:\/\/filtri.fi\/sv\/produkt\/blauberg-komfort-roto-ec-se-200-filterset-g4f7-eget-varumarke\/","title":{"rendered":"Blauberg Komfort Roto EC SE 200 filterset G4+F7 (eget varum\u00e4rke)"},"content":{"rendered":"<h2><span style=\"font-weight: 400\">Modellkompatibilitet  <\/span><\/h2>\n<p><span style=\"font-weight: 400\">Kompatibel med f\u00f6ljande modeller:<\/span><\/p>\n<ul>\n<li style=\"font-weight: 400\"><span style=\"font-weight: 400\">Blauberg Komfort Roto EC SE 200<\/span><\/li>\n<li style=\"font-weight: 400\"><span style=\"font-weight: 400\">Blauberg Komfort Roto EC SKE 200<\/span><\/li>\n<li style=\"font-weight: 400\"><span style=\"font-weight: 400\">Blauberg Komfort Roto EC S2 200<\/span><\/li>\n<li style=\"font-weight: 400\"><span style=\"font-weight: 400\">Blauberg Komfort Roto EC S2E200<\/span><\/li>\n<\/ul>\n<h2><span style=\"font-weight: 400\">Tv\u00e5 filter \u00e4r tillr\u00e4ckligt f\u00f6r regelbunden Blauberg-anv\u00e4ndning<\/span><\/h2>\n<p><span style=\"font-weight: 400\">Blaubergs MVHR-enheter har ursprungligen tre filter installerade. Det tredje filtret l\u00e4ggs till tillf\u00e4lligt under eller strax efter byggnationen f\u00f6r att skydda huvudfiltret fr\u00e5n byggdamm och skr\u00e4p.  Den \u00e4r avsedd att tas bort n\u00e4r bygget \u00e4r klart och du flyttar in i lokalen.<\/span><\/p>\n<p><span style=\"font-weight: 400\">Efter det \u00e4r systemet utformat f\u00f6r att <\/span><b>utformat f\u00f6r att fungera effektivt med tv\u00e5 filter<\/b><span style=\"font-weight: 400\">: ett f\u00f6r fr\u00e5nluften (d\u00e5lig inomhusluft som g\u00e5r ut) och ett f\u00f6r tilluften (frisk luft som kommer in). Det \u00e4r on\u00f6digt att anv\u00e4nda mer \u00e4n tv\u00e5 filter under normal drift.  Vid byte av filter \u00e4r det d\u00e4rf\u00f6r bara de tv\u00e5 huvudfiltren som beh\u00f6ver bytas.<\/span><\/p>\n<h2><span style=\"font-weight: 400\">Vilken filterupps\u00e4ttning skyddar mot  <\/span><\/h2>\n<p><span style=\"font-weight: 400\">Filterupps\u00e4ttningen inneh\u00e5ller <\/span><b>2 filter<\/b><span style=\"font-weight: 400\"> med olika effektivitetsklasser:<\/span><\/p>\n<ul>\n<li style=\"font-weight: 400\"><span style=\"font-weight: 400\">Extraktionsfilter &#8211; G4 (Grov 80%) &#8211; f\u00f6r MVHR-skydd<\/span><\/li>\n<li style=\"font-weight: 400\"><span style=\"font-weight: 400\">Tilluftsfilter &#8211; F7 (ePM1 70%) &#8211; f\u00f6r skydd av inomhusluft<\/span><\/li>\n<\/ul>\n<p><span style=\"font-weight: 400\">Denna filterupps\u00e4ttning f\u00f6ljer ISO 16890-standarden f\u00f6r partikelfiltreringseffektivitet.  <\/span><\/p>\n<p><span style=\"font-weight: 400\">G4-filter <\/span><b>G4-filter<\/b><span style=\"font-weight: 400\"> f\u00e5ngar upp till 80% av de grova luftburna partiklarna som \u00e4r st\u00f6rre \u00e4n 10 <\/span><span style=\"font-weight: 400\">mikrometer<\/span><span style=\"font-weight: 400\">, t.ex. jordpartiklar, stora pollenkorn, v\u00e4xtrester, insektsvingar, s\u00e5gsp\u00e5n, sand och textilludd. Den \u00e4r utformad f\u00f6r att rena luften som sugs ut fr\u00e5n ditt inomhusutrymme, vilket bidrar till att minska synligt damm och allm\u00e4n ansamling i ventilationssystemet. Detta s\u00e4nker energif\u00f6rbrukningen, h\u00e5ller enheten tyst och f\u00f6rl\u00e4nger systemets livsl\u00e4ngd.  <\/span><\/p>\n<p><span style=\"font-weight: 400\">F7-filter <\/span><b>F7-filter<\/b><span style=\"font-weight: 400\"> f\u00e5ngar upp cirka 70% av mycket fina partiklar s\u00e5 sm\u00e5 som 1 <\/span><span style=\"font-weight: 400\">mikron<\/span><span style=\"font-weight: 400\">Den renar utomhusluften fr\u00e5n alla typer av f\u00f6roreningar, inklusive bakterier, smog, tobaksr\u00f6kpartiklar, f\u00f6rbr\u00e4nningsdamm, sporer och r\u00f6kpartiklar fr\u00e5n skogsbr\u00e4nder. Den hj\u00e4lper till att rena inkommande utomhusluft innan den kommer in i dina lokaler, vilket f\u00f6rb\u00e4ttrar luftkvaliteten inomhus och skyddar din h\u00e4lsa. <\/span><\/p>\n<h2><span style=\"font-weight: 400\">Anv\u00e4ndning och underh\u00e5ll  <\/span><\/h2>\n<p><span style=\"font-weight: 400\">Blauberg <\/span><span style=\"font-weight: 400\">rekommenderar att man byter ut <\/span><b>filter varje <\/b><b>6<\/b><b> m\u00e5nader<\/b><span style=\"font-weight: 400\">f\u00f6r att s\u00e4kerst\u00e4lla optimal luftkvalitet och systemprestanda.<\/span><\/p>\n<p><span style=\"font-weight: 400\">Bytesfrekvensen kan dock variera beroende p\u00e5 faktorer som t.ex:<\/span><\/p>\n<ul>\n<li style=\"font-weight: 400\"><b>Luftf\u00f6roreningsniv\u00e5er<\/b><span style=\"font-weight: 400\"> (t.ex. stadsomr\u00e5den kontra landsbygd)<\/span><\/li>\n<li style=\"font-weight: 400\"><b>Allergier eller \u00f6verk\u00e4nslighet i andningsv\u00e4garna<\/b><\/li>\n<li style=\"font-weight: 400\"><b>Husdjur inomhus eller r\u00f6kning<\/b><\/li>\n<li style=\"font-weight: 400\"><b>Damm fr\u00e5n n\u00e4rliggande byggarbetsplatser<\/b><\/li>\n<\/ul>\n<p><span style=\"font-weight: 400\">Dammsugning \u00e4r till\u00e5ten. Efter tv\u00e5 p\u00e5 varandra f\u00f6ljande reng\u00f6ringar m\u00e5ste filtren bytas ut. <\/span><\/p>\n<p><span style=\"font-weight: 400\">Om ditt system inneh\u00e5ller en <\/span><b>indikator f\u00f6r filterbyte<\/b><span style=\"font-weight: 400\">och f\u00f6lj dess varningar. Kontrollera annars filtren visuellt &#8211; om de verkar mycket smutsiga eller igensatta \u00e4r det dags att byta ut dem. <\/span><\/p>\n<h2><span style=\"font-weight: 400\">Tillverkningskvalitet<\/span><\/h2>\n<p><span style=\"font-weight: 400\">Denna filterupps\u00e4ttning \u00e4r en del av v\u00e5rt noggrant utvecklade husm\u00e4rke, <\/span><b>tillverkad i Europeiska unionen<\/b><span style=\"font-weight: 400\">  av v\u00e5ra betrodda partners som uppfyller v\u00e5ra strikta kvalitetsstandarder. Vi har ett n\u00e4ra samarbete med varje produktionspartner och utf\u00f6r v\u00e5ra egna kvalitetskontroller f\u00f6r att s\u00e4kerst\u00e4lla att varje filter har tillf\u00f6rlitlig prestanda och j\u00e4mn kvalitet. <\/span><\/p>\n<p><span style=\"font-weight: 400\">G4-panelfiltret p\u00e5 <\/span><b>G4-panelfilter p\u00e5 utdragssidan<\/b><span style=\"font-weight: 400\"> \u00e4r tillverkat med hj\u00e4lp av <\/span><span style=\"font-weight: 400\">Z-line-teknik<\/span><span style=\"font-weight: 400\">med vikt filtermedia monterat i en pappram. En s\u00e5dan konstruktion \u00f6kar filtreringsytan, f\u00f6rb\u00e4ttrar partikelavskiljningen, ger en j\u00e4mnare f\u00f6rdelning av luftfl\u00f6det och ett l\u00e5gt tryckfall. <\/span><\/p>\n<p><span style=\"font-weight: 400\">Kompaktfiltret <\/span><b>F7 kompaktfilter p\u00e5 matningssidan<\/b><span style=\"font-weight: 400\"> \u00e4r tillverkat med hj\u00e4lp av <\/span><span style=\"font-weight: 400\">Minipleat-teknik<\/span><span style=\"font-weight: 400\">Filtermediet \u00e4r en t\u00e4t veckningsmetod d\u00e4r filtermediet \u00e4r t\u00e4tt veckat och f\u00e4st med lim. Denna limfixering g\u00f6r att plisseringen h\u00e5lls j\u00e4mnt f\u00f6rdelad och stabil, vilket ger en j\u00e4mn filtrering \u00f6ver hela ytan.  J\u00e4mf\u00f6rt med standardveck ger den h\u00e4r konstruktionen en st\u00f6rre effektiv filtreringsyta, j\u00e4mnare luftfl\u00f6desf\u00f6rdelning, b\u00e4ttre partikelavskiljning och l\u00e4gre tryckfall.<\/span><\/p>\n","protected":false},"excerpt":{"rendered":"<p>Modellkompatibilitet Kompatibel med f\u00f6ljande modeller: Blauberg Komfort Roto EC SE 200 Blauberg Komfort Roto EC SKE 200 Blauberg Komfort Roto EC S2 200 Blauberg Komfort Roto EC S2E200 Tv\u00e5 filter \u00e4r tillr\u00e4ckligt f\u00f6r regelbunden Blauberg-anv\u00e4ndning Blaubergs MVHR-enheter har ursprungligen tre filter installerade. Det tredje filtret l\u00e4ggs till tillf\u00e4lligt under eller strax efter byggnationen f\u00f6r att [&hellip;]<\/p>\n","protected":false},"featured_media":25139,"comment_status":"open","ping_status":"closed","template":"","meta":{"_how_to_change":"<span style=\"font-weight: 400\">Anvisningar f\u00f6r byte av filter finns i manualen nedan:<\/span>\n\n<a href=\"https:\/\/filtriturg.ee\/wp-content\/uploads\/2025\/04\/Filter-Replacement-Manual-for-Blauberg-Komfort-Roto-EC-SE-200.pdf\">Manual f\u00f6r filterbyte f\u00f6r Blauberg Komfort Roto EC SE 200<\/a>","_delivery_info":"<strong>Orderbehandlingstid<\/strong>\nAlla lagerf\u00f6rda produkter skickas inom 1-2 arbetsdagar, med undantag f\u00f6r tydligt m\u00e4rkta artiklar med l\u00e4ngre leveranstid (5-10 arbetsdagar).\n\n<strong>Fraktkostnader<\/strong>\nFrakt \u00e4r gratis f\u00f6r alla best\u00e4llningar \u00f6ver 59 \u20ac. F\u00f6r best\u00e4llningar upp till \u20ac59 ber\u00e4knas fraktkostnaden i kassan. \n\n<strong>Ordersp\u00e5rning<\/strong>\nN\u00e4r din <strong>order<\/strong> har skickats skickar vi dig ett bekr\u00e4ftelsemail med sp\u00e5rningsuppgifter s\u00e5 att du enkelt kan f\u00f6lja dess resa till dig.\n\n<strong>Bankdagar<\/strong>\nLeveranstiderna ber\u00e4knas i bankdagar - fr\u00e5n m\u00e5ndag till fredag, exklusive helgdagar.\n\n<strong>Enkel retur inom 30 dagar<\/strong>\nDu kan returnera alla produkter inom 30 dagar efter mottagandet f\u00f6r full \u00e5terbetalning - utan att st\u00e4lla n\u00e5gra fr\u00e5gor!\n\nOm du beh\u00f6ver returnera varor efter 30 dagar, v\u00e4nligen kontakta oss. Vi granskar dessa f\u00f6rfr\u00e5gningar fr\u00e5n fall till fall och kommer att g\u00f6ra v\u00e5rt b\u00e4sta f\u00f6r att hj\u00e4lpa till. \n\n<strong>Skick<\/strong> p\u00e5 returnerade produkter\nVi accepterar returer av oanv\u00e4nda produkter i intakt skick, inklusive produkter som \u00e4r of\u00f6rpackade men inte skadade. Produkter som \u00e4r skadade, smutsiga eller p\u00e5 annat s\u00e4tt oanv\u00e4ndbara kan inte accepteras f\u00f6r retur. \n\n<strong>Defekta eller felaktiga artiklar<\/strong>\nOm du f\u00e5r en defekt eller felaktig produkt, v\u00e4nligen kontakta oss omedelbart. Vi kommer att se till att problemet l\u00f6ses snabbt, eftersom din tillfredsst\u00e4llelse \u00e4r v\u00e5r h\u00f6gsta prioritet. \n\n<strong>Hur returnerar jag en vara?<\/strong>\nV\u00e4nligen kontakta oss innan du skickar tillbaka n\u00e5gra produkter. Vi ger dig information om returfrakt och hj\u00e4lper dig genom hela processen.  Vi st\u00e5r f\u00f6r alla kostnader f\u00f6r returfrakt.\n\n<strong>Tidslinje f\u00f6r behandling av \u00e5terbetalning<\/strong>\nN\u00e4r din returnerade produkt har levererats till oss kommer vi att kontrollera dess skick inom 5 arbetsdagar. \u00c5terbetalningar kommer att behandlas inom ytterligare 5 arbetsdagar efter godk\u00e4nnande, med hj\u00e4lp av den ursprungliga betalningsmetoden. \n\n<strong>\u00c4r det m\u00f6jligt att avbest\u00e4lla min order?<\/strong>\nJa, avbokningar \u00e4r m\u00f6jliga innan din best\u00e4llning har skickats.","_original_product_code":"","_shipped_within":"1-2 arbetsdagar","_product_quantity":2,"_enable_bulk_discount":"yes","_bulk_discount_rules":[{"min_quantity":2,"discount_percentage":5},{"min_quantity":3,"discount_percentage":10},{"min_quantity":4,"discount_percentage":15}]},"product_brand":[],"product_cat":[12807,12808,12809],"product_tag":[],"class_list":{"0":"post-25135","1":"product","2":"type-product","3":"status-publish","4":"has-post-thumbnail","6":"product_cat-blauberg","7":"product_cat-blauberg-komfort-roto-ec","8":"product_cat-blauberg-komfort-roto-ec-se-200","10":"first","11":"instock","12":"taxable","13":"shipping-taxable","14":"purchasable","15":"product-type-simple"},"_links":{"self":[{"href":"https:\/\/filtri.fi\/sv\/wp-json\/wp\/v2\/product\/25135","targetHints":{"allow":["GET"]}}],"collection":[{"href":"https:\/\/filtri.fi\/sv\/wp-json\/wp\/v2\/product"}],"about":[{"href":"https:\/\/filtri.fi\/sv\/wp-json\/wp\/v2\/types\/product"}],"replies":[{"embeddable":true,"href":"https:\/\/filtri.fi\/sv\/wp-json\/wp\/v2\/comments?post=25135"}],"wp:featuredmedia":[{"embeddable":true,"href":"https:\/\/filtri.fi\/sv\/wp-json\/wp\/v2\/media\/25139"}],"wp:attachment":[{"href":"https:\/\/filtri.fi\/sv\/wp-json\/wp\/v2\/media?parent=25135"}],"wp:term":[{"taxonomy":"product_brand","embeddable":true,"href":"https:\/\/filtri.fi\/sv\/wp-json\/wp\/v2\/product_brand?post=25135"},{"taxonomy":"product_cat","embeddable":true,"href":"https:\/\/filtri.fi\/sv\/wp-json\/wp\/v2\/product_cat?post=25135"},{"taxonomy":"product_tag","embeddable":true,"href":"https:\/\/filtri.fi\/sv\/wp-json\/wp\/v2\/product_tag?post=25135"}],"curies":[{"name":"wp","href":"https:\/\/api.w.org\/{rel}","templated":true}]}}