{"id":25223,"date":"2025-04-07T06:41:45","date_gmt":"2025-04-07T06:41:45","guid":{"rendered":"https:\/\/filtri.fi\/product\/brink-flair-225-filteruppsattning-g4g4-eget-marke\/"},"modified":"2025-04-07T06:41:45","modified_gmt":"2025-04-07T03:41:45","slug":"brink-flair-225-filteruppsattning-g4g4-eget-marke","status":"publish","type":"product","link":"https:\/\/filtri.fi\/sv\/produkt\/brink-flair-225-filteruppsattning-g4g4-eget-marke\/","title":{"rendered":"Brink Flair 225 filterupps\u00e4ttning G4+G4 (eget m\u00e4rke)"},"content":{"rendered":"<h2><span style=\"font-weight: 400;\">Modellkompatibilitet  <\/span><\/h2>\n<p><span style=\"font-weight: 400;\">Kompatibel med f\u00f6ljande modeller:<\/span><\/p>\n<ul>\n<li style=\"font-weight: 400;\"><span style=\"font-weight: 400;\">Brink Flair 225<\/span><\/li>\n<\/ul>\n<h2><span style=\"font-weight: 400;\">Vilken filterupps\u00e4ttning skyddar mot  <\/span><\/h2>\n<p><span style=\"font-weight: 400;\">Filterupps\u00e4ttningen inneh\u00e5ller <\/span><b>2 filter<\/b><span style=\"font-weight: 400;\">:<\/span><\/p>\n<ul>\n<li style=\"font-weight: 400;\"><span style=\"font-weight: 400;\">Extraktionsfilter &#8211; G4 (Grov 60%) &#8211; f\u00f6r MVHR-skydd<\/span><\/li>\n<li style=\"font-weight: 400;\"><span style=\"font-weight: 400;\">Tilluftsfilter &#8211; G4 (Grov 60%) &#8211; f\u00f6r skydd av inomhusluften<\/span><\/li>\n<\/ul>\n<p><span style=\"font-weight: 400;\">Denna filterupps\u00e4ttning f\u00f6ljer ISO 16890-standarden f\u00f6r partikelfiltreringseffektivitet.  <\/span><\/p>\n<p><span style=\"font-weight: 400;\">G4-filter <\/span><b>G4-filter<\/b><span style=\"font-weight: 400;\">  f\u00e5ngar upp till 60 % av grova luftburna partiklar som \u00e4r st\u00f6rre \u00e4n 10 mikrometer, t.ex. jordpartiklar, stora pollenkorn, v\u00e4xtrester, insektsvingar, s\u00e5gsp\u00e5n, sand och textilludd. En av dem filtrerar luften som sugs ut fr\u00e5n ditt inomhusutrymme och skyddar MVHR-enheten genom att minska synligt damm och allm\u00e4n ansamling i ventilationssystemet.  Den andra renar utomhusluften som tillf\u00f6rs dina lokaler, vilket f\u00f6rb\u00e4ttrar inomhusluftens kvalitet och skyddar din h\u00e4lsa.<\/span><\/p>\n<h2><span style=\"font-weight: 400;\">Anv\u00e4ndning och underh\u00e5ll  <\/span><\/h2>\n<p><span style=\"font-weight: 400;\">Salda <\/span><span style=\"font-weight: 400;\">rekommenderar att man byter ut <\/span><b>filter varje <\/b><b>3-6<\/b><b> m\u00e5nader<\/b><span style=\"font-weight: 400;\">f\u00f6r att s\u00e4kerst\u00e4lla optimal luftkvalitet och systemprestanda.<\/span><\/p>\n<p><span style=\"font-weight: 400;\">Bytesfrekvensen kan dock variera beroende p\u00e5 faktorer som t.ex:<\/span><\/p>\n<ul>\n<li style=\"font-weight: 400;\"><b>Luftf\u00f6roreningsniv\u00e5er<\/b><span style=\"font-weight: 400;\"> (t.ex. stadsomr\u00e5den kontra landsbygd)<\/span><\/li>\n<li style=\"font-weight: 400;\"><b>Allergier eller \u00f6verk\u00e4nslighet i andningsv\u00e4garna<\/b><\/li>\n<li style=\"font-weight: 400;\"><b>Husdjur inomhus eller r\u00f6kning<\/b><\/li>\n<li style=\"font-weight: 400;\"><b>Damm fr\u00e5n n\u00e4rliggande byggarbetsplatser<\/b><\/li>\n<\/ul>\n<p><span style=\"font-weight: 400;\">Om ditt system inneh\u00e5ller en <\/span><b>indikator f\u00f6r filterbyte<\/b><span style=\"font-weight: 400;\">och f\u00f6lj dess varningar. Kontrollera annars filtren visuellt &#8211; om de verkar mycket smutsiga eller igensatta \u00e4r det dags att byta ut dem. <\/span><\/p>\n<h2><span style=\"font-weight: 400;\">Tillverkningskvalitet<\/span><\/h2>\n<p><span style=\"font-weight: 400;\">Denna filterupps\u00e4ttning \u00e4r en del av v\u00e5rt noggrant utvecklade husm\u00e4rke, <\/span><b>tillverkad i Europeiska unionen<\/b><span style=\"font-weight: 400;\">  av v\u00e5ra betrodda partners som uppfyller v\u00e5ra strikta kvalitetsstandarder. Vi har ett n\u00e4ra samarbete med varje produktionspartner och utf\u00f6r v\u00e5ra egna kvalitetskontroller f\u00f6r att s\u00e4kerst\u00e4lla att varje filter har tillf\u00f6rlitlig prestanda och j\u00e4mn kvalitet. <\/span><\/p>\n<p><span style=\"font-weight: 400;\">Dessa filter \u00e4r konstruerade med en h\u00e5llbar galvaniserad tr\u00e5dram som motst\u00e5r fukt och deformation, vilket s\u00e4kerst\u00e4ller l\u00e5ngsiktig strukturell stabilitet. Filtermediet \u00e4r tillverkat av h\u00f6gkvalitativa icke-v\u00e4vda syntetfibrer &#8211; s\u00e4kra, elastiska och mycket effektiva f\u00f6r att f\u00e5nga upp grova luftburna partiklar. \u00c4ven om utseendet kan skilja sig fr\u00e5n Electrolux originalfilter \u00e4r de helt kompatibla med de angivna modellerna och ger tillf\u00f6rlitlig filtrering.  <\/span><\/p>\n<h2><span style=\"font-weight: 400;\">Ursprungliga produktkoder  <\/span><\/h2>\n<ul>\n<li>532811<\/li>\n<li>580636<\/li>\n<\/ul>\n","protected":false},"excerpt":{"rendered":"<p>Modellkompatibilitet Kompatibel med f\u00f6ljande modeller: Brink Flair 225 Vilken filterupps\u00e4ttning skyddar mot Filterupps\u00e4ttningen inneh\u00e5ller 2 filter: Extraktionsfilter &#8211; G4 (Grov 60%) &#8211; f\u00f6r MVHR-skydd Tilluftsfilter &#8211; G4 (Grov 60%) &#8211; f\u00f6r skydd av inomhusluften Denna filterupps\u00e4ttning f\u00f6ljer ISO 16890-standarden f\u00f6r partikelfiltreringseffektivitet. G4-filter G4-filter f\u00e5ngar upp till 60 % av grova luftburna partiklar som \u00e4r st\u00f6rre [&hellip;]<\/p>\n","protected":false},"featured_media":25225,"comment_status":"open","ping_status":"closed","template":"","meta":{"_how_to_change":"Instruktioner f\u00f6r byte av filter finns i manualen nedan:\n\n<a href=\"https:\/\/filtriturg.ee\/wp-content\/uploads\/2025\/04\/Filter-Replacement-Manual-for-Brink-Flair-225.pdf\">Filterbytesmanual f\u00f6r Brink Flair 225<\/a>","_delivery_info":"<strong>Orderbehandlingstid<\/strong>\nAlla lagerf\u00f6rda produkter skickas inom 1-2 arbetsdagar, med undantag f\u00f6r tydligt m\u00e4rkta artiklar med l\u00e4ngre leveranstid (5-10 arbetsdagar).\n\n<strong>Fraktkostnader<\/strong>\nFrakt \u00e4r gratis f\u00f6r alla best\u00e4llningar \u00f6ver 59 \u20ac. F\u00f6r best\u00e4llningar upp till \u20ac59 ber\u00e4knas fraktkostnaden i kassan. \n\n<strong>Ordersp\u00e5rning<\/strong>\nN\u00e4r din <strong>order<\/strong> har skickats skickar vi dig ett bekr\u00e4ftelsemail med sp\u00e5rningsuppgifter s\u00e5 att du enkelt kan f\u00f6lja dess resa till dig.\n\n<strong>Bankdagar<\/strong>\nLeveranstiderna ber\u00e4knas i bankdagar - fr\u00e5n m\u00e5ndag till fredag, exklusive helgdagar.\n\n<strong>Enkel retur inom 30 dagar<\/strong>\nDu kan returnera alla produkter inom 30 dagar efter mottagandet f\u00f6r full \u00e5terbetalning - utan att st\u00e4lla n\u00e5gra fr\u00e5gor!\n\nOm du beh\u00f6ver returnera varor efter 30 dagar, v\u00e4nligen kontakta oss. Vi granskar dessa f\u00f6rfr\u00e5gningar fr\u00e5n fall till fall och kommer att g\u00f6ra v\u00e5rt b\u00e4sta f\u00f6r att hj\u00e4lpa till. \n\n<strong>Skick<\/strong> p\u00e5 returnerade produkter\nVi accepterar returer av oanv\u00e4nda produkter i intakt skick, inklusive produkter som \u00e4r of\u00f6rpackade men inte skadade. Produkter som \u00e4r skadade, smutsiga eller p\u00e5 annat s\u00e4tt oanv\u00e4ndbara kan inte accepteras f\u00f6r retur. \n\n<strong>Defekta eller felaktiga artiklar<\/strong>\nOm du f\u00e5r en defekt eller felaktig produkt, v\u00e4nligen kontakta oss omedelbart. Vi kommer att se till att problemet l\u00f6ses snabbt, eftersom din tillfredsst\u00e4llelse \u00e4r v\u00e5r h\u00f6gsta prioritet. \n\n<strong>Hur returnerar jag en vara?<\/strong>\nV\u00e4nligen kontakta oss innan du skickar tillbaka n\u00e5gra produkter. Vi ger dig information om returfrakt och hj\u00e4lper dig genom hela processen.  Vi st\u00e5r f\u00f6r alla kostnader f\u00f6r returfrakt.\n\n<strong>Tidslinje f\u00f6r behandling av \u00e5terbetalning<\/strong>\nN\u00e4r din returnerade produkt har levererats till oss kommer vi att kontrollera dess skick inom 5 arbetsdagar. \u00c5terbetalningar kommer att behandlas inom ytterligare 5 arbetsdagar efter godk\u00e4nnande, med hj\u00e4lp av den ursprungliga betalningsmetoden. \n\n<strong>\u00c4r det m\u00f6jligt att avbest\u00e4lla min order?<\/strong>\nJa, avbokningar \u00e4r m\u00f6jliga innan din best\u00e4llning har skickats.","_original_product_code":"532811, 580636","_shipped_within":"1-2 arbetsdagar","_product_quantity":2,"_enable_bulk_discount":"yes","_bulk_discount_rules":[{"min_quantity":2,"discount_percentage":5},{"min_quantity":3,"discount_percentage":10},{"min_quantity":4,"discount_percentage":15}]},"product_brand":[],"product_cat":[12859,12899,12908],"product_tag":[],"class_list":{"0":"post-25223","1":"product","2":"type-product","3":"status-publish","4":"has-post-thumbnail","6":"product_cat-brink","7":"product_cat-brink-flair","8":"product_cat-brink-flair-225","10":"first","11":"instock","12":"taxable","13":"shipping-taxable","14":"purchasable","15":"product-type-simple"},"_links":{"self":[{"href":"https:\/\/filtri.fi\/sv\/wp-json\/wp\/v2\/product\/25223","targetHints":{"allow":["GET"]}}],"collection":[{"href":"https:\/\/filtri.fi\/sv\/wp-json\/wp\/v2\/product"}],"about":[{"href":"https:\/\/filtri.fi\/sv\/wp-json\/wp\/v2\/types\/product"}],"replies":[{"embeddable":true,"href":"https:\/\/filtri.fi\/sv\/wp-json\/wp\/v2\/comments?post=25223"}],"wp:featuredmedia":[{"embeddable":true,"href":"https:\/\/filtri.fi\/sv\/wp-json\/wp\/v2\/media\/25225"}],"wp:attachment":[{"href":"https:\/\/filtri.fi\/sv\/wp-json\/wp\/v2\/media?parent=25223"}],"wp:term":[{"taxonomy":"product_brand","embeddable":true,"href":"https:\/\/filtri.fi\/sv\/wp-json\/wp\/v2\/product_brand?post=25223"},{"taxonomy":"product_cat","embeddable":true,"href":"https:\/\/filtri.fi\/sv\/wp-json\/wp\/v2\/product_cat?post=25223"},{"taxonomy":"product_tag","embeddable":true,"href":"https:\/\/filtri.fi\/sv\/wp-json\/wp\/v2\/product_tag?post=25223"}],"curies":[{"name":"wp","href":"https:\/\/api.w.org\/{rel}","templated":true}]}}