{"id":25285,"date":"2025-04-07T06:42:28","date_gmt":"2025-04-07T06:42:28","guid":{"rendered":"https:\/\/filtri.fi\/product\/defro-drx-v-opti-v-filterset-med-aktivt-kol-m5m5ac-original\/"},"modified":"2025-04-07T06:42:28","modified_gmt":"2025-04-07T03:42:28","slug":"defro-drx-v-opti-v-filterset-med-aktivt-kol-m5m5ac-original","status":"publish","type":"product","link":"https:\/\/filtri.fi\/sv\/produkt\/defro-drx-v-opti-v-filterset-med-aktivt-kol-m5m5ac-original\/","title":{"rendered":"Defro DRX V \/ OPTI V filterset med aktivt kol M5+M5(AC) (original)"},"content":{"rendered":"<h2><span style=\"font-weight: 400\">Modellkompatibilitet  <\/span><\/h2>\n<p><span style=\"font-weight: 400\">Kompatibel med f\u00f6ljande modeller:<\/span><\/p>\n<ul>\n<li style=\"font-weight: 400\"><span style=\"font-weight: 400\">Defro DRX 300 V<\/span><\/li>\n<li style=\"font-weight: 400\"><span style=\"font-weight: 400\">Defro DRX 400 V<\/span><\/li>\n<li style=\"font-weight: 400\"><span style=\"font-weight: 400\">Defro DRX 500 V<\/span><\/li>\n<li style=\"font-weight: 400\"><span style=\"font-weight: 400\">Defro DRX OPTI 300 V<\/span><\/li>\n<li style=\"font-weight: 400\"><span style=\"font-weight: 400\">Defro DRX OPTI 400 V<\/span><\/li>\n<li style=\"font-weight: 400\"><span style=\"font-weight: 400\">Defro DRX OPTI 500 V<\/span><\/li>\n<li style=\"font-weight: 400\"><span style=\"font-weight: 400\">Defro DRX OPTI 250 V S<\/span><\/li>\n<li style=\"font-weight: 400\"><span style=\"font-weight: 400\">Defro DRX OPTI 300 H<\/span><\/li>\n<li style=\"font-weight: 400\"><span style=\"font-weight: 400\">Defro DRX OPTI 400 H<\/span><\/li>\n<li style=\"font-weight: 400\"><span style=\"font-weight: 400\">Defro DRX OPTI 500 H<\/span><\/li>\n<li style=\"font-weight: 400\"><span style=\"font-weight: 400\">Defro DRX OPTI 350 F<\/span><\/li>\n<li style=\"font-weight: 400\"><span style=\"font-weight: 400\">Defro DRX OPTI 450 F<\/span><\/li>\n<\/ul>\n<h2><span style=\"font-weight: 400\">Vilken filterupps\u00e4ttning skyddar mot  <\/span><\/h2>\n<p><span style=\"font-weight: 400\">Filterupps\u00e4ttningen inneh\u00e5ller <\/span><b>2 filter<\/b><span style=\"font-weight: 400\">:<\/span><\/p>\n<ul>\n<li style=\"font-weight: 400\"><span style=\"font-weight: 400\">Extrahera filter &#8211; M5 (ePM10 <\/span><span style=\"font-weight: 400\">55%<\/span><span style=\"font-weight: 400\">) &#8211; f\u00f6r MVHR-skydd<\/span><\/li>\n<li style=\"font-weight: 400\"><span style=\"font-weight: 400\">F\u00f6rs\u00f6rjningsfilter &#8211; M5(AC) (ePM10 <\/span><span style=\"font-weight: 400\">55%<\/span><span style=\"font-weight: 400\">) &#8211; f\u00f6r skydd av inomhusluften<\/span><\/li>\n<\/ul>\n<p><span style=\"font-weight: 400\">Denna filterupps\u00e4ttning f\u00f6ljer ISO 16890-standarden f\u00f6r partikelfiltreringseffektivitet.<\/span><b> <\/b><\/p>\n<p><span style=\"font-weight: 400\">Filter <\/span><b>M5-filter <\/b><span style=\"font-weight: 400\">f\u00e5ngar upp cirka <\/span><span style=\"font-weight: 400\">55%<\/span><span style=\"font-weight: 400\">  av partiklar som \u00e4r 10 mikrometer eller st\u00f6rre, t.ex. pollen, m\u00f6gelsporer, mj\u00e4ll fr\u00e5n husdjur och husdamm. Det \u00e4r   <\/span><span style=\"font-weight: 400\">utformad f\u00f6r att rena luften som sugs ut fr\u00e5n ditt inomhusutrymme, vilket bidrar till att minska synligt damm och allm\u00e4n ansamling i ventilationssystemet<\/span><span style=\"font-weight: 400\">. Detta s\u00e4nker energif\u00f6rbrukningen, h\u00e5ller enheten tyst och f\u00f6rl\u00e4nger systemets livsl\u00e4ngd.<\/span><\/p>\n<p><span style=\"font-weight: 400\">Filter <\/span><b>M5(AC)-filtret<\/b><span style=\"font-weight: 400\">  kombinerar partikelfiltrering med ett lager aktivt kol, som adsorberar ett brett spektrum av gasformiga f\u00f6roreningar och lukter. Den hj\u00e4lper till att avl\u00e4gsna flyktiga organiska f\u00f6reningar (VOC), formaldehyd, ozon, NO\u2082, SO\u2082, bensen, toluen, parfymer, husdjurslukt och r\u00f6krelaterade lukter.   <\/span> <span style=\"font-weight: 400\"> Den \u00e4r utformad f\u00f6r att rena utomhusluften som tillf\u00f6rs ditt hem, vilket f\u00f6rb\u00e4ttrar luftkvaliteten inomhus <\/span><span style=\"font-weight: 400\">i omr\u00e5den med h\u00f6gre utomhusf\u00f6roreningar eller hush\u00e5llslukter.<\/span><\/p>\n<h2><span style=\"font-weight: 400\">Anv\u00e4ndning och underh\u00e5ll  <\/span><\/h2>\n<p><span style=\"font-weight: 400\">Defro rekommenderar att filtren byts ut <\/span><b>filter var 6:e m\u00e5nad<\/b><span style=\"font-weight: 400\">f\u00f6r att s\u00e4kerst\u00e4lla optimal luftkvalitet och systemprestanda.<\/span><\/p>\n<p><span style=\"font-weight: 400\">Bytesfrekvensen kan dock variera beroende p\u00e5 faktorer som t.ex:<\/span><\/p>\n<ul>\n<li style=\"font-weight: 400\"><b>Luftf\u00f6roreningsniv\u00e5er<\/b><span style=\"font-weight: 400\"> (t.ex. stadsomr\u00e5den kontra landsbygd)<\/span><\/li>\n<li style=\"font-weight: 400\"><b>Allergier eller \u00f6verk\u00e4nslighet i andningsv\u00e4garna<\/b><\/li>\n<li style=\"font-weight: 400\"><b>Husdjur inomhus eller r\u00f6kning<\/b><\/li>\n<li style=\"font-weight: 400\"><b>Damm fr\u00e5n n\u00e4rliggande byggarbetsplatser<\/b><\/li>\n<\/ul>\n<p><span style=\"font-weight: 400\">Om ditt system inneh\u00e5ller en <\/span><b>indikator f\u00f6r filterbyte<\/b><span style=\"font-weight: 400\">och f\u00f6lj dess varningar. Kontrollera annars filtren visuellt &#8211; om de verkar mycket smutsiga eller igensatta \u00e4r det dags att byta ut dem. <\/span><\/p>\n<h2><span style=\"font-weight: 400\">Tillverkningskvalitet<\/span><\/h2>\n<p><span style=\"font-weight: 400\">Denna filterupps\u00e4ttning \u00e4r <\/span><b>tillverkad av Defro<\/b><span style=\"font-weight: 400\">, en p\u00e5litlig partner som vi har arbetat med i m\u00e5nga \u00e5r. Vi k\u00f6per alla produkter direkt fr\u00e5n dem, vilket garanterar \u00e4kthet och j\u00e4mn kvalitet.  Defros tillverkningsanl\u00e4ggningar,  <\/span><b>baserad i Polen<\/b><span style=\"font-weight: 400\">Uppr\u00e4tth\u00e5ller strikta europeiska produktionsstandarder. Deras avancerade filtreringsteknik och rigor\u00f6sa testprocesser garanterar optimal partikelretention, luftfl\u00f6deseffektivitet och produkttillf\u00f6rlitlighet. <\/span><\/p>\n<p><span style=\"font-weight: 400\">Dessa panelfilter \u00e4r tillverkade med <\/span><span style=\"font-weight: 400\">Z-line-teknik<\/span><span style=\"font-weight: 400\">, med t\u00e4tt veckad filtermedia monterad i en pappram. En s\u00e5dan konstruktion maximerar filtreringsytan, vilket f\u00f6rb\u00e4ttrar partikelavskiljningen och luftfl\u00f6deseffektiviteten. Den h\u00e4r typen av konstruktion ger en st\u00f6rre effektiv filtreringsyta, j\u00e4mnare luftfl\u00f6desf\u00f6rdelning, b\u00e4ttre partikelavskiljning och l\u00e4gre tryckfall.  <\/span><\/p>\n<p><span style=\"font-weight: 400\">Genom att anv\u00e4nda <\/span><b>original Defro-filter<\/b><span style=\"font-weight: 400\">garanterar du att ditt ventilationssystem fungerar enligt tillverkarens specifikationer och uppr\u00e4tth\u00e5ller b\u00e5de optimal inomhusluftkvalitet och energieffektivitet.<\/span><\/p>\n","protected":false},"excerpt":{"rendered":"<p>Modellkompatibilitet Kompatibel med f\u00f6ljande modeller: Defro DRX 300 V Defro DRX 400 V Defro DRX 500 V Defro DRX OPTI 300 V Defro DRX OPTI 400 V Defro DRX OPTI 500 V Defro DRX OPTI 250 V S Defro DRX OPTI 300 H Defro DRX OPTI 400 H Defro DRX OPTI 500 H Defro DRX [&hellip;]<\/p>\n","protected":false},"featured_media":25286,"comment_status":"open","ping_status":"closed","template":"","meta":{"_how_to_change":"<b>Instruktioner f\u00f6r byte av filter f\u00f6r Defro DRX V \/ OPTI V:<\/b>\n<ol>\n \t<li style=\"font-weight: 400\"><span style=\"font-weight: 400\"><strong>St\u00e4ng<\/strong> av <strong>enheten<\/strong>: Se till att enheten \u00e4r avst\u00e4ngd och bortkopplad fr\u00e5n eln\u00e4tet f\u00f6r att f\u00f6rhindra olyckor.<\/span><\/li>\n \t<li style=\"font-weight: 400\"><span style=\"font-weight: 400\"><strong>Tilltr\u00e4de till filterutrymmet<\/strong>: Leta reda p\u00e5 filterutrymmet, som n\u00e5s via frontpanelen.<\/span><\/li>\n \t<li style=\"font-weight: 400\"><span style=\"font-weight: 400\"><strong>Ta bort de gamla filtren<\/strong>: Ta f\u00f6rsiktigt bort de befintliga filtren. Notera filtrens orientering och placering f\u00f6r korrekt installation av de nya filtren. <\/span><\/li>\n \t<li style=\"font-weight: 400\"><span style=\"font-weight: 400\"><strong>Installera nya filter<\/strong>: Placera de nya filtren i facket och se till att de \u00e4r r\u00e4tt riktade och sitter ordentligt.<\/span><\/li>\n \t<li style=\"font-weight: 400\"><span style=\"font-weight: 400\"><strong>\u00c5termontera enheten:<\/strong> S\u00e4tt tillbaka alla paneler eller skydd som har tagits bort under processen.<\/span><\/li>\n \t<li style=\"font-weight: 400\"><span style=\"font-weight: 400\">Sl\u00e5 <strong>p\u00e5 enheten<\/strong>: Anslut apparaten till eln\u00e4tet igen och sl\u00e5 p\u00e5 str\u00f6mmen.<\/span><\/li>\n<\/ol>","_delivery_info":"<strong>Orderbehandlingstid<\/strong>\nAlla lagerf\u00f6rda produkter skickas inom 1-2 arbetsdagar, med undantag f\u00f6r tydligt m\u00e4rkta artiklar med l\u00e4ngre leveranstid (5-10 arbetsdagar).\n\n<strong>Fraktkostnader<\/strong>\nFrakt \u00e4r gratis f\u00f6r alla best\u00e4llningar \u00f6ver 59 \u20ac. F\u00f6r best\u00e4llningar upp till \u20ac59 ber\u00e4knas fraktkostnaden i kassan. \n\n<strong>Ordersp\u00e5rning<\/strong>\nN\u00e4r din <strong>order<\/strong> har skickats skickar vi dig ett bekr\u00e4ftelsemail med sp\u00e5rningsuppgifter s\u00e5 att du enkelt kan f\u00f6lja dess resa till dig.\n\n<strong>Bankdagar<\/strong>\nLeveranstiderna ber\u00e4knas i bankdagar - fr\u00e5n m\u00e5ndag till fredag, exklusive helgdagar.\n\n<strong>Enkel retur inom 30 dagar<\/strong>\nDu kan returnera alla produkter inom 30 dagar efter mottagandet f\u00f6r full \u00e5terbetalning - utan att st\u00e4lla n\u00e5gra fr\u00e5gor!\n\nOm du beh\u00f6ver returnera varor efter 30 dagar, v\u00e4nligen kontakta oss. Vi granskar dessa f\u00f6rfr\u00e5gningar fr\u00e5n fall till fall och kommer att g\u00f6ra v\u00e5rt b\u00e4sta f\u00f6r att hj\u00e4lpa till. \n\n<strong>Skick<\/strong> p\u00e5 returnerade produkter\nVi accepterar returer av oanv\u00e4nda produkter i intakt skick, inklusive produkter som \u00e4r of\u00f6rpackade men inte skadade. Produkter som \u00e4r skadade, smutsiga eller p\u00e5 annat s\u00e4tt oanv\u00e4ndbara kan inte accepteras f\u00f6r retur. \n\n<strong>Defekta eller felaktiga artiklar<\/strong>\nOm du f\u00e5r en defekt eller felaktig produkt, v\u00e4nligen kontakta oss omedelbart. Vi kommer att se till att problemet l\u00f6ses snabbt, eftersom din tillfredsst\u00e4llelse \u00e4r v\u00e5r h\u00f6gsta prioritet. \n\n<strong>Hur returnerar jag en vara?<\/strong>\nV\u00e4nligen kontakta oss innan du skickar tillbaka n\u00e5gra produkter. Vi ger dig information om returfrakt och hj\u00e4lper dig genom hela processen.  Vi st\u00e5r f\u00f6r alla kostnader f\u00f6r returfrakt.\n\n<strong>Tidslinje f\u00f6r behandling av \u00e5terbetalning<\/strong>\nN\u00e4r din returnerade produkt har levererats till oss kommer vi att kontrollera dess skick inom 5 arbetsdagar. \u00c5terbetalningar kommer att behandlas inom ytterligare 5 arbetsdagar efter godk\u00e4nnande, med hj\u00e4lp av den ursprungliga betalningsmetoden. \n\n<strong>\u00c4r det m\u00f6jligt att avbest\u00e4lla min order?<\/strong>\nJa, avbokningar \u00e4r m\u00f6jliga innan din best\u00e4llning har skickats.","_original_product_code":"","_shipped_within":"1-2 arbetsdagar","_product_quantity":2,"_enable_bulk_discount":"yes","_bulk_discount_rules":[{"min_quantity":2,"discount_percentage":5},{"min_quantity":3,"discount_percentage":10},{"min_quantity":4,"discount_percentage":15}]},"product_brand":[],"product_cat":[12946,12947],"product_tag":[],"class_list":{"0":"post-25285","1":"product","2":"type-product","3":"status-publish","4":"has-post-thumbnail","6":"product_cat-defro","7":"product_cat-defro-drx-opti-v","9":"first","10":"instock","11":"taxable","12":"shipping-taxable","13":"purchasable","14":"product-type-simple"},"_links":{"self":[{"href":"https:\/\/filtri.fi\/sv\/wp-json\/wp\/v2\/product\/25285","targetHints":{"allow":["GET"]}}],"collection":[{"href":"https:\/\/filtri.fi\/sv\/wp-json\/wp\/v2\/product"}],"about":[{"href":"https:\/\/filtri.fi\/sv\/wp-json\/wp\/v2\/types\/product"}],"replies":[{"embeddable":true,"href":"https:\/\/filtri.fi\/sv\/wp-json\/wp\/v2\/comments?post=25285"}],"wp:featuredmedia":[{"embeddable":true,"href":"https:\/\/filtri.fi\/sv\/wp-json\/wp\/v2\/media\/25286"}],"wp:attachment":[{"href":"https:\/\/filtri.fi\/sv\/wp-json\/wp\/v2\/media?parent=25285"}],"wp:term":[{"taxonomy":"product_brand","embeddable":true,"href":"https:\/\/filtri.fi\/sv\/wp-json\/wp\/v2\/product_brand?post=25285"},{"taxonomy":"product_cat","embeddable":true,"href":"https:\/\/filtri.fi\/sv\/wp-json\/wp\/v2\/product_cat?post=25285"},{"taxonomy":"product_tag","embeddable":true,"href":"https:\/\/filtri.fi\/sv\/wp-json\/wp\/v2\/product_tag?post=25285"}],"curies":[{"name":"wp","href":"https:\/\/api.w.org\/{rel}","templated":true}]}}