{"id":25354,"date":"2025-04-01T17:13:51","date_gmt":"2025-04-01T17:13:51","guid":{"rendered":"https:\/\/filtri.fi\/product\/atrea-duplex-ec5-ecv5-570-filterset-10-st-g4-original\/"},"modified":"2025-04-01T17:13:51","modified_gmt":"2025-04-01T14:13:51","slug":"atrea-duplex-ec5-ecv5-570-filterset-10-st-g4-original","status":"publish","type":"product","link":"https:\/\/filtri.fi\/sv\/produkt\/atrea-duplex-ec5-ecv5-570-filterset-10-st-g4-original\/","title":{"rendered":"Atrea Duplex EC5\/ECV5 570 filterset 10 st. G4 (original)"},"content":{"rendered":"<h2><span style=\"font-weight: 400;\">Modellkompatibilitet  <\/span><\/h2>\n<p><span style=\"font-weight: 400;\">Kompatibel med f\u00f6ljande modeller:<\/span><\/p>\n<ul>\n<li style=\"font-weight: 400;\"><span style=\"font-weight: 400;\">Atrea Duplex 570 EC5  <\/span><\/li>\n<li style=\"font-weight: 400;\"><span style=\"font-weight: 400;\">Atrea Duplex 570 EC5-E  <\/span><\/li>\n<li style=\"font-weight: 400;\"><span style=\"font-weight: 400;\">Atrea Duplex 570 EC5 RD5<\/span><\/li>\n<li style=\"font-weight: 400;\"><span style=\"font-weight: 400;\">Atrea Duplex 570 EC5 RD5 CF<\/span><\/li>\n<li style=\"font-weight: 400;\"><span style=\"font-weight: 400;\">Atrea Duplex 570 EC5 CP<\/span><\/li>\n<li style=\"font-weight: 400;\"><span style=\"font-weight: 400;\">Atrea Duplex 570 ECV5  <\/span><\/li>\n<li style=\"font-weight: 400;\"><span style=\"font-weight: 400;\">Atrea Duplex 570 ECV5-E<\/span><\/li>\n<\/ul>\n<h2><span style=\"font-weight: 400;\">Vilken filterupps\u00e4ttning skyddar mot  <\/span><\/h2>\n<p><span style=\"font-weight: 400;\">Filterpaketet inneh\u00e5ller <\/span><b>10 filter <\/b><span style=\"font-weight: 400;\">som kan anv\u00e4ndas som:<\/span><\/p>\n<ul>\n<li style=\"font-weight: 400;\"><span style=\"font-weight: 400;\">Extraktionsfilter &#8211; G4 (Grov 75%) &#8211; f\u00f6r MVHR-skydd<\/span><\/li>\n<li style=\"font-weight: 400;\"><span style=\"font-weight: 400;\">Tilluftsfilter &#8211; G4 (Grov 75%) &#8211; f\u00f6r skydd av inomhusluften<\/span><\/li>\n<\/ul>\n<p><span style=\"font-weight: 400;\">Detta filterpaket f\u00f6ljer ISO 16890-standarden f\u00f6r partikelfiltreringseffektivitet.  <\/span><\/p>\n<p><span style=\"font-weight: 400;\">G4-filter <\/span><b>G4-filter<\/b><span style=\"font-weight: 400;\">  f\u00e5ngar upp till 75% av grova luftburna partiklar som \u00e4r st\u00f6rre \u00e4n 10 mikrometer, t.ex. jordpartiklar, stora pollenkorn, v\u00e4xtrester, insektsvingar, s\u00e5gsp\u00e5n, sand och textilludd. Filtret som anv\u00e4nds p\u00e5 fr\u00e5nluftssidan renar den luft som avl\u00e4gsnas fr\u00e5n ditt inomhusutrymme och skyddar MVHR-enheten genom att minska synligt damm och allm\u00e4n ansamling i ventilationssystemet. Samtidigt hj\u00e4lper filtret som anv\u00e4nds p\u00e5 tilluftssidan till att rena inkommande utomhusluft innan den kommer in i dina lokaler, vilket f\u00f6rb\u00e4ttrar luftkvaliteten inomhus och skyddar din h\u00e4lsa. <\/span><\/p>\n<p><span style=\"font-weight: 400;\">F\u00f6rpackningen inneh\u00e5ller 10 filter, men endast 2 anv\u00e4nds \u00e5t g\u00e5ngen &#8211; ett f\u00f6r fr\u00e5nluftssidan och ett f\u00f6r tilluftssidan i ditt MVHR-system. Du kan anv\u00e4nda samma filtertyp f\u00f6r b\u00e5da. Men om du f\u00f6redrar en h\u00f6gre filterklass f\u00f6r tilluftssidan rekommenderar vi att du k\u00f6per ytterligare ett 10-pack F7-filter, eftersom de s\u00e4ljs separat. Du kan hitta dem via     <\/span><a href=\"https:\/\/filtriturg.ee\/product\/atrea-duplex-ec5-ecv5-570-filter-set-10pcs-f7-original\/\" target=\"_blank\" rel=\"noopener\"><span style=\"font-weight: 400;\">denna l\u00e4nk<\/span><\/a><span style=\"font-weight: 400;\">.<\/span><\/p>\n<h2><span style=\"font-weight: 400;\">Anv\u00e4ndning och underh\u00e5ll  <\/span><\/h2>\n<p><span style=\"font-weight: 400;\">Atrea <\/span><span style=\"font-weight: 400;\">rekommenderar att man byter ut <\/span><b>filter var 3:e m\u00e5nad<\/b><span style=\"font-weight: 400;\">f\u00f6r att s\u00e4kerst\u00e4lla optimal luftkvalitet och systemprestanda.<\/span><\/p>\n<p><span style=\"font-weight: 400;\">Bytesfrekvensen kan dock variera beroende p\u00e5 faktorer som t.ex:<\/span><\/p>\n<ul>\n<li style=\"font-weight: 400;\"><b>Luftf\u00f6roreningsniv\u00e5er<\/b><span style=\"font-weight: 400;\"> (t.ex. stadsomr\u00e5den kontra landsbygd)<\/span><\/li>\n<li style=\"font-weight: 400;\"><b>Allergier eller \u00f6verk\u00e4nslighet i andningsv\u00e4garna<\/b><\/li>\n<li style=\"font-weight: 400;\"><b>Husdjur inomhus eller r\u00f6kning<\/b><\/li>\n<li style=\"font-weight: 400;\"><b>Damm fr\u00e5n n\u00e4rliggande byggarbetsplatser<\/b><\/li>\n<\/ul>\n<p><span style=\"font-weight: 400;\">Om ditt system inneh\u00e5ller en <\/span><b>indikator f\u00f6r filterbyte<\/b><span style=\"font-weight: 400;\">och f\u00f6lj dess varningar. Kontrollera annars filtren visuellt &#8211; om de verkar mycket smutsiga eller igensatta \u00e4r det dags att byta ut dem. <\/span><\/p>\n<h2><span style=\"font-weight: 400;\">Tillverkningskvalitet<\/span><\/h2>\n<p><span style=\"font-weight: 400;\">Dessa filter \u00e4r <\/span><b>tillverkas av Atrea<\/b><span style=\"font-weight: 400;\">ett respekterat familje\u00e4gt f\u00f6retag baserat i <\/span><b>Tjeckien<\/b><span style=\"font-weight: 400;\">. Vid sidan av huvudanl\u00e4ggningen samordnar Atrea produktionen genom filialer och auktoriserade partners \u00f6ver hela Europa, d\u00e4r de uppr\u00e4tth\u00e5ller en strikt \u00f6vervakning av produktkvaliteten. Med \u00f6ver 30 \u00e5rs erfarenhet av ingenj\u00f6rsarbete i ryggen utformar Atrea sina produkter med fokus p\u00e5 energieffektivitet, med avancerade v\u00e4rmev\u00e4xlingssystem, automatisk klimatkontroll och banbrytande luftfl\u00f6desteknik.  Alla produkter genomg\u00e5r noggranna interna tester och uppfyller str\u00e4nga europeiska prestanda- och kvalitetsstandarder.<\/span><\/p>\n<p><span style=\"font-weight: 400;\">Dessa materialfilter \u00e4r tillverkade av h\u00f6gkvalitativa syntetiska non-woven media, utformade f\u00f6r att ge tillf\u00f6rlitlig partikelfiltrering med minimalt luftfl\u00f6desmotst\u00e5nd. Den h\u00e4r typen av filter \u00e4r l\u00e4tta, flexibla och l\u00e4tta att hantera vid byte. <\/span><\/p>\n<p><span style=\"font-weight: 400;\">V\u00e4lja <\/span><b>Atreas originalfilter<\/b><span style=\"font-weight: 400;\"> garanterar att ditt MVHR-system fungerar enligt tillverkarens specifikationer och uppr\u00e4tth\u00e5ller optimal luftkvalitet och energieffektivitet. <\/span> <\/p>\n<h2><span style=\"font-weight: 400;\">Ursprungliga produktkoder  <\/span><\/h2>\n<ul>\n<li><span style=\"font-weight: 400;\">A160977<\/span><\/li>\n<\/ul>\n","protected":false},"excerpt":{"rendered":"<p>Modellkompatibilitet Kompatibel med f\u00f6ljande modeller: Atrea Duplex 570 EC5 Atrea Duplex 570 EC5-E Atrea Duplex 570 EC5 RD5 Atrea Duplex 570 EC5 RD5 CF Atrea Duplex 570 EC5 CP Atrea Duplex 570 ECV5 Atrea Duplex 570 ECV5-E Vilken filterupps\u00e4ttning skyddar mot Filterpaketet inneh\u00e5ller 10 filter som kan anv\u00e4ndas som: Extraktionsfilter &#8211; G4 (Grov 75%) &#8211; [&hellip;]<\/p>\n","protected":false},"featured_media":25357,"comment_status":"open","ping_status":"closed","template":"","meta":{"_how_to_change":"<span style=\"font-weight: 400\">Anvisningar f\u00f6r byte av filter finns i manualen nedan:<\/span>\n\n<a href=\"https:\/\/filtriturg.ee\/wp-content\/uploads\/2025\/04\/Filter-Replacement-Manual-for-Atrea-Duplex-EC5-ECV5.pdf\">Filterbytesmanual f\u00f6r Atrea Duplex EC5 &amp; ECV5<\/a>\n\nhttps:\/\/www.youtube.com\/watch?v=4XsdBBEl4BM","_delivery_info":"<strong>Orderbehandlingstid<\/strong>\nAlla lagerf\u00f6rda produkter skickas inom 1-2 arbetsdagar, med undantag f\u00f6r tydligt m\u00e4rkta artiklar med l\u00e4ngre leveranstid (5-10 arbetsdagar).\n\n<strong>Fraktkostnader<\/strong>\nFrakt \u00e4r gratis f\u00f6r alla best\u00e4llningar \u00f6ver 59 \u20ac. F\u00f6r best\u00e4llningar upp till \u20ac59 ber\u00e4knas fraktkostnaden i kassan. \n\n<strong>Ordersp\u00e5rning<\/strong>\nN\u00e4r din <strong>order<\/strong> har skickats skickar vi dig ett bekr\u00e4ftelsemail med sp\u00e5rningsuppgifter s\u00e5 att du enkelt kan f\u00f6lja dess resa till dig.\n\n<strong>Bankdagar<\/strong>\nLeveranstiderna ber\u00e4knas i bankdagar - fr\u00e5n m\u00e5ndag till fredag, exklusive helgdagar.\n\n<strong>Enkel retur inom 30 dagar<\/strong>\nDu kan returnera alla produkter inom 30 dagar efter mottagandet f\u00f6r full \u00e5terbetalning - utan att st\u00e4lla n\u00e5gra fr\u00e5gor!\n\nOm du beh\u00f6ver returnera varor efter 30 dagar, v\u00e4nligen kontakta oss. Vi granskar dessa f\u00f6rfr\u00e5gningar fr\u00e5n fall till fall och kommer att g\u00f6ra v\u00e5rt b\u00e4sta f\u00f6r att hj\u00e4lpa till. \n\n<strong>Skick<\/strong> p\u00e5 returnerade produkter\nVi accepterar returer av oanv\u00e4nda produkter i intakt skick, inklusive produkter som \u00e4r of\u00f6rpackade men inte skadade. Produkter som \u00e4r skadade, smutsiga eller p\u00e5 annat s\u00e4tt oanv\u00e4ndbara kan inte accepteras f\u00f6r retur. \n\n<strong>Defekta eller felaktiga artiklar<\/strong>\nOm du f\u00e5r en defekt eller felaktig produkt, v\u00e4nligen kontakta oss omedelbart. Vi kommer att se till att problemet l\u00f6ses snabbt, eftersom din tillfredsst\u00e4llelse \u00e4r v\u00e5r h\u00f6gsta prioritet. \n\n<strong>Hur returnerar jag en vara?<\/strong>\nV\u00e4nligen kontakta oss innan du skickar tillbaka n\u00e5gra produkter. Vi ger dig information om returfrakt och hj\u00e4lper dig genom hela processen.  Vi st\u00e5r f\u00f6r alla kostnader f\u00f6r returfrakt.\n\n<strong>Tidslinje f\u00f6r behandling av \u00e5terbetalning<\/strong>\nN\u00e4r din returnerade produkt har levererats till oss kommer vi att kontrollera dess skick inom 5 arbetsdagar. \u00c5terbetalningar kommer att behandlas inom ytterligare 5 arbetsdagar efter godk\u00e4nnande, med hj\u00e4lp av den ursprungliga betalningsmetoden. \n\n<strong>\u00c4r det m\u00f6jligt att avbest\u00e4lla min order?<\/strong>\nJa, avbokningar \u00e4r m\u00f6jliga innan din best\u00e4llning har skickats.","_original_product_code":"A160977","_shipped_within":"1-2 arbetsdagar","_product_quantity":10,"_enable_bulk_discount":"yes","_bulk_discount_rules":[{"min_quantity":2,"discount_percentage":5},{"min_quantity":3,"discount_percentage":10},{"min_quantity":4,"discount_percentage":15}]},"product_brand":[],"product_cat":[12790,13033,13070],"product_tag":[],"class_list":{"0":"post-25354","1":"product","2":"type-product","3":"status-publish","4":"has-post-thumbnail","6":"product_cat-atrea","7":"product_cat-atrea-duplex-ec5-ecv5","8":"product_cat-atrea-duplex-ec5-ecv5-570","10":"first","11":"instock","12":"taxable","13":"shipping-taxable","14":"purchasable","15":"product-type-simple"},"_links":{"self":[{"href":"https:\/\/filtri.fi\/sv\/wp-json\/wp\/v2\/product\/25354","targetHints":{"allow":["GET"]}}],"collection":[{"href":"https:\/\/filtri.fi\/sv\/wp-json\/wp\/v2\/product"}],"about":[{"href":"https:\/\/filtri.fi\/sv\/wp-json\/wp\/v2\/types\/product"}],"replies":[{"embeddable":true,"href":"https:\/\/filtri.fi\/sv\/wp-json\/wp\/v2\/comments?post=25354"}],"wp:featuredmedia":[{"embeddable":true,"href":"https:\/\/filtri.fi\/sv\/wp-json\/wp\/v2\/media\/25357"}],"wp:attachment":[{"href":"https:\/\/filtri.fi\/sv\/wp-json\/wp\/v2\/media?parent=25354"}],"wp:term":[{"taxonomy":"product_brand","embeddable":true,"href":"https:\/\/filtri.fi\/sv\/wp-json\/wp\/v2\/product_brand?post=25354"},{"taxonomy":"product_cat","embeddable":true,"href":"https:\/\/filtri.fi\/sv\/wp-json\/wp\/v2\/product_cat?post=25354"},{"taxonomy":"product_tag","embeddable":true,"href":"https:\/\/filtri.fi\/sv\/wp-json\/wp\/v2\/product_tag?post=25354"}],"curies":[{"name":"wp","href":"https:\/\/api.w.org\/{rel}","templated":true}]}}